{"id":19659,"date":"2024-02-09T09:03:51","date_gmt":"2024-02-09T09:03:51","guid":{"rendered":"https:\/\/medienlb.com\/?post_type=product&#038;p=19659"},"modified":"2025-12-08T17:24:56","modified_gmt":"2025-12-08T17:24:56","slug":"lasercutter","status":"publish","type":"product","link":"https:\/\/www.medienlb.com\/en\/produkt\/lasercutter\/","title":{"rendered":"Mr Beam II dreamcut [x]"},"content":{"rendered":"<p>Verwandle deinen Schreibtisch in eine Werkstatt und entdecke die unendlichen M\u00f6glichkeiten des Mr Beam Lasercutters! Ob Personalisierungen, Veredelungen oder das Erschaffen ganzer Modelle &#8211; der Mr Beam l\u00e4sst dich nicht im Stich und du kannst deiner Kreativit\u00e4t freien Lauf lassen.<\/p>\n<hr \/>\n<p>Link zum Hersteller:<\/p>\n<ul>\n<li><span style=\"color: #3366ff;\"><a style=\"color: #3366ff;\" href=\"https:\/\/www.mr-beam.org\/\" target=\"_blank\" rel=\"noopener\">MR Beam dreamcut [x]<\/a><\/span><\/li>\n<li><a href=\"https:\/\/www.mr-beam.org\/collections\/mr-beam-geraete\" target=\"_blank\" rel=\"noopener\"><span style=\"color: #3366ff;\">Mr Beam Air Filter III<\/span><\/a><\/li>\n<\/ul>\n<hr \/>\n<p>Link zu inspirierendem <span style=\"color: #3366ff;\"><a style=\"color: #3366ff;\" href=\"https:\/\/www.medienlb.com\/wp-content\/uploads\/2024\/01\/2024_01_30-BGM-LASERCUTTER_Druck.pdf\" target=\"_blank\" rel=\"noopener\">Begleitmaterial<\/a><\/span><\/p>\n<hr \/>\n<p><span style=\"color: #3366ff;\"><a style=\"color: #3366ff;\" href=\"https:\/\/www.medienlb.com\/wp-content\/uploads\/2024\/07\/2024_07_10-Linkliste-Lasercutter-1.pdf\" target=\"_blank\" rel=\"noopener\">Linkliste<\/a><\/span>\u00a0zu gro\u00dfen Bauplan-Sammlungen(SVG) und Software<\/p>\n<hr \/>\n<p><a href=\"https:\/\/www.medienlb.com\/wp-content\/uploads\/2025\/02\/Broschuere__Sicherer_Umgang_mit_Laserbearbeitungsmaschinen_in_der_Schule_final.pdf\" target=\"_blank\" rel=\"noopener\"><span style=\"color: #3366ff;\">Link zur Brosch\u00fcre<\/span><\/a><span style=\"color: #3366ff;\">:<\/span> Sicherer Umgang mit Laserbearbeitungsmaschinen in der Schule<\/p>\n<hr \/>\n<p>Hier der Link zum<a href=\"https:\/\/www.medienlb.com\/produkt\/was-ist-ein-lasercutter\/\" target=\"_blank\" rel=\"noopener\"><span style=\"color: #3366ff;\"> FILM<\/span><\/a><\/p>\n<p>&nbsp;<\/p>\n","protected":false},"excerpt":{"rendered":"<p><span style=\"white-space: pre-wrap;\">Verwandle deinen Schreibtisch in eine Werkstatt und entdecke die unendlichen M\u00f6glichkeiten des Mr Beam Lasercutters!<\/span><\/p>\n","protected":false},"featured_media":20356,"template":"","meta":{"_acf_changed":false},"product_brand":[],"product_cat":[75],"product_tag":[],"class_list":{"0":"post-19659","1":"product","2":"type-product","3":"status-publish","4":"has-post-thumbnail","6":"product_cat-hardware","8":"first","9":"instock","10":"taxable","11":"shipping-taxable","12":"purchasable","13":"product-type-variable"},"acf":{"subtitle":"Desktop Lasercutter","article_id":"MS_01_55504907","languages":"","thumb_up":false,"cover_image":"","linked_product":35276,"linked_products":null,"banner":{"show":true,"text":"","color":""},"length":"","content_movie":"","learning_goals":"","preview_gif":"","trailer":{"file":"","url":"","image":""},"mediathek_id":"","amount":"","demo_url":"","h5p_demo_id":"","content_interactive":"","hide_numbers":false,"flyer":35741,"info_columns":[{"heading":"","content":"<h4 data-end=\"224\" data-start=\"172\">Das Deluxe Bundle \u2013 alles drin, was du brauchst!\r\n<strong>\u20ac 4999,00<\/strong><\/h4>\r\n<p data-end=\"520\" data-start=\"226\">Starte dein Laserprojekt mit der <strong data-end=\"295\" data-start=\"259\">neuen 20W dreamcut [xx] Variante<\/strong> \u2013 im Komplettset inklusive <strong data-end=\"341\" data-start=\"323\">Air Filter III<\/strong> und umfangreichem Zubeh\u00f6r. Egal ob f\u00fcr dein kreatives Business, dein Hobby oder f\u00fcr den Einsatz in Schulen &amp; Bildungseinrichtungen: Auspacken, anschlie\u00dfen und direkt loslasern!<\/p>\r\n<p data-end=\"580\" data-start=\"522\">\ud83d\udcb8 \u00dcber <strong data-end=\"549\" data-start=\"530\">200 \u20ac g\u00fcnstiger<\/strong> im Vergleich zum Einzelkauf!<\/p>\r\n<p data-end=\"647\" data-start=\"582\">Auch als Variante mit <strong data-end=\"634\" data-start=\"604\">Mr Beam Rotary Erweiterung<\/strong> verf\u00fcgbar.<\/p>\r\n<img class=\"alignnone wp-image-35736\" src=\"https:\/\/www.medienlb.com\/wp-content\/uploads\/2024\/02\/Mr-Beam-II-dreamcut-xx-Air-Filter-III-Bundle-300x200.png\" alt=\"\" width=\"503\" height=\"335\" \/>"},{"heading":"","content":"<h4 data-end=\"270\" data-start=\"229\">Mr Beam Rotary \u2013 Jetzt bist du dran!\r\n\u20ac419,00<\/h4>\r\n<p data-end=\"560\" data-start=\"271\">Mit der <strong data-end=\"303\" data-start=\"285\">Mr Beam Rotary<\/strong> gravierst du zylindrische und runde Objekte pr\u00e4zise und kreativ. Ob Edelstahlflaschen (vorbehandelt mit markSolid Spray), Kerzengl\u00e4ser, Tumbler oder die beliebten St\u00f6lze-Gl\u00e4ser \u2013 die Rotary-Einheit erweitert dein <strong data-end=\"527\" data-start=\"504\">Mr Beam Lasersystem<\/strong> um eine v\u00f6llig neue Dimension.<\/p>\r\n<p data-end=\"727\" data-start=\"562\">In Kombination mit der <strong data-end=\"613\" data-start=\"585\">Mr Beam Height Extension<\/strong> bearbeitest du nicht nur flache, sondern auch h\u00f6here und runde Objekte \u2013 f\u00fcr maximale Kreativit\u00e4t ohne Grenzen.<\/p>\r\n&nbsp;\r\n\r\n<img class=\"alignnone wp-image-35738\" src=\"https:\/\/www.medienlb.com\/wp-content\/uploads\/2024\/02\/Mr-Beam-Rotary-300x169.jpg\" alt=\"\" width=\"428\" height=\"241\" \/>\r\n\r\n&nbsp;"},{"heading":"","content":"<h4>Die gesamte Mr Beam Produktliste samt Preise:<\/h4>\r\n<a href=\"https:\/\/www.medienlb.com\/wp-content\/uploads\/2024\/02\/2025_12_08-Gesamtpreisliste-auf-Website.pdf\" target=\"_blank\" rel=\"noopener\"><img class=\"alignnone wp-image-35742\" src=\"https:\/\/www.medienlb.com\/wp-content\/uploads\/2024\/02\/2025-12-08-15_49_55-2025_12_08-Gesamtpreisliste-auf-Website.pdf-Adobe-Acrobat-64-bit-247x300.png\" alt=\"\" width=\"405\" height=\"492\" \/><\/a>"}]},"_links":{"self":[{"href":"https:\/\/www.medienlb.com\/en\/wp-json\/wp\/v2\/product\/19659","targetHints":{"allow":["GET"]}}],"collection":[{"href":"https:\/\/www.medienlb.com\/en\/wp-json\/wp\/v2\/product"}],"about":[{"href":"https:\/\/www.medienlb.com\/en\/wp-json\/wp\/v2\/types\/product"}],"acf:post":[{"embeddable":true,"href":"https:\/\/www.medienlb.com\/en\/wp-json\/wp\/v2\/product\/35276"}],"wp:featuredmedia":[{"embeddable":true,"href":"https:\/\/www.medienlb.com\/en\/wp-json\/wp\/v2\/media\/20356"}],"wp:attachment":[{"href":"https:\/\/www.medienlb.com\/en\/wp-json\/wp\/v2\/media?parent=19659"}],"wp:term":[{"taxonomy":"product_brand","embeddable":true,"href":"https:\/\/www.medienlb.com\/en\/wp-json\/wp\/v2\/product_brand?post=19659"},{"taxonomy":"product_cat","embeddable":true,"href":"https:\/\/www.medienlb.com\/en\/wp-json\/wp\/v2\/product_cat?post=19659"},{"taxonomy":"product_tag","embeddable":true,"href":"https:\/\/www.medienlb.com\/en\/wp-json\/wp\/v2\/product_tag?post=19659"}],"curies":[{"name":"wp","href":"https:\/\/api.w.org\/{rel}","templated":true}]}}