{"id":16049,"date":"2023-12-20T18:05:17","date_gmt":"2023-12-20T18:05:17","guid":{"rendered":"https:\/\/medienlb.com\/produkt\/methoden-der-theaterpaedagogik-2\/"},"modified":"2025-02-07T13:49:32","modified_gmt":"2025-02-07T13:49:32","slug":"methoden-der-theaterpaedagogik-2","status":"publish","type":"product","link":"https:\/\/www.medienlb.com\/en\/produkt\/methoden-der-theaterpaedagogik-2\/","title":{"rendered":"Methoden der Theaterp\u00e4dagogik"},"content":{"rendered":"<p>Mit den Methoden der Theaterp\u00e4dagogik k\u00f6nnen Lehrerinnen und Lehrer mit ihren Sch\u00fclerinnen und Sch\u00fclern Bereiche erschlie\u00dfen, die der \u201egew\u00f6hnlichen\u201c P\u00e4dagogik verschlossen bleiben.<br \/>\nDurch die unmittelbare Auseinandersetzung mit K\u00f6rperlichkeit und Emotionalit\u00e4t entdecken die Sch\u00fclerinnen und Sch\u00fcler ein ganz neues Selbstbewusstsein und Ausdrucksm\u00f6glichkeiten.<br \/>\nDer Film begleitet ein Projekt einer 8. Klasse zum Thema \u201eAngst\u201c und f\u00fchrt eindrucksvoll vor Augen, wie eine Klasse miteinander interagiert und das Thema erarbeitet.<br \/>\nDie theaterp\u00e4dagogischen Konzepte von Michael Tschechow und Augusto Boal werden in einem abschlie\u00dfenden Kapitel vorgestellt und in der praktischen Umsetzung gezeigt.<br \/>\nDer Film richtet sich an Lehrkr\u00e4fte, die ihr Methodenrepertoire erweitern m\u00f6chten.<\/p>\n","protected":false},"excerpt":{"rendered":"<p>Mit den Methoden der Theaterp\u00e4dagogik k\u00f6nnen Lehrerinnen und Lehrer mit ihren Sch\u00fclerinnen und Sch\u00fclern Bereiche erschlie\u00dfen, die der \u201egew\u00f6hnlichen\u201c P\u00e4dagogik verschlossen bleiben.<\/p>\n","protected":false},"featured_media":16047,"template":"","meta":{"_acf_changed":false},"product_brand":[],"product_cat":[70],"product_tag":[121,143],"class_list":{"0":"post-16049","1":"product","2":"type-product","3":"status-publish","4":"has-post-thumbnail","6":"product_cat-film","7":"product_tag-subject-lehrerfortbildung","8":"product_tag-target-lehrkraefte","9":"product_shipping_class-dvd-versand","11":"first","12":"instock","13":"taxable","14":"shipping-taxable","15":"purchasable","16":"product-type-variable"},"acf":{"subtitle":"Weiterf\u00fchrende Schulen","article_id":"46500928 \/ 55500684","languages":"DE","thumb_up":false,"cover_image":27851,"linked_product":"","linked_products":null,"banner":{"show":true,"text":"","color":""},"length":"27:08 min","content_movie":"Im ausf\u00fchrlichen Datenteil der DVD 10 Seiten Zusatzmaterial.","learning_goals":"","preview_gif":16046,"trailer":{"file":"","url":"https:\/\/www.lehrmediathek.de\/trailer\/Trailer_Methoden_Theaterpaedagogik.mp4","image":16055},"mediathek_id":645,"amount":"","demo_url":"","h5p_demo_id":"","content_interactive":"","hide_numbers":false,"flyer":"","info_columns":null},"_links":{"self":[{"href":"https:\/\/www.medienlb.com\/en\/wp-json\/wp\/v2\/product\/16049","targetHints":{"allow":["GET"]}}],"collection":[{"href":"https:\/\/www.medienlb.com\/en\/wp-json\/wp\/v2\/product"}],"about":[{"href":"https:\/\/www.medienlb.com\/en\/wp-json\/wp\/v2\/types\/product"}],"wp:featuredmedia":[{"embeddable":true,"href":"https:\/\/www.medienlb.com\/en\/wp-json\/wp\/v2\/media\/16047"}],"wp:attachment":[{"href":"https:\/\/www.medienlb.com\/en\/wp-json\/wp\/v2\/media?parent=16049"}],"wp:term":[{"taxonomy":"product_brand","embeddable":true,"href":"https:\/\/www.medienlb.com\/en\/wp-json\/wp\/v2\/product_brand?post=16049"},{"taxonomy":"product_cat","embeddable":true,"href":"https:\/\/www.medienlb.com\/en\/wp-json\/wp\/v2\/product_cat?post=16049"},{"taxonomy":"product_tag","embeddable":true,"href":"https:\/\/www.medienlb.com\/en\/wp-json\/wp\/v2\/product_tag?post=16049"}],"curies":[{"name":"wp","href":"https:\/\/api.w.org\/{rel}","templated":true}]}}