{"id":16038,"date":"2023-12-20T18:05:17","date_gmt":"2023-12-20T18:05:17","guid":{"rendered":"https:\/\/medienlb.com\/produkt\/methoden-der-theaterpaedagogik\/"},"modified":"2025-02-07T13:49:37","modified_gmt":"2025-02-07T13:49:37","slug":"methoden-der-theaterpaedagogik","status":"publish","type":"product","link":"https:\/\/www.medienlb.com\/en\/produkt\/methoden-der-theaterpaedagogik\/","title":{"rendered":"Methoden der Theaterp\u00e4dagogik"},"content":{"rendered":"<p>Die Methoden der Theaterp\u00e4dagogik erlauben es den Sch\u00fclerinnen und Sch\u00fclern, ihr kreatives Potenzial zu erkunden und zu erweitern.<br \/>\nSowohl f\u00fcr die Arbeit mit Spannungen in der Klasse als auch f\u00fcr die Erarbeitung literarischer Texte finden Lehrkr\u00e4fte eine F\u00fclle von Anregungen, in vorliegendem Medium vorrangig f\u00fcr die Grundschule.<br \/>\nAufnahmen von theaterp\u00e4dagogischen Workshops mit einer Grundschulklasse und einer Gruppe von jungen Lehrern zeigen die praktische Umsetzung der verschiedenen theoretischen Ans\u00e4tze.<\/p>\n","protected":false},"excerpt":{"rendered":"<p>Die Methoden der Theaterp\u00e4dagogik erlauben es den Sch\u00fclerinnen und Sch\u00fclern, ihr kreatives Potenzial zu erkunden und zu erweitern.<\/p>\n","protected":false},"featured_media":16036,"template":"","meta":{"_acf_changed":false},"product_brand":[],"product_cat":[70],"product_tag":[121,143],"class_list":{"0":"post-16038","1":"product","2":"type-product","3":"status-publish","4":"has-post-thumbnail","6":"product_cat-film","7":"product_tag-subject-lehrerfortbildung","8":"product_tag-target-lehrkraefte","9":"product_shipping_class-dvd-versand","11":"first","12":"instock","13":"taxable","14":"shipping-taxable","15":"purchasable","16":"product-type-variable"},"acf":{"subtitle":"Grundschule","article_id":"46502034 \/ 55501638","languages":"DE","thumb_up":false,"cover_image":27853,"linked_product":"","linked_products":null,"banner":{"show":true,"text":"","color":""},"length":"20:44 min","content_movie":"Im ausf\u00fchrlichen Datenteil der DVD 12 Seiten Zusatzmaterial.","learning_goals":"","preview_gif":16035,"trailer":{"file":"","url":"https:\/\/www.lehrmediathek.de\/trailer\/Theaterpaedagogik_GRU_Trailer.mp4","image":16044},"mediathek_id":648,"amount":"","demo_url":"","h5p_demo_id":"","content_interactive":"","hide_numbers":false,"flyer":"","info_columns":null},"_links":{"self":[{"href":"https:\/\/www.medienlb.com\/en\/wp-json\/wp\/v2\/product\/16038","targetHints":{"allow":["GET"]}}],"collection":[{"href":"https:\/\/www.medienlb.com\/en\/wp-json\/wp\/v2\/product"}],"about":[{"href":"https:\/\/www.medienlb.com\/en\/wp-json\/wp\/v2\/types\/product"}],"wp:featuredmedia":[{"embeddable":true,"href":"https:\/\/www.medienlb.com\/en\/wp-json\/wp\/v2\/media\/16036"}],"wp:attachment":[{"href":"https:\/\/www.medienlb.com\/en\/wp-json\/wp\/v2\/media?parent=16038"}],"wp:term":[{"taxonomy":"product_brand","embeddable":true,"href":"https:\/\/www.medienlb.com\/en\/wp-json\/wp\/v2\/product_brand?post=16038"},{"taxonomy":"product_cat","embeddable":true,"href":"https:\/\/www.medienlb.com\/en\/wp-json\/wp\/v2\/product_cat?post=16038"},{"taxonomy":"product_tag","embeddable":true,"href":"https:\/\/www.medienlb.com\/en\/wp-json\/wp\/v2\/product_tag?post=16038"}],"curies":[{"name":"wp","href":"https:\/\/api.w.org\/{rel}","templated":true}]}}