{"id":16027,"date":"2023-12-20T18:05:17","date_gmt":"2023-12-20T18:05:17","guid":{"rendered":"https:\/\/medienlb.com\/produkt\/distanzunterricht\/"},"modified":"2025-07-11T05:23:57","modified_gmt":"2025-07-11T05:23:57","slug":"distanzunterricht","status":"publish","type":"product","link":"https:\/\/www.medienlb.com\/en\/produkt\/distanzunterricht\/","title":{"rendered":"Distanzunterricht"},"content":{"rendered":"<p>Die Schulschlie\u00dfungen der Coronapandemie \u00f6ffnen den Blick auf die M\u00f6glichkeiten, die sich f\u00fcr den Distanzunterricht ergeben. Der Film zeigt die Sicht von Sch\u00fclerInnen, LehrerInnen und Eltern auf die Zeit der Schulschlie\u00dfungen und zeigt in zahlreichen Interviews mit ExpertInnen, wie die Institution Schule darauf reagieren und Distanzunterricht effektiv gestalten kann.Welcher technischen Voraussetzungen es bedarf, was bei Videokonferenzen beachtet werden soll, das wird anschaulich erl\u00e4utert. Die Produktion eignet sich f\u00fcr Lehrkr\u00e4fte, die nach M\u00f6glichkeiten suchen, einfach, effizient und vor allem, schnell, Distanzunterricht zu gestalten.<br \/>\nIm ausf\u00fchrlichen Datenteil der DVD 40\u00a0Seiten Unterrichts- und Begleitmaterial.<br \/>\n<img decoding=\"async\" src=\"https:\/\/www.medienlb.com\/wp-content\/uploads\/2025\/07\/Comenius-award-logo-1-1-e1752210831274.png\" alt=\"Comenius\" \/><\/p>\n","protected":false},"excerpt":{"rendered":"<p>Die Schulschlie\u00dfungen der Coronapandemie \u00f6ffnen den Blick auf die M\u00f6glichkeiten, die sich f\u00fcr den Distanzunterricht ergeben. Der Film zeigt die Sicht von Sch\u00fclerInnen, LehrerInnen und Eltern auf die Zeit der Schulschlie\u00dfungen und zeigt in zahlreichen Interviews mit ExpertInnen, wie die Institution Schule darauf reagieren und Distanzunterricht effektiv gestalten kann.Welcher technischen Voraussetzungen es bedarf, was bei Videokonferenzen beachtet werden soll, das wird anschaulich erl\u00e4utert. Die Produktion eignet sich f\u00fcr Lehrkr\u00e4fte, die nach M\u00f6glichkeiten suchen, einfach, effizient und vor allem, schnell, Distanzunterricht zu gestalten.<\/p>\n","protected":false},"featured_media":16025,"template":"","meta":{"_acf_changed":false},"product_brand":[],"product_cat":[70],"product_tag":[121,143],"class_list":{"0":"post-16027","1":"product","2":"type-product","3":"status-publish","4":"has-post-thumbnail","6":"product_cat-film","7":"product_tag-subject-lehrerfortbildung","8":"product_tag-target-lehrkraefte","9":"product_shipping_class-dvd-versand","11":"first","12":"instock","13":"taxable","14":"shipping-taxable","15":"purchasable","16":"product-type-variable"},"acf":{"subtitle":"Aus der Krise die Zukunft gestalten!","article_id":"46502826 \/ 55502428","languages":"DE","thumb_up":false,"cover_image":27855,"linked_product":"","linked_products":null,"banner":{"show":true,"text":"","color":""},"length":"26:03 min","content_movie":"","learning_goals":"","preview_gif":16024,"trailer":{"file":"","url":"https:\/\/www.lehrmediathek.de\/trailer\/Distanzunterricht_Trailer.mp4","image":16033},"mediathek_id":665,"amount":"","demo_url":"","h5p_demo_id":"","content_interactive":"","hide_numbers":false,"flyer":"","info_columns":null},"_links":{"self":[{"href":"https:\/\/www.medienlb.com\/en\/wp-json\/wp\/v2\/product\/16027","targetHints":{"allow":["GET"]}}],"collection":[{"href":"https:\/\/www.medienlb.com\/en\/wp-json\/wp\/v2\/product"}],"about":[{"href":"https:\/\/www.medienlb.com\/en\/wp-json\/wp\/v2\/types\/product"}],"wp:featuredmedia":[{"embeddable":true,"href":"https:\/\/www.medienlb.com\/en\/wp-json\/wp\/v2\/media\/16025"}],"wp:attachment":[{"href":"https:\/\/www.medienlb.com\/en\/wp-json\/wp\/v2\/media?parent=16027"}],"wp:term":[{"taxonomy":"product_brand","embeddable":true,"href":"https:\/\/www.medienlb.com\/en\/wp-json\/wp\/v2\/product_brand?post=16027"},{"taxonomy":"product_cat","embeddable":true,"href":"https:\/\/www.medienlb.com\/en\/wp-json\/wp\/v2\/product_cat?post=16027"},{"taxonomy":"product_tag","embeddable":true,"href":"https:\/\/www.medienlb.com\/en\/wp-json\/wp\/v2\/product_tag?post=16027"}],"curies":[{"name":"wp","href":"https:\/\/api.w.org\/{rel}","templated":true}]}}