{"id":16005,"date":"2023-12-20T18:05:17","date_gmt":"2023-12-20T18:05:17","guid":{"rendered":"https:\/\/medienlb.com\/produkt\/entspannungstechniken\/"},"modified":"2025-02-07T13:49:51","modified_gmt":"2025-02-07T13:49:51","slug":"entspannungstechniken","status":"publish","type":"product","link":"https:\/\/www.medienlb.com\/en\/produkt\/entspannungstechniken\/","title":{"rendered":"Entspannungstechniken"},"content":{"rendered":"<p>Stress ist ein allgegenw\u00e4rtiges Problem, das bereits Kinder im Schulalter betrifft.<br \/>\nDie sch\u00e4dlichen Auswirkungen auf K\u00f6rper und Seele sind bekannt.<br \/>\nDer Film stellt drei wichtige Entspannungstechniken vor, die Lehrkr\u00e4fte mit ihren Sch\u00fclerinnen und Sch\u00fcler im Klassenzimmer durchf\u00fchren und ein\u00fcben k\u00f6nnen.<br \/>\nDie aus den USA stammende Methode der Klopfakupressur wird in diesem Film mit f\u00fcr Sch\u00fclerinnen und Sch\u00fcler leicht nachvollziehbaren \u00dcbungen eingef\u00fchrt.<br \/>\nYoga\u00fcbungen schulen die Achtsamkeit und trainieren die Muskulatur.<br \/>\nIn einem abschlie\u00dfenden Kapitel wird die Entspannungstechnik der Meditation vorgestellt.<br \/>\nIn Verbindung mit dem umfangreichen Zusatzmaterial (Testfragen, Glossar, Interaktive Aufgaben, Arbeitsbl\u00e4tter) bietet das Medium Lehrkr\u00e4ften eine F\u00fclle an M\u00f6glichkeiten, sowohl den Pr\u00e4senz- als auch den Distanzunterricht mit Entspannungs\u00fcbungen zu bereichern.<br \/>\nDie interaktiven Aufgaben, das Glossar und die Testfragen wurden mit H5P erstellt und k\u00f6nnen ohne weitere Software verwendet werden.<\/p>\n","protected":false},"excerpt":{"rendered":"<p>Stress ist ein allgegenw\u00e4rtiges Problem, das bereits Kinder im Schulalter betrifft.<\/p>\n","protected":false},"featured_media":16003,"template":"","meta":{"_acf_changed":false},"product_brand":[],"product_cat":[70],"product_tag":[121,143],"class_list":{"0":"post-16005","1":"product","2":"type-product","3":"status-publish","4":"has-post-thumbnail","6":"product_cat-film","7":"product_tag-subject-lehrerfortbildung","8":"product_tag-target-lehrkraefte","9":"product_shipping_class-dvd-versand","11":"first","12":"instock","13":"taxable","14":"shipping-taxable","15":"purchasable","16":"product-type-variable"},"acf":{"subtitle":"Yoga, Klopfen, Meditation","article_id":"46502157 \/ 55501782","languages":"DE","thumb_up":false,"cover_image":27859,"linked_product":"","linked_products":null,"banner":{"show":true,"text":"","color":""},"length":"26:00 min","content_movie":"Im ausf\u00fchrlichen Datenteil der DVD 60 Seiten Unterrichts- und Begleitmaterial, davon:\r\n24 Seiten Arbeitsbl\u00e4tter und Erg\u00e4nzungen mit L\u00f6sungen\r\n20 Testaufgaben\r\n8 Interaktive Aufgaben","learning_goals":"","preview_gif":16002,"trailer":{"file":"","url":"https:\/\/www.lehrmediathek.de\/trailer\/Trailer_Entspannungstechniken.mp4","image":16011},"mediathek_id":672,"amount":"","demo_url":"","h5p_demo_id":"","content_interactive":"","hide_numbers":false,"flyer":"","info_columns":null},"_links":{"self":[{"href":"https:\/\/www.medienlb.com\/en\/wp-json\/wp\/v2\/product\/16005","targetHints":{"allow":["GET"]}}],"collection":[{"href":"https:\/\/www.medienlb.com\/en\/wp-json\/wp\/v2\/product"}],"about":[{"href":"https:\/\/www.medienlb.com\/en\/wp-json\/wp\/v2\/types\/product"}],"wp:featuredmedia":[{"embeddable":true,"href":"https:\/\/www.medienlb.com\/en\/wp-json\/wp\/v2\/media\/16003"}],"wp:attachment":[{"href":"https:\/\/www.medienlb.com\/en\/wp-json\/wp\/v2\/media?parent=16005"}],"wp:term":[{"taxonomy":"product_brand","embeddable":true,"href":"https:\/\/www.medienlb.com\/en\/wp-json\/wp\/v2\/product_brand?post=16005"},{"taxonomy":"product_cat","embeddable":true,"href":"https:\/\/www.medienlb.com\/en\/wp-json\/wp\/v2\/product_cat?post=16005"},{"taxonomy":"product_tag","embeddable":true,"href":"https:\/\/www.medienlb.com\/en\/wp-json\/wp\/v2\/product_tag?post=16005"}],"curies":[{"name":"wp","href":"https:\/\/api.w.org\/{rel}","templated":true}]}}