{"id":15972,"date":"2023-12-20T18:05:17","date_gmt":"2023-12-20T18:05:17","guid":{"rendered":"https:\/\/medienlb.com\/produkt\/motivation\/"},"modified":"2025-02-07T13:50:06","modified_gmt":"2025-02-07T13:50:06","slug":"motivation","status":"publish","type":"product","link":"https:\/\/www.medienlb.com\/en\/produkt\/motivation\/","title":{"rendered":"Motivation"},"content":{"rendered":"<p>Das Wort \u201eMotivation\u201c hat seinen Ursprung im lateinischen \u201emovere\u201c (bewegen). Motivation ist also die Kraft, die uns zum Handeln bewegt.<br \/>\nDer Film stellt uns drei sehr unterschiedliche Personen vor, die zeigen, wie man diese Kraft in sich selbst hervorrufen kann.<br \/>\nEin griechischer Arzt treibt sich selbst zu stundenlangem Schwimmen von einer zur anderen Insel, ein junger Mann, der seit einem Unfall als Jugendlicher querschnittsgel\u00e4hmt ist,<br \/>\nbegeistert in mitrei\u00dfenden Vortr\u00e4gen Sch\u00fcler:innen und ein Life Coach gibt wertvolle Tipps, wie man sich selbst motivieren kann.<br \/>\nDer Film bietet Lehrkr\u00e4ften eine F\u00fclle an wertvollen Impulsen f\u00fcr die eigene Unterrichtsgestaltung.<\/p>\n<p>&nbsp;<\/p>\n","protected":false},"excerpt":{"rendered":"<p>Das Wort \u201eMotivation\u201c hat seinen Ursprung im lateinischen \u201emovere\u201c (bewegen). Motivation ist also die Kraft, die uns zum Handeln bewegt.<\/p>\n","protected":false},"featured_media":15970,"template":"","meta":{"_acf_changed":false},"product_brand":[],"product_cat":[70],"product_tag":[121,143],"class_list":{"0":"post-15972","1":"product","2":"type-product","3":"status-publish","4":"has-post-thumbnail","6":"product_cat-film","7":"product_tag-subject-lehrerfortbildung","8":"product_tag-target-lehrkraefte","9":"product_shipping_class-dvd-versand","11":"first","12":"instock","13":"taxable","14":"shipping-taxable","15":"purchasable","16":"product-type-variable"},"acf":{"subtitle":"die Kraft sich selbst zu fordern","article_id":"46503474 \/ 55502933","languages":"DE","thumb_up":false,"cover_image":27865,"linked_product":[26534],"linked_products":null,"banner":{"show":true,"text":"","color":""},"length":"24:58 min","content_movie":"Im ausf\u00fchrlichen Datenteil der DVD befinden sich 15 Seiten Begleitmaterial","learning_goals":"","preview_gif":15969,"trailer":{"file":"","url":"https:\/\/www.lehrmediathek.de\/trailer\/Trailer_Motivation.mp4","image":15978},"mediathek_id":707,"amount":"","demo_url":"","h5p_demo_id":"","content_interactive":"","hide_numbers":false,"flyer":"","info_columns":null},"_links":{"self":[{"href":"https:\/\/www.medienlb.com\/en\/wp-json\/wp\/v2\/product\/15972","targetHints":{"allow":["GET"]}}],"collection":[{"href":"https:\/\/www.medienlb.com\/en\/wp-json\/wp\/v2\/product"}],"about":[{"href":"https:\/\/www.medienlb.com\/en\/wp-json\/wp\/v2\/types\/product"}],"acf:post":[{"embeddable":true,"href":"https:\/\/www.medienlb.com\/en\/wp-json\/wp\/v2\/product\/26534"}],"wp:featuredmedia":[{"embeddable":true,"href":"https:\/\/www.medienlb.com\/en\/wp-json\/wp\/v2\/media\/15970"}],"wp:attachment":[{"href":"https:\/\/www.medienlb.com\/en\/wp-json\/wp\/v2\/media?parent=15972"}],"wp:term":[{"taxonomy":"product_brand","embeddable":true,"href":"https:\/\/www.medienlb.com\/en\/wp-json\/wp\/v2\/product_brand?post=15972"},{"taxonomy":"product_cat","embeddable":true,"href":"https:\/\/www.medienlb.com\/en\/wp-json\/wp\/v2\/product_cat?post=15972"},{"taxonomy":"product_tag","embeddable":true,"href":"https:\/\/www.medienlb.com\/en\/wp-json\/wp\/v2\/product_tag?post=15972"}],"curies":[{"name":"wp","href":"https:\/\/api.w.org\/{rel}","templated":true}]}}