{"id":15950,"date":"2023-12-20T18:05:17","date_gmt":"2023-12-20T18:05:17","guid":{"rendered":"https:\/\/medienlb.com\/produkt\/chromebooks-im-unterricht\/"},"modified":"2025-02-07T13:50:16","modified_gmt":"2025-02-07T13:50:16","slug":"chromebooks-im-unterricht","status":"publish","type":"product","link":"https:\/\/www.medienlb.com\/en\/produkt\/chromebooks-im-unterricht\/","title":{"rendered":"Chromebooks im Unterricht"},"content":{"rendered":"<p>Noch immer ist ein erschreckend gro\u00dfer Anteil der Schulklassen nicht mit digitalen Endger\u00e4ten ausgestattet. Gleichzeitig verf\u00fcgt eine nicht geringe Anzahl von Schulen \u00fcber eine Vielzahl nicht mehr genutzter Laptops.<br \/>\nDer Film stellt die Chromebooks und deren Einsatzm\u00f6glichkeiten im Unterricht vor.<br \/>\nM\u00f6glichkeiten der Rechteadministration stellen Unterrichtsszenarios dar, Chrome OS Flex eine nachhaltige M\u00f6glichkeit, Altger\u00e4te einer Nutzung zuzuf\u00fchren.<br \/>\nDie Nutzung der Chromebooks kann im Rahmen einer \u201everwalteten Gastsitzung\u201c ohne Datenabfluss und ohne Datenspeicherung auf dem Ger\u00e4t datenschutzkonform durchgef\u00fchrt werden.<\/p>\n","protected":false},"excerpt":{"rendered":"<p>Noch immer ist ein erschreckend gro\u00dfer Anteil der Schulklassen nicht mit digitalen Endger\u00e4ten ausgestattet. Gleichzeitig verf\u00fcgt eine nicht geringe Anzahl von Schulen \u00fcber eine Vielzahl nicht mehr genutzter Laptops.<\/p>\n","protected":false},"featured_media":15948,"template":"","meta":{"_acf_changed":false},"product_brand":[],"product_cat":[70],"product_tag":[121,143],"class_list":{"0":"post-15950","1":"product","2":"type-product","3":"status-publish","4":"has-post-thumbnail","6":"product_cat-film","7":"product_tag-subject-lehrerfortbildung","8":"product_tag-target-lehrkraefte","9":"product_shipping_class-dvd-versand","11":"first","12":"instock","13":"taxable","14":"shipping-taxable","15":"purchasable","16":"product-type-variable"},"acf":{"subtitle":"Nachhaltig digital unterrichten","article_id":"46505021 \/ 55504903","languages":"DE","thumb_up":false,"cover_image":27869,"linked_product":null,"linked_products":null,"banner":{"show":true,"text":"","color":""},"length":"25:57 min","content_movie":"","learning_goals":"","preview_gif":15947,"trailer":{"file":null,"url":"https:\/\/www.lehrmediathek.de\/trailer\/Trailer_Chromebooks.mp4","image":15956},"mediathek_id":763,"amount":"","demo_url":"","h5p_demo_id":"","content_interactive":"","hide_numbers":false,"flyer":null,"info_columns":null},"_links":{"self":[{"href":"https:\/\/www.medienlb.com\/en\/wp-json\/wp\/v2\/product\/15950","targetHints":{"allow":["GET"]}}],"collection":[{"href":"https:\/\/www.medienlb.com\/en\/wp-json\/wp\/v2\/product"}],"about":[{"href":"https:\/\/www.medienlb.com\/en\/wp-json\/wp\/v2\/types\/product"}],"wp:featuredmedia":[{"embeddable":true,"href":"https:\/\/www.medienlb.com\/en\/wp-json\/wp\/v2\/media\/15948"}],"wp:attachment":[{"href":"https:\/\/www.medienlb.com\/en\/wp-json\/wp\/v2\/media?parent=15950"}],"wp:term":[{"taxonomy":"product_brand","embeddable":true,"href":"https:\/\/www.medienlb.com\/en\/wp-json\/wp\/v2\/product_brand?post=15950"},{"taxonomy":"product_cat","embeddable":true,"href":"https:\/\/www.medienlb.com\/en\/wp-json\/wp\/v2\/product_cat?post=15950"},{"taxonomy":"product_tag","embeddable":true,"href":"https:\/\/www.medienlb.com\/en\/wp-json\/wp\/v2\/product_tag?post=15950"}],"curies":[{"name":"wp","href":"https:\/\/api.w.org\/{rel}","templated":true}]}}