{"id":15928,"date":"2023-12-20T18:05:17","date_gmt":"2023-12-20T18:05:17","guid":{"rendered":"https:\/\/medienlb.com\/produkt\/greenscreen\/"},"modified":"2025-06-26T08:06:47","modified_gmt":"2025-06-26T08:06:47","slug":"greenscreen","status":"publish","type":"product","link":"https:\/\/www.medienlb.com\/en\/produkt\/greenscreen\/","title":{"rendered":"Greenscreen"},"content":{"rendered":"<p>Die Technik des Chroma Keying erlaubt es, einfarbige Hintergr\u00fcnde aus Bildern zu entfernen und auszutauschen.<br \/>\nDer Film, der sich an Lehrkr\u00e4fte aller Schularten richtet, stellt das Verfahren vor und zeigt M\u00f6glichkeiten, wie es ohne gro\u00dfen Aufwand im eigenen Unterricht verwendet werden kann.<br \/>\nEin Anliegen des Films ist es, durch die Darstellung, wie einfach ein Bildhintergrund und damit ein ganzes Bildver\u00e4ndert werden kann, zu einer kritischen Rezeption medial verbreiteten Bildmaterials anzuregen.<\/p>\n<p>Hier der Link zu passender <a href=\"https:\/\/www.medienlb.com\/produkt\/greenscreen-paket\/\" target=\"_blank\" rel=\"noopener\"><span style=\"color: #3366ff;\">HARDWARE\u00a0<\/span> <img loading=\"lazy\" decoding=\"async\" class=\"alignnone wp-image-26628\" src=\"https:\/\/www.medienlb.com\/wp-content\/uploads\/2023\/12\/2024-10-29-16_25_47-Greenscreen-\u2013-Paket-\u2013-MedienLB-\u2013-Mozilla-Firefox-300x151.png\" alt=\"\" width=\"183\" height=\"92\" srcset=\"https:\/\/www.medienlb.com\/wp-content\/uploads\/2023\/12\/2024-10-29-16_25_47-Greenscreen-\u2013-Paket-\u2013-MedienLB-\u2013-Mozilla-Firefox-300x151.png 300w, https:\/\/www.medienlb.com\/wp-content\/uploads\/2023\/12\/2024-10-29-16_25_47-Greenscreen-\u2013-Paket-\u2013-MedienLB-\u2013-Mozilla-Firefox.png 763w\" sizes=\"auto, (max-width: 183px) 100vw, 183px\" \/><\/a><\/p>\n<hr \/>\n<p><a href=\"https:\/\/www.medienlb.com\/produkt\/greenscreenbox\/\" target=\"_blank\" rel=\"noopener\"><span style=\"color: #3366ff;\">Greenscreenbox\u00a0<\/span> <img loading=\"lazy\" decoding=\"async\" class=\"alignnone wp-image-26633\" src=\"https:\/\/www.medienlb.com\/wp-content\/uploads\/2023\/12\/2024-10-29-16_38_45-Greenscreenbox-\u2013-MedienLB-\u2013-Mozilla-Firefox-300x296.png\" alt=\"\" width=\"98\" height=\"96\" srcset=\"https:\/\/www.medienlb.com\/wp-content\/uploads\/2023\/12\/2024-10-29-16_38_45-Greenscreenbox-\u2013-MedienLB-\u2013-Mozilla-Firefox-300x296.png 300w, https:\/\/www.medienlb.com\/wp-content\/uploads\/2023\/12\/2024-10-29-16_38_45-Greenscreenbox-\u2013-MedienLB-\u2013-Mozilla-Firefox.png 631w\" sizes=\"auto, (max-width: 98px) 100vw, 98px\" \/><\/a><\/p>\n","protected":false},"excerpt":{"rendered":"<p>Die Technik des Chroma Keying erlaubt es, einfarbige Hintergr\u00fcnde aus Bildern zu entfernen und auszutauschen.<\/p>\n","protected":false},"featured_media":15926,"template":"","meta":{"_acf_changed":false},"product_brand":[],"product_cat":[70],"product_tag":[121,111,143,125],"class_list":{"0":"post-15928","1":"product","2":"type-product","3":"status-publish","4":"has-post-thumbnail","6":"product_cat-film","7":"product_tag-subject-lehrerfortbildung","8":"product_tag-subject-medienbildung","9":"product_tag-target-lehrkraefte","10":"product_tag-target-sek-i","11":"product_shipping_class-dvd-versand","13":"first","14":"instock","15":"taxable","16":"shipping-taxable","17":"purchasable","18":"product-type-variable"},"acf":{"subtitle":"Anwendung, Nutzen und praktische Beispiele","article_id":"46505029 \/ 55504908","languages":"DE","thumb_up":false,"cover_image":27873,"linked_product":[],"linked_products":null,"banner":{"show":true,"text":"","color":""},"length":"14:37 min","content_movie":"Link zur passenden Hardware:\u00a0 <a href=\"https:\/\/www.medienlb.com\/en\/produkt\/greenscreen-paket\/\" target=\"_blank\" rel=\"noopener\">Greenscreen - Paket<\/a>","learning_goals":"","preview_gif":15925,"trailer":{"file":"","url":"https:\/\/www.lehrmediathek.de\/trailer\/Greencreen_Trailer.mp4","image":15934},"mediathek_id":779,"amount":"","demo_url":"","h5p_demo_id":"","content_interactive":"","hide_numbers":false,"flyer":"","info_columns":null},"_links":{"self":[{"href":"https:\/\/www.medienlb.com\/en\/wp-json\/wp\/v2\/product\/15928","targetHints":{"allow":["GET"]}}],"collection":[{"href":"https:\/\/www.medienlb.com\/en\/wp-json\/wp\/v2\/product"}],"about":[{"href":"https:\/\/www.medienlb.com\/en\/wp-json\/wp\/v2\/types\/product"}],"wp:featuredmedia":[{"embeddable":true,"href":"https:\/\/www.medienlb.com\/en\/wp-json\/wp\/v2\/media\/15926"}],"wp:attachment":[{"href":"https:\/\/www.medienlb.com\/en\/wp-json\/wp\/v2\/media?parent=15928"}],"wp:term":[{"taxonomy":"product_brand","embeddable":true,"href":"https:\/\/www.medienlb.com\/en\/wp-json\/wp\/v2\/product_brand?post=15928"},{"taxonomy":"product_cat","embeddable":true,"href":"https:\/\/www.medienlb.com\/en\/wp-json\/wp\/v2\/product_cat?post=15928"},{"taxonomy":"product_tag","embeddable":true,"href":"https:\/\/www.medienlb.com\/en\/wp-json\/wp\/v2\/product_tag?post=15928"}],"curies":[{"name":"wp","href":"https:\/\/api.w.org\/{rel}","templated":true}]}}