{"id":15917,"date":"2023-12-20T18:05:17","date_gmt":"2023-12-20T18:05:17","guid":{"rendered":"https:\/\/medienlb.com\/produkt\/internetsicherheit-2\/"},"modified":"2026-02-05T10:47:34","modified_gmt":"2026-02-05T10:47:34","slug":"internetsicherheit-2","status":"publish","type":"product","link":"https:\/\/www.medienlb.com\/en\/produkt\/internetsicherheit-2\/","title":{"rendered":"Internetsicherheit 2"},"content":{"rendered":"<p>Das gemeinsam mit schutz.digital entwickelte Medium widmet sich der sicheren Benutzung digitaler Ger\u00e4te. Die zweite von insgesamt 5 DVDs besch\u00e4ftigt sich mit dem Faktor Mensch. Sorgloser Umgang mit den eigenen Passw\u00f6rtern ist immer noch der Hauptgrund f\u00fcr erfolgreiche Hackerangriffe.<br \/>\nIn unterhaltsamen Animationen wird gezeigt, wie einfach es ist, Passw\u00f6rter zu \u201eerraten\u201c und welchen Schaden man damit anrichten kann.<\/p>\n<p><span style=\"color: #f2f2f2;\">Informatik<\/span><\/p>\n","protected":false},"excerpt":{"rendered":"<p>Das gemeinsam mit schutz.digital entwickelte Medium widmet sich der sicheren Benutzung digitaler Ger\u00e4te. Die zweite von insgesamt 5 DVDs besch\u00e4ftigt sich mit dem Faktor Mensch. Sorgloser Umgang mit den eigenen Passw\u00f6rtern ist immer noch der Hauptgrund f\u00fcr erfolgreiche Hackerangriffe.<\/p>\n","protected":false},"featured_media":27025,"template":"","meta":{"_acf_changed":false},"product_brand":[],"product_cat":[70],"product_tag":[156,121,143],"class_list":{"0":"post-15917","1":"product","2":"type-product","3":"status-publish","4":"has-post-thumbnail","6":"product_cat-film","7":"product_tag-subject-informatik","8":"product_tag-subject-lehrerfortbildung","9":"product_tag-target-lehrkraefte","10":"product_shipping_class-dvd-versand","12":"first","13":"instock","14":"taxable","15":"shipping-taxable","16":"purchasable","17":"product-type-variable"},"acf":{"subtitle":"Der Faktor Mensch","article_id":"46505138 \/ 55505109","languages":"DE","thumb_up":true,"cover_image":27875,"linked_product":20674,"linked_products":[{"product":15939}],"banner":{"show":true,"text":"","color":""},"length":"44:27 min","content_movie":"","learning_goals":"","preview_gif":15914,"trailer":{"file":"","url":"https:\/\/www.lehrmediathek.de\/trailer\/Trailer_Internetsicherheit_2.mp4","image":15923},"mediathek_id":783,"amount":"","demo_url":"","h5p_demo_id":"","content_interactive":"","hide_numbers":false,"flyer":"","info_columns":null},"_links":{"self":[{"href":"https:\/\/www.medienlb.com\/en\/wp-json\/wp\/v2\/product\/15917","targetHints":{"allow":["GET"]}}],"collection":[{"href":"https:\/\/www.medienlb.com\/en\/wp-json\/wp\/v2\/product"}],"about":[{"href":"https:\/\/www.medienlb.com\/en\/wp-json\/wp\/v2\/types\/product"}],"acf:post":[{"embeddable":true,"href":"https:\/\/www.medienlb.com\/en\/wp-json\/wp\/v2\/product\/20674"}],"wp:featuredmedia":[{"embeddable":true,"href":"https:\/\/www.medienlb.com\/en\/wp-json\/wp\/v2\/media\/27025"}],"wp:attachment":[{"href":"https:\/\/www.medienlb.com\/en\/wp-json\/wp\/v2\/media?parent=15917"}],"wp:term":[{"taxonomy":"product_brand","embeddable":true,"href":"https:\/\/www.medienlb.com\/en\/wp-json\/wp\/v2\/product_brand?post=15917"},{"taxonomy":"product_cat","embeddable":true,"href":"https:\/\/www.medienlb.com\/en\/wp-json\/wp\/v2\/product_cat?post=15917"},{"taxonomy":"product_tag","embeddable":true,"href":"https:\/\/www.medienlb.com\/en\/wp-json\/wp\/v2\/product_tag?post=15917"}],"curies":[{"name":"wp","href":"https:\/\/api.w.org\/{rel}","templated":true}]}}