{"id":15906,"date":"2023-12-20T18:05:17","date_gmt":"2023-12-20T18:05:17","guid":{"rendered":"https:\/\/medienlb.com\/produkt\/was-ist-ein-lasercutter\/"},"modified":"2025-07-11T05:14:15","modified_gmt":"2025-07-11T05:14:15","slug":"was-ist-ein-lasercutter","status":"publish","type":"product","link":"https:\/\/www.medienlb.com\/en\/produkt\/was-ist-ein-lasercutter\/","title":{"rendered":"Was ist ein Lasercutter?"},"content":{"rendered":"<p>Ein Lasercutter ist ein modernes Ger\u00e4t, das sich sehr vielseitig verwenden l\u00e4sst. Schnell und unkompliziert in der Bedienung, k\u00f6nnen auch ungeschulte Benutzer:innen hiermit zum Beispiel Bauteile und Objekte aus Holz, Metall, Kunststoff und vielen weiteren Materialien herstellen. Der Kreativit\u00e4t sind (fast) keine Grenzen gesetzt!<br \/>\nDieser Film zeigt die Verwendung, Technik und Herstellung eines Lasercutters. Au\u00dferdem wird dargestellt, welche Materialien zum Schneiden oder Gravieren besonders gut geeignet sind. Ein besonderes Augenmerk wird auch auf die Einhaltung der Sicherheitsstandards gelegt, die bei der Verwendung eines Lasercutters eingehalten werden m\u00fcssen.<br \/>\nDas umfangreiche Begleitmaterial liefert eine F\u00fclle von Anregungen f\u00fcr die Unterrichtspraxis.<br \/>\n<img decoding=\"async\" src=\"https:\/\/www.medienlb.com\/wp-content\/uploads\/2025\/07\/Comenius-award-logo-1-1-e1752210298594.png\" alt=\"Comenius\" \/><\/p>\n","protected":false},"excerpt":{"rendered":"<p>Ein Lasercutter ist ein modernes Ger\u00e4t, das sich sehr vielseitig verwenden l\u00e4sst. Schnell und unkompliziert in der Bedienung, k\u00f6nnen auch ungeschulte Benutzer:innen hiermit zum Beispiel Bauteile und Objekte aus Holz, Metall, Kunststoff und vielen weiteren Materialien herstellen. Der Kreativit\u00e4t sind (fast) keine Grenzen gesetzt!<\/p>\n","protected":false},"featured_media":15904,"template":"","meta":{"_acf_changed":false},"product_brand":[],"product_cat":[70],"product_tag":[121,143],"class_list":{"0":"post-15906","1":"product","2":"type-product","3":"status-publish","4":"has-post-thumbnail","6":"product_cat-film","7":"product_tag-subject-lehrerfortbildung","8":"product_tag-target-lehrkraefte","9":"product_shipping_class-dvd-versand","11":"first","12":"instock","13":"taxable","14":"shipping-taxable","15":"purchasable","16":"product-type-variable"},"acf":{"subtitle":"Verwendung, Technik und Materialien","article_id":"46505028 \/ 55504907","languages":"DE","thumb_up":false,"cover_image":27877,"linked_product":[],"linked_products":null,"banner":{"show":true,"text":"","color":""},"length":"20:58 min","content_movie":"Link zu inspirierendem <a href=\"https:\/\/www.medienlb.com\/wp-content\/uploads\/2024\/01\/2024_01_30-BGM-LASERCUTTER_Druck-1.pdf\" target=\"_blank\" rel=\"noopener\"><span style=\"color: #3366ff;\">Begleitmaterial<\/span><\/a>\r\n\r\n<span style=\"color: #3366ff;\"><a style=\"color: #3366ff;\" href=\"https:\/\/www.medienlb.com\/wp-content\/uploads\/2024\/07\/2024_07_10-Linkliste-Lasercutter-2.pdf\" target=\"_blank\" rel=\"noopener\">Linkliste<\/a><\/span> zu gro\u00dfen Bauplan-Sammlungen(SVG) und Software\r\n\r\n<hr \/>\r\n\r\n<span style=\"color: #000000;\">Link zur passenden Hardware:<\/span> <a style=\"color: #3366ff;\" href=\"https:\/\/www.medienlb.com\/en\/produkt\/lasercutter\/\" target=\"_blank\" rel=\"noopener\"> Mr Beam II<\/a>\r\n\r\n<hr \/>\r\n\r\n&nbsp;","learning_goals":"","preview_gif":15903,"trailer":{"file":"","url":"https:\/\/www.lehrmediathek.de\/trailer\/Trailer_Lasercutter.mp4","image":15912},"mediathek_id":786,"amount":"","demo_url":"","h5p_demo_id":"","content_interactive":"","hide_numbers":false,"flyer":"","info_columns":null},"_links":{"self":[{"href":"https:\/\/www.medienlb.com\/en\/wp-json\/wp\/v2\/product\/15906","targetHints":{"allow":["GET"]}}],"collection":[{"href":"https:\/\/www.medienlb.com\/en\/wp-json\/wp\/v2\/product"}],"about":[{"href":"https:\/\/www.medienlb.com\/en\/wp-json\/wp\/v2\/types\/product"}],"wp:featuredmedia":[{"embeddable":true,"href":"https:\/\/www.medienlb.com\/en\/wp-json\/wp\/v2\/media\/15904"}],"wp:attachment":[{"href":"https:\/\/www.medienlb.com\/en\/wp-json\/wp\/v2\/media?parent=15906"}],"wp:term":[{"taxonomy":"product_brand","embeddable":true,"href":"https:\/\/www.medienlb.com\/en\/wp-json\/wp\/v2\/product_brand?post=15906"},{"taxonomy":"product_cat","embeddable":true,"href":"https:\/\/www.medienlb.com\/en\/wp-json\/wp\/v2\/product_cat?post=15906"},{"taxonomy":"product_tag","embeddable":true,"href":"https:\/\/www.medienlb.com\/en\/wp-json\/wp\/v2\/product_tag?post=15906"}],"curies":[{"name":"wp","href":"https:\/\/api.w.org\/{rel}","templated":true}]}}