{"id":15884,"date":"2023-12-20T18:05:17","date_gmt":"2023-12-20T18:05:17","guid":{"rendered":"https:\/\/medienlb.com\/produkt\/internetsicherheit-3\/"},"modified":"2025-02-07T13:50:45","modified_gmt":"2025-02-07T13:50:45","slug":"internetsicherheit-3","status":"publish","type":"product","link":"https:\/\/www.medienlb.com\/en\/produkt\/internetsicherheit-3\/","title":{"rendered":"Internetsicherheit 3"},"content":{"rendered":"<p>Das gemeinsam mit schutz.digital entwickelte Medium widmet sich der sicheren Benutzung von digitalen Ger\u00e4ten. Die dritte von insgesamt 5 DVDs besch\u00e4ftigt sich mit verbundenen Ger\u00e4ten. Inwiefern eine harmlose Bluetooth-Verbindung m\u00f6glicherweise gar nicht so harmlos ist und wie USB-Sticks als Eingangst\u00fcr zum eigenen Rechner genutzt werden, zeigt dieser Film in unterhaltsamen Animationen.<\/p>\n<p><span style=\"color: #f0f0f0;\">Informatik<\/span><\/p>\n","protected":false},"excerpt":{"rendered":"<p>Das gemeinsam mit schutz.digital entwickelte Medium widmet sich der sicheren Benutzung von digitalen Ger\u00e4ten. Die dritte von insgesamt 5 DVDs besch\u00e4ftigt sich mit verbundenen Ger\u00e4ten. Inwiefern eine harmlose Bluetooth-Verbindung m\u00f6glicherweise gar nicht so harmlos ist und wie USB-Sticks als Eingangst\u00fcr zum eigenen Rechner genutzt werden, zeigt dieser Film in unterhaltsamen Animationen.<\/p>\n","protected":false},"featured_media":27023,"template":"","meta":{"_acf_changed":false},"product_brand":[],"product_cat":[70],"product_tag":[156,121,105,143],"class_list":{"0":"post-15884","1":"product","2":"type-product","3":"status-publish","4":"has-post-thumbnail","6":"product_cat-film","7":"product_tag-subject-informatik","8":"product_tag-subject-lehrerfortbildung","9":"product_tag-subject-technik","10":"product_tag-target-lehrkraefte","11":"product_shipping_class-dvd-versand","13":"first","14":"instock","15":"taxable","16":"shipping-taxable","17":"purchasable","18":"product-type-variable"},"acf":{"subtitle":"Verbundene Ger\u00e4te","article_id":"46505139 \/ 55505110","languages":"DE","thumb_up":true,"cover_image":27881,"linked_product":"","linked_products":null,"banner":{"show":true,"text":"","color":""},"length":"43:12 min","content_movie":"","learning_goals":"","preview_gif":15881,"trailer":{"file":"","url":"https:\/\/www.lehrmediathek.de\/trailer\/Trailer_Internetsicherheit_3.mp4","image":15890},"mediathek_id":796,"amount":"","demo_url":"","h5p_demo_id":"","content_interactive":"","hide_numbers":false,"flyer":"","info_columns":null},"_links":{"self":[{"href":"https:\/\/www.medienlb.com\/en\/wp-json\/wp\/v2\/product\/15884","targetHints":{"allow":["GET"]}}],"collection":[{"href":"https:\/\/www.medienlb.com\/en\/wp-json\/wp\/v2\/product"}],"about":[{"href":"https:\/\/www.medienlb.com\/en\/wp-json\/wp\/v2\/types\/product"}],"wp:featuredmedia":[{"embeddable":true,"href":"https:\/\/www.medienlb.com\/en\/wp-json\/wp\/v2\/media\/27023"}],"wp:attachment":[{"href":"https:\/\/www.medienlb.com\/en\/wp-json\/wp\/v2\/media?parent=15884"}],"wp:term":[{"taxonomy":"product_brand","embeddable":true,"href":"https:\/\/www.medienlb.com\/en\/wp-json\/wp\/v2\/product_brand?post=15884"},{"taxonomy":"product_cat","embeddable":true,"href":"https:\/\/www.medienlb.com\/en\/wp-json\/wp\/v2\/product_cat?post=15884"},{"taxonomy":"product_tag","embeddable":true,"href":"https:\/\/www.medienlb.com\/en\/wp-json\/wp\/v2\/product_tag?post=15884"}],"curies":[{"name":"wp","href":"https:\/\/api.w.org\/{rel}","templated":true}]}}