{"id":15798,"date":"2023-12-20T18:05:17","date_gmt":"2023-12-20T18:05:17","guid":{"rendered":"https:\/\/medienlb.com\/produkt\/eroerterung\/"},"modified":"2025-02-07T13:51:12","modified_gmt":"2025-02-07T13:51:12","slug":"eroerterung","status":"publish","type":"product","link":"https:\/\/www.medienlb.com\/en\/produkt\/eroerterung\/","title":{"rendered":"Er\u00f6rterung"},"content":{"rendered":"<p>Der animierte Film erkl\u00e4rt in unterhaltsamer Weise eine Aufsatzart, die die Sch\u00fcler von der 7. Klasse bis zum Abitur begleitet: die Er\u00f6rterung.<br \/>\nWie man ein Argument aufbaut, wie man Argumente verkn\u00fcpft, wie man m\u00f6gliche Gegenargumente abw\u00e4gt und gegebenenfalls entkr\u00e4ftet, stellt der Film anschaulich dar.<br \/>\nDie Anordnung der Argumente sowohl in linearen als auch in steigernden Er\u00f6rterungen wird dargestellt.<br \/>\nEinen Schwerpunkt legt der Film auf die sprachlichen Werkzeuge, die man f\u00fcr das Schreiben dieser Aufsatzart ben\u00f6tigt. Vor allem die Zitiertechnik, die in materialgest\u00fctzten Er\u00f6rterungen eine wesentliche Rolle spielt, wird ausf\u00fchrlich erkl\u00e4rt.<br \/>\nIn Verbindung mit dem umfangreichen Zusatzmaterial (klassische und interaktive Arbeitsbl\u00e4tter, Testfragen, Glossar) ist die vorliegende DVD hervorragend f\u00fcr den Einsatz im Unterricht geeignet. Die sehr kurzen Einzelkapitel erm\u00f6glichen insbesondere eine Verwendung f\u00fcr Unterricht nach dem \u201aflipped classroom\u2018-Modell.<\/p>\n","protected":false},"excerpt":{"rendered":"<p>Der animierte Film erkl\u00e4rt in unterhaltsamer Weise eine Aufsatzart, die die Sch\u00fcler von der 7. Klasse bis zum Abitur begleitet: die Er\u00f6rterung.<\/p>\n","protected":false},"featured_media":15796,"template":"","meta":{"_acf_changed":false},"product_brand":[],"product_cat":[70],"product_tag":[119,125],"class_list":{"0":"post-15798","1":"product","2":"type-product","3":"status-publish","4":"has-post-thumbnail","6":"product_cat-film","7":"product_tag-subject-deutsch","8":"product_tag-target-sek-i","9":"product_shipping_class-dvd-versand","11":"first","12":"instock","13":"taxable","14":"shipping-taxable","15":"purchasable","16":"product-type-variable"},"acf":{"subtitle":"Gliederung, Gestaltung, Regeln","article_id":"4679013 \/ 5565774","languages":"DE","thumb_up":false,"cover_image":27893,"linked_product":"","linked_products":null,"banner":{"show":true,"text":"","color":""},"length":"17:35 min","content_movie":"Im ausf\u00fchrlichen Datenteil der DVD 80 Seiten Unterrichts- und Begleitmaterial, davon:\r\n53 Seiten Arbeitsbl\u00e4tter und Erg\u00e4nzungen mit L\u00f6sungen\r\n20 Testaufgaben\r\n9 Arbeitsbl\u00e4tter f\u00fcr interaktive Whiteboards\r\n5 Master Tool Folien","learning_goals":"","preview_gif":15795,"trailer":{"file":"","url":"https:\/\/www.lehrmediathek.de\/trailer\/Trailer_Eroerterung.mp4","image":15804},"mediathek_id":549,"amount":"","demo_url":"","h5p_demo_id":"","content_interactive":"","hide_numbers":false,"flyer":"","info_columns":null},"_links":{"self":[{"href":"https:\/\/www.medienlb.com\/en\/wp-json\/wp\/v2\/product\/15798","targetHints":{"allow":["GET"]}}],"collection":[{"href":"https:\/\/www.medienlb.com\/en\/wp-json\/wp\/v2\/product"}],"about":[{"href":"https:\/\/www.medienlb.com\/en\/wp-json\/wp\/v2\/types\/product"}],"wp:featuredmedia":[{"embeddable":true,"href":"https:\/\/www.medienlb.com\/en\/wp-json\/wp\/v2\/media\/15796"}],"wp:attachment":[{"href":"https:\/\/www.medienlb.com\/en\/wp-json\/wp\/v2\/media?parent=15798"}],"wp:term":[{"taxonomy":"product_brand","embeddable":true,"href":"https:\/\/www.medienlb.com\/en\/wp-json\/wp\/v2\/product_brand?post=15798"},{"taxonomy":"product_cat","embeddable":true,"href":"https:\/\/www.medienlb.com\/en\/wp-json\/wp\/v2\/product_cat?post=15798"},{"taxonomy":"product_tag","embeddable":true,"href":"https:\/\/www.medienlb.com\/en\/wp-json\/wp\/v2\/product_tag?post=15798"}],"curies":[{"name":"wp","href":"https:\/\/api.w.org\/{rel}","templated":true}]}}