{"id":15690,"date":"2023-12-20T18:05:17","date_gmt":"2023-12-20T18:05:17","guid":{"rendered":"https:\/\/medienlb.com\/produkt\/unterwegs\/"},"modified":"2025-11-24T06:43:17","modified_gmt":"2025-11-24T06:43:17","slug":"unterwegs","status":"publish","type":"product","link":"https:\/\/www.medienlb.com\/en\/produkt\/unterwegs\/","title":{"rendered":"Unterwegs"},"content":{"rendered":"<p>Unterwegs sein, auf Reisen sein ist eine Urerfahrung des Menschen. Ob auf einem Feldzug, einer Bildungsreise oder einer Erholungsreise \u2013 die Urerfahrung des Reisens findet ihren Niederschlag in der Literatur.<br \/>\nDer Film stellt die Reiselyrik vom Barock bis heute vor.<br \/>\nDie sprachliche Gestaltung gedichteter Reiseerfahrungen bildet den roten Faden dieses Films, der uns zu Reisen in ferne L\u00e4nder und zum Tr\u00e4umen einl\u00e4dt.<\/p>\n<p>&nbsp;<\/p>\n<p>&nbsp;<\/p>\n","protected":false},"excerpt":{"rendered":"<p>Unterwegs sein, auf Reisen sein ist eine Urerfahrung des Menschen. Ob auf einem Feldzug, einer Bildungsreise oder einer Erholungsreise \u2013 die Urerfahrung des Reisens findet ihren Niederschlag in der Literatur.<\/p>\n","protected":false},"featured_media":15688,"template":"","meta":{"_acf_changed":false},"product_brand":[],"product_cat":[70],"product_tag":[204,119,125,127],"class_list":{"0":"post-15690","1":"product","2":"type-product","3":"status-publish","4":"has-post-thumbnail","6":"product_cat-film","7":"product_tag-abitur","8":"product_tag-subject-deutsch","9":"product_tag-target-sek-i","10":"product_tag-target-sek-ii","11":"product_shipping_class-dvd-versand","13":"first","14":"instock","15":"taxable","16":"shipping-taxable","17":"purchasable","18":"product-type-variable"},"acf":{"subtitle":"Reiselyrik vom Barock bis heute","article_id":"46504537 \/ 55503705","languages":"DE","thumb_up":true,"cover_image":27909,"linked_product":"","linked_products":null,"banner":{"show":true,"text":"","color":""},"length":"16.01 min","content_movie":"Im ausf\u00fchrlichen Datenteil der DVD 71 Seiten Unterrichts- und Begleitmaterial, davon:\r\n21 Seiten Arbeitsbl\u00e4tter und Erg\u00e4nzungen mit L\u00f6sungen\r\n15 Testaufgaben\r\n10 Interaktive Aufgaben\r\n\r\nF\u00fcr die Vorbereitung auf das Abitur geeignet.","learning_goals":"Die Sch\u00fcler:innen kennen formale Gestaltungslemente der Lyrik\r\nDie Sch\u00fcler:innen unterscheiden Lyrik von Epik und Daramatik\r\nDie Sch\u00fcler:innen diskutieren eigene Reiseerfahrungen","preview_gif":15687,"trailer":{"file":"","url":"https:\/\/www.lehrmediathek.de\/trailer\/Trailer_Unterwegs.mp4","image":15696},"mediathek_id":746,"amount":"","demo_url":"","h5p_demo_id":"","content_interactive":"","hide_numbers":false,"flyer":"","info_columns":null},"_links":{"self":[{"href":"https:\/\/www.medienlb.com\/en\/wp-json\/wp\/v2\/product\/15690","targetHints":{"allow":["GET"]}}],"collection":[{"href":"https:\/\/www.medienlb.com\/en\/wp-json\/wp\/v2\/product"}],"about":[{"href":"https:\/\/www.medienlb.com\/en\/wp-json\/wp\/v2\/types\/product"}],"wp:featuredmedia":[{"embeddable":true,"href":"https:\/\/www.medienlb.com\/en\/wp-json\/wp\/v2\/media\/15688"}],"wp:attachment":[{"href":"https:\/\/www.medienlb.com\/en\/wp-json\/wp\/v2\/media?parent=15690"}],"wp:term":[{"taxonomy":"product_brand","embeddable":true,"href":"https:\/\/www.medienlb.com\/en\/wp-json\/wp\/v2\/product_brand?post=15690"},{"taxonomy":"product_cat","embeddable":true,"href":"https:\/\/www.medienlb.com\/en\/wp-json\/wp\/v2\/product_cat?post=15690"},{"taxonomy":"product_tag","embeddable":true,"href":"https:\/\/www.medienlb.com\/en\/wp-json\/wp\/v2\/product_tag?post=15690"}],"curies":[{"name":"wp","href":"https:\/\/api.w.org\/{rel}","templated":true}]}}