{"id":15668,"date":"2023-12-20T18:05:17","date_gmt":"2023-12-20T18:05:17","guid":{"rendered":"https:\/\/medienlb.com\/produkt\/lied-der-nibelungen\/"},"modified":"2025-02-07T13:52:02","modified_gmt":"2025-02-07T13:52:02","slug":"lied-der-nibelungen","status":"publish","type":"product","link":"https:\/\/www.medienlb.com\/en\/produkt\/lied-der-nibelungen\/","title":{"rendered":"Lied der Nibelungen"},"content":{"rendered":"<p>Die Nibelungensaga ist eines der wirkungsm\u00e4chtigsten Werke der deutschen Literatur. Das Epos um den Schatz der Nibelungen, Macht, Liebe, Tod und Rache entstand im 12. Jahrhundert. Der unbekannte Verfasser erz\u00e4hlt in mittelhochdeutscher Sprache und in 39 Aventiuren die Geschichte von Siegfried, Kriemhild, Gunther, Br\u00fcnhild und Hagen und dem Untergang der Burgunden. Auch gibt der Film eindr\u00fccklich Hinweis auf die Entstehung der Texte und wie diese in der damaligen Zeit niedergeschrieben wurden. Er verweist auf die Existenz der unterschiedlichen Abschriften der Saga und wo sie heute zu finden sind. Auch nimmt er die Sch\u00fcler:innen mit auf die Reise entlang der Schaupl\u00e4tze an der Donau.<\/p>\n<p>Interaktive Aufgaben, Testfragen und Glossar wurden mit H5P erstellt und k\u00f6nnen ohne weitere Software verwendet werden.<\/p>\n<p>&nbsp;<\/p>\n","protected":false},"excerpt":{"rendered":"<p>Die Nibelungensaga ist eines der wirkungsm\u00e4chtigsten Werke der deutschen Literatur. Das Epos um den Schatz der Nibelungen, Macht, Liebe, Tod und Rache entstand im 12. Jahrhundert. Der unbekannte Verfasser erz\u00e4hlt in mittelhochdeutscher Sprache und in 39 Aventiuren die Geschichte von Siegfried, Kriemhild, Gunther, Br\u00fcnhild und Hagen und dem Untergang der Burgunden. Auch gibt der Film eindr\u00fccklich Hinweis auf die Entstehung der Texte und wie diese in der damaligen Zeit niedergeschrieben wurden. Er verweist auf die Existenz der unterschiedlichen Abschriften der Saga und wo sie heute zu finden sind. Auch nimmt er die Sch\u00fcler:innen mit auf die Reise entlang der Schaupl\u00e4tze an der Donau.<\/p>\n","protected":false},"featured_media":15666,"template":"","meta":{"_acf_changed":false},"product_brand":[],"product_cat":[70],"product_tag":[119,125],"class_list":{"0":"post-15668","1":"product","2":"type-product","3":"status-publish","4":"has-post-thumbnail","6":"product_cat-film","7":"product_tag-subject-deutsch","8":"product_tag-target-sek-i","9":"product_shipping_class-dvd-versand","11":"first","12":"instock","13":"taxable","14":"shipping-taxable","15":"purchasable","16":"product-type-variable"},"acf":{"subtitle":"Entstehung, Handlung, Personen","article_id":"46505045 \/ 55504925","languages":"DE","thumb_up":true,"cover_image":27913,"linked_product":"","linked_products":null,"banner":{"show":true,"text":"","color":""},"length":"38:25 min","content_movie":"Im ausf\u00fchrlichen Datenteil der DVD 78 Seiten Unterrichts- und Begleitmaterial, davon:\r\n20 Seiten Arbeitsbl\u00e4tter und Erg\u00e4nzungen mit L\u00f6sungen\r\n20 Testaufgaben\r\n10 Interaktive Aufgaben","learning_goals":"Die Sch\u00fcler:innen befassen sich mit mittelalterlichen Texten in mittelhochdeutscher Sprache\r\nDie Sch\u00fcler:innen lernen grundlegende Merkmale epischer, lyrischer und dramatischer Texte\r\nDie Sch\u00fcler:innen beschreiben die Rolle von Figuren und ihren Beziehungen\r\n\r\n&nbsp;","preview_gif":15665,"trailer":{"file":"","url":"https:\/\/www.lehrmediathek.de\/trailer\/Trailer_Nibelungen.mp4","image":15674},"mediathek_id":775,"amount":"","demo_url":"","h5p_demo_id":"","content_interactive":"","hide_numbers":false,"flyer":"","info_columns":null},"_links":{"self":[{"href":"https:\/\/www.medienlb.com\/en\/wp-json\/wp\/v2\/product\/15668","targetHints":{"allow":["GET"]}}],"collection":[{"href":"https:\/\/www.medienlb.com\/en\/wp-json\/wp\/v2\/product"}],"about":[{"href":"https:\/\/www.medienlb.com\/en\/wp-json\/wp\/v2\/types\/product"}],"wp:featuredmedia":[{"embeddable":true,"href":"https:\/\/www.medienlb.com\/en\/wp-json\/wp\/v2\/media\/15666"}],"wp:attachment":[{"href":"https:\/\/www.medienlb.com\/en\/wp-json\/wp\/v2\/media?parent=15668"}],"wp:term":[{"taxonomy":"product_brand","embeddable":true,"href":"https:\/\/www.medienlb.com\/en\/wp-json\/wp\/v2\/product_brand?post=15668"},{"taxonomy":"product_cat","embeddable":true,"href":"https:\/\/www.medienlb.com\/en\/wp-json\/wp\/v2\/product_cat?post=15668"},{"taxonomy":"product_tag","embeddable":true,"href":"https:\/\/www.medienlb.com\/en\/wp-json\/wp\/v2\/product_tag?post=15668"}],"curies":[{"name":"wp","href":"https:\/\/api.w.org\/{rel}","templated":true}]}}