{"id":15657,"date":"2023-12-20T18:05:17","date_gmt":"2023-12-20T18:05:17","guid":{"rendered":"https:\/\/medienlb.com\/produkt\/buechners-woyzeck\/"},"modified":"2025-11-24T06:44:17","modified_gmt":"2025-11-24T06:44:17","slug":"buechners-woyzeck","status":"publish","type":"product","link":"https:\/\/www.medienlb.com\/en\/produkt\/buechners-woyzeck\/","title":{"rendered":"B\u00fcchners Woyzeck"},"content":{"rendered":"<p>Georg B\u00fcchner (1813-1837) starb, noch bevor er sein soziales Drama \u201eWoyzeck\u201c vollenden konnte. Aus Fragmenten zusammengesetzt, wird das Werk bis heute neu inszeniert. B\u00fcchner war nicht nur Revolution\u00e4r und Schriftsteller, sondern auch Mediziner. Und so verbindet er in der Geschichte des \u201eWoyzeck\u201c die politische und soziale Situation seiner Zeit.<\/p>\n<p>Ausz\u00fcge einer Inszenierung der B\u00fcchnerB\u00fchne Riedstadt zeigen das Leben des armen Soldaten Woyzeck, der sich gezwungen sieht, sein Gehalt durch die Teilnahme an einem dubiosen medizinischen Experiment aufzubessern. Folgen sind gesundheitliche Sch\u00e4den, unter anderem Schizophrenie, die ihn zum M\u00f6rder werden l\u00e4sst.<br \/>\nAnschaulich verbindet der Film den Inhalt des Dramas mit dem Leben und Werken B\u00fcchners.<\/p>\n<p>Interaktive Aufgaben, Testfragen und Glossar wurden mit H5P erstellt und k\u00f6nnen ohne weitere Software verwendet werden.<\/p>\n<p>&nbsp;<\/p>\n<p>&nbsp;<\/p>\n","protected":false},"excerpt":{"rendered":"<p>Georg B\u00fcchner (1813-1837) starb, noch bevor er sein soziales Drama \u201eWoyzeck\u201c vollenden konnte. Aus Fragmenten zusammengesetzt, wird das Werk bis heute neu inszeniert. B\u00fcchner war nicht nur Revolution\u00e4r und Schriftsteller, sondern auch Mediziner. Und so verbindet er in der Geschichte des \u201eWoyzeck\u201c die politische und soziale Situation seiner Zeit.<\/p>\n","protected":false},"featured_media":15655,"template":"","meta":{"_acf_changed":false},"product_brand":[],"product_cat":[70],"product_tag":[204,119,125,127],"class_list":{"0":"post-15657","1":"product","2":"type-product","3":"status-publish","4":"has-post-thumbnail","6":"product_cat-film","7":"product_tag-abitur","8":"product_tag-subject-deutsch","9":"product_tag-target-sek-i","10":"product_tag-target-sek-ii","11":"product_shipping_class-dvd-versand","13":"first","14":"instock","15":"taxable","16":"shipping-taxable","17":"purchasable","18":"product-type-variable"},"acf":{"subtitle":"Werk und Inszenierung","article_id":"46505067 \/ 55504947","languages":"DE","thumb_up":true,"cover_image":27915,"linked_product":"","linked_products":null,"banner":{"show":true,"text":"","color":""},"length":"28:29 min","content_movie":"Im ausf\u00fchrlichen Datenteil der DVD 73 Seiten Unterrichts- und Begleitmaterial, davon:\r\n20 Seiten Arbeitsbl\u00e4tter und Erg\u00e4nzungen mit L\u00f6sungen\r\n20 Testaufgaben\r\n10 Interaktive Aufgaben\r\n\r\n&nbsp;\r\n\r\nF\u00fcr die Vorbereitung auf das Abitur geeignet.","learning_goals":"1. Die Sch\u00fcler:innen besch\u00e4ftigen sich mit der literarischen Form des sozialen Dramas.\r\n2. Die Sch\u00fcler:innen reflektieren den politisch-sozialen Hintergrund zur Zeit B\u00fcchners in Bezug auf die Gegenwart.","preview_gif":15654,"trailer":{"file":"","url":"https:\/\/www.lehrmediathek.de\/trailer\/Woyzeck_Trailer.mp4","image":15663},"mediathek_id":777,"amount":"","demo_url":"","h5p_demo_id":"","content_interactive":"","hide_numbers":false,"flyer":"","info_columns":null},"_links":{"self":[{"href":"https:\/\/www.medienlb.com\/en\/wp-json\/wp\/v2\/product\/15657","targetHints":{"allow":["GET"]}}],"collection":[{"href":"https:\/\/www.medienlb.com\/en\/wp-json\/wp\/v2\/product"}],"about":[{"href":"https:\/\/www.medienlb.com\/en\/wp-json\/wp\/v2\/types\/product"}],"wp:featuredmedia":[{"embeddable":true,"href":"https:\/\/www.medienlb.com\/en\/wp-json\/wp\/v2\/media\/15655"}],"wp:attachment":[{"href":"https:\/\/www.medienlb.com\/en\/wp-json\/wp\/v2\/media?parent=15657"}],"wp:term":[{"taxonomy":"product_brand","embeddable":true,"href":"https:\/\/www.medienlb.com\/en\/wp-json\/wp\/v2\/product_brand?post=15657"},{"taxonomy":"product_cat","embeddable":true,"href":"https:\/\/www.medienlb.com\/en\/wp-json\/wp\/v2\/product_cat?post=15657"},{"taxonomy":"product_tag","embeddable":true,"href":"https:\/\/www.medienlb.com\/en\/wp-json\/wp\/v2\/product_tag?post=15657"}],"curies":[{"name":"wp","href":"https:\/\/api.w.org\/{rel}","templated":true}]}}