{"id":15459,"date":"2023-12-20T18:05:17","date_gmt":"2023-12-20T18:05:17","guid":{"rendered":"https:\/\/medienlb.com\/produkt\/gummi\/"},"modified":"2025-02-07T13:53:06","modified_gmt":"2025-02-07T13:53:06","slug":"gummi","status":"publish","type":"product","link":"https:\/\/www.medienlb.com\/en\/produkt\/gummi\/","title":{"rendered":"Gummi"},"content":{"rendered":"<p>Heutzutage einen Industriezweig zu finden, der ohne Gummi auskommt, ist denkbar schwierig. In dieser Folge gehen Joey Grit Winkler und Fero Andersen der Frage nach: Was ist Gummi eigentlich und wie wird er hergestellt?<br \/>\nDie unentbehrliche Grundlage f\u00fcr Gummi ist Kautschuk, der wei\u00dfe Saft des Kautschukbaumes. Dieser Baum kam urspr\u00fcnglich nur in S\u00fcdamerika vor und so waren es alte, s\u00fcdamerikanische Hochkulturen, die vor \u00fcber 800 Jahren Kautschuk nutzbar machten, indem sie ihn zu einem Ball formten, um einem rituellen Ballspiel nachgehen zu k\u00f6nnen. Auch heute ist Kautschuk die Grundlage schlechthin f\u00fcr Gummi. Kautschukb\u00e4ume werden allerdings nicht mehr nur in S\u00fcdamerika, sondern in tropischen Gebieten rund um den Globus angebaut: Die Nachfrage nach Gummi auf dem Weltmarkt ist enorm.<\/p>\n","protected":false},"excerpt":{"rendered":"<p>Heutzutage einen Industriezweig zu finden, der ohne Gummi auskommt, ist denkbar schwierig. In dieser Folge gehen Joey Grit Winkler und Fero Andersen der Frage nach: Was ist Gummi eigentlich und wie wird er hergestellt?<\/p>\n","protected":false},"featured_media":15457,"template":"","meta":{"_acf_changed":false},"product_brand":[],"product_cat":[70],"product_tag":[113,125],"class_list":{"0":"post-15459","1":"product","2":"type-product","3":"status-publish","4":"has-post-thumbnail","6":"product_cat-film","7":"product_tag-subject-chemie","8":"product_tag-target-sek-i","9":"product_shipping_class-dvd-versand","11":"first","12":"instock","13":"taxable","14":"shipping-taxable","15":"purchasable","16":"product-type-variable"},"acf":{"subtitle":"Der flexible Allesk\u00f6nner","article_id":"4667154 \/ 5558680","languages":"DE","thumb_up":false,"cover_image":27939,"linked_product":"","linked_products":null,"banner":{"show":true,"text":"","color":""},"length":"40:46 min","content_movie":"Im ausf\u00fchrlichen PC-ROM-Teil:\r\nauf den Film abgestimmtes Begleitmaterial:\r\n9 Seiten Arbeitsbl\u00e4tter!\r\n4 Arbeitsbl\u00e4tter f\u00fcr interaktive Whiteboards!\r\nArbeitsbl\u00e4tter und Interaktive Materialien (Auszug)","learning_goals":"","preview_gif":15456,"trailer":{"file":"","url":"https:\/\/www.lehrmediathek.de\/trailer\/Gummi_001.mp4","image":15465},"mediathek_id":"","amount":"","demo_url":"","h5p_demo_id":"","content_interactive":"","hide_numbers":false,"flyer":"","info_columns":null},"_links":{"self":[{"href":"https:\/\/www.medienlb.com\/en\/wp-json\/wp\/v2\/product\/15459","targetHints":{"allow":["GET"]}}],"collection":[{"href":"https:\/\/www.medienlb.com\/en\/wp-json\/wp\/v2\/product"}],"about":[{"href":"https:\/\/www.medienlb.com\/en\/wp-json\/wp\/v2\/types\/product"}],"wp:featuredmedia":[{"embeddable":true,"href":"https:\/\/www.medienlb.com\/en\/wp-json\/wp\/v2\/media\/15457"}],"wp:attachment":[{"href":"https:\/\/www.medienlb.com\/en\/wp-json\/wp\/v2\/media?parent=15459"}],"wp:term":[{"taxonomy":"product_brand","embeddable":true,"href":"https:\/\/www.medienlb.com\/en\/wp-json\/wp\/v2\/product_brand?post=15459"},{"taxonomy":"product_cat","embeddable":true,"href":"https:\/\/www.medienlb.com\/en\/wp-json\/wp\/v2\/product_cat?post=15459"},{"taxonomy":"product_tag","embeddable":true,"href":"https:\/\/www.medienlb.com\/en\/wp-json\/wp\/v2\/product_tag?post=15459"}],"curies":[{"name":"wp","href":"https:\/\/api.w.org\/{rel}","templated":true}]}}