{"id":15222,"date":"2023-12-20T18:05:17","date_gmt":"2023-12-20T18:05:17","guid":{"rendered":"https:\/\/medienlb.com\/produkt\/wie-chemiker-arbeiten\/"},"modified":"2025-02-07T13:54:20","modified_gmt":"2025-02-07T13:54:20","slug":"wie-chemiker-arbeiten","status":"publish","type":"product","link":"https:\/\/www.medienlb.com\/en\/produkt\/wie-chemiker-arbeiten\/","title":{"rendered":"Wie Chemiker arbeiten"},"content":{"rendered":"<p>Chemie begegnet uns permanent im Alltag, beim Kochen, Putzen oder Backen.<br \/>\nDer Film zeigt in aufw\u00e4ndigen Animationen den Aufbau der Elemente auf der Ebene der Atome und Molek\u00fcle und erkl\u00e4rt anschaulich, wie chemische Reaktionen zustande kommen.<br \/>\nDie wesentlichen Verfahren der Chemie, die qualitativen und quantitativen Nachweise sowie die Synthese werden in anschaulichen Experimenten vorgestellt.<br \/>\nAusgehend von einer Erkl\u00e4rung des Katalysators wird der Bogen zur Industrie und der Darstellung des Haber-Bosch-Verfahrens zur Ammoniaksynthese gespannt.<\/p>\n<p>Ganz neu ist der Einsatz von interaktiven Aufgaben und Videos, die den Lernerfolg und \u2013 spa\u00df deutlich erh\u00f6hen.<br \/>\nDank der verwendeten H5P-Software sind die interaktiven Aufgaben ohne zus\u00e4tzliche Software verwendbar.<\/p>\n","protected":false},"excerpt":{"rendered":"<p>Chemie begegnet uns permanent im Alltag, beim Kochen, Putzen oder Backen.<\/p>\n","protected":false},"featured_media":15220,"template":"","meta":{"_acf_changed":false},"product_brand":[],"product_cat":[70],"product_tag":[113,125],"class_list":{"0":"post-15222","1":"product","2":"type-product","3":"status-publish","4":"has-post-thumbnail","6":"product_cat-film","7":"product_tag-subject-chemie","8":"product_tag-target-sek-i","9":"product_shipping_class-dvd-versand","11":"first","12":"instock","13":"taxable","14":"shipping-taxable","15":"purchasable","16":"product-type-variable"},"acf":{"subtitle":"Experimente und Industrie","article_id":"4679015 \/ 5565776","languages":"DE","thumb_up":false,"cover_image":27969,"linked_product":"","linked_products":null,"banner":{"show":true,"text":"","color":""},"length":"25:00 min","content_movie":"Im ausf\u00fchrlichen Datenteil der DVD 98 Seiten Unterrichts- und Begleitmaterial, davon:\r\n69 Seiten Arbeitsbl\u00e4tter und Erg\u00e4nzungen mit L\u00f6sungen\r\n20 Testaufgaben\r\n+ Interaktive Aufgaben","learning_goals":"","preview_gif":15219,"trailer":{"file":"","url":"https:\/\/www.lehrmediathek.de\/trailer\/Trailer_Chemiker.mp4","image":15228},"mediathek_id":583,"amount":"","demo_url":"","h5p_demo_id":"","content_interactive":"","hide_numbers":false,"flyer":"","info_columns":null},"_links":{"self":[{"href":"https:\/\/www.medienlb.com\/en\/wp-json\/wp\/v2\/product\/15222","targetHints":{"allow":["GET"]}}],"collection":[{"href":"https:\/\/www.medienlb.com\/en\/wp-json\/wp\/v2\/product"}],"about":[{"href":"https:\/\/www.medienlb.com\/en\/wp-json\/wp\/v2\/types\/product"}],"wp:featuredmedia":[{"embeddable":true,"href":"https:\/\/www.medienlb.com\/en\/wp-json\/wp\/v2\/media\/15220"}],"wp:attachment":[{"href":"https:\/\/www.medienlb.com\/en\/wp-json\/wp\/v2\/media?parent=15222"}],"wp:term":[{"taxonomy":"product_brand","embeddable":true,"href":"https:\/\/www.medienlb.com\/en\/wp-json\/wp\/v2\/product_brand?post=15222"},{"taxonomy":"product_cat","embeddable":true,"href":"https:\/\/www.medienlb.com\/en\/wp-json\/wp\/v2\/product_cat?post=15222"},{"taxonomy":"product_tag","embeddable":true,"href":"https:\/\/www.medienlb.com\/en\/wp-json\/wp\/v2\/product_tag?post=15222"}],"curies":[{"name":"wp","href":"https:\/\/api.w.org\/{rel}","templated":true}]}}