{"id":15163,"date":"2023-12-20T18:05:17","date_gmt":"2023-12-20T18:05:17","guid":{"rendered":"https:\/\/medienlb.com\/produkt\/chemie-im-haushalt-2\/"},"modified":"2025-02-07T13:54:39","modified_gmt":"2025-02-07T13:54:39","slug":"chemie-im-haushalt-2","status":"publish","type":"product","link":"https:\/\/www.medienlb.com\/en\/produkt\/chemie-im-haushalt-2\/","title":{"rendered":"Chemie im Haushalt"},"content":{"rendered":"<p>Backen, Abwaschen, reinigen, \u2013 ganz normale T\u00e4tigkeiten im Haushalt. Dazu nutzen wir meist vielf\u00e4ltige Helfer wie Back- und Reinigungsmittel. Die Allgegenw\u00e4rtigkeit von Chemie und der damit verbundenen chemischen Reaktionen sind uns oft nicht bewusst.<br \/>\nWir gehen deshalb nicht immer mit der gebotenen Aufmerksamkeit und Vorsicht mit chemischen Produkten um. Es kommt hinzu, dass manche Produkte versteckte chemische Substanzen enthalten, die f\u00fcr den Menschen gef\u00e4hrlich sein k\u00f6nnen.<br \/>\nViele Gr\u00fcnde also, Chemie im Haushalt etwas n\u00e4her kennen zu lernen.<br \/>\nIn Verbindung mit dem ausf\u00fchrlichen Zusatzmaterial (Arbeitsbl\u00e4tter, interaktive Aufgaben, Glossar, Testfragen) l\u00e4sst sich das Medium hervorragend im Unterricht verwenden.<br \/>\nDie interaktiven Aufgaben wurden mit H5P erstellt und k\u00f6nnen ohne weitere Software verwendet werden.<\/p>\n","protected":false},"excerpt":{"rendered":"<p>Backen, Abwaschen, reinigen, \u2013 ganz normale T\u00e4tigkeiten im Haushalt. Dazu nutzen wir meist vielf\u00e4ltige Helfer wie Back- und Reinigungsmittel. Die Allgegenw\u00e4rtigkeit von Chemie und der damit verbundenen chemischen Reaktionen sind uns oft nicht bewusst.<\/p>\n","protected":false},"featured_media":15161,"template":"","meta":{"_acf_changed":false},"product_brand":[],"product_cat":[70],"product_tag":[113,125],"class_list":{"0":"post-15163","1":"product","2":"type-product","3":"status-publish","4":"has-post-thumbnail","6":"product_cat-film","7":"product_tag-subject-chemie","8":"product_tag-target-sek-i","9":"product_shipping_class-dvd-versand","11":"first","12":"instock","13":"taxable","14":"shipping-taxable","15":"purchasable","16":"product-type-variable"},"acf":{"subtitle":"Eigenschaften, Funktionen, Kennzeichnung","article_id":"46503483 \/ 55502974","languages":"DE, EN","thumb_up":false,"cover_image":27977,"linked_product":"","linked_products":null,"banner":{"show":true,"text":"","color":""},"length":"21:24 min","content_movie":"Im ausf\u00fchrlichen Datenteil der DVD 89 Seiten Unterrichts- und Begleitmaterial, davon:\r\n20 Seiten Arbeitsbl\u00e4tter und Erg\u00e4nzungen mit L\u00f6sungen\r\n20 Testaufgaben\r\n10\u00a0Interaktive Aufgaben","learning_goals":"","preview_gif":15160,"trailer":{"file":"","url":"https:\/\/www.lehrmediathek.de\/trailer\/Trailer_Chemie_im_Haushalt.mp4","image":15169},"mediathek_id":696,"amount":"","demo_url":"","h5p_demo_id":"","content_interactive":"","hide_numbers":false,"flyer":"","info_columns":null},"_links":{"self":[{"href":"https:\/\/www.medienlb.com\/en\/wp-json\/wp\/v2\/product\/15163","targetHints":{"allow":["GET"]}}],"collection":[{"href":"https:\/\/www.medienlb.com\/en\/wp-json\/wp\/v2\/product"}],"about":[{"href":"https:\/\/www.medienlb.com\/en\/wp-json\/wp\/v2\/types\/product"}],"wp:featuredmedia":[{"embeddable":true,"href":"https:\/\/www.medienlb.com\/en\/wp-json\/wp\/v2\/media\/15161"}],"wp:attachment":[{"href":"https:\/\/www.medienlb.com\/en\/wp-json\/wp\/v2\/media?parent=15163"}],"wp:term":[{"taxonomy":"product_brand","embeddable":true,"href":"https:\/\/www.medienlb.com\/en\/wp-json\/wp\/v2\/product_brand?post=15163"},{"taxonomy":"product_cat","embeddable":true,"href":"https:\/\/www.medienlb.com\/en\/wp-json\/wp\/v2\/product_cat?post=15163"},{"taxonomy":"product_tag","embeddable":true,"href":"https:\/\/www.medienlb.com\/en\/wp-json\/wp\/v2\/product_tag?post=15163"}],"curies":[{"name":"wp","href":"https:\/\/api.w.org\/{rel}","templated":true}]}}