{"id":14192,"date":"2023-12-20T18:05:17","date_gmt":"2023-12-20T18:05:17","guid":{"rendered":"https:\/\/medienlb.com\/produkt\/karl-der-grosse\/"},"modified":"2025-02-07T13:59:55","modified_gmt":"2025-02-07T13:59:55","slug":"karl-der-grosse","status":"publish","type":"product","link":"https:\/\/www.medienlb.com\/en\/produkt\/karl-der-grosse\/","title":{"rendered":"Karl der Gro\u00dfe"},"content":{"rendered":"<p>Ein Beiname Karls des Gro\u00dfen ist \u201ePater Europae\u201c, der \u201eVater Europas\u201c. J\u00e4hrlich wird in Aachen der Karlspreis an Politikerinnen und Politiker verliehen, die sich um die europ\u00e4ische Einigung verdient gemacht haben.<br \/>\nUnd in der Tat, das riesige Reich, das er regierte, umfasst die europ\u00e4ischen Kernstaaten und Deutsche wie Franzosen reklamieren ihn gleicherma\u00dfen als den Stammvater ihrer Nation.<br \/>\nDer Film n\u00e4hert sich dieser legendenumwobenen Person an und macht ihn f\u00fcr Sch\u00fclerinnen und Sch\u00fcler fassbar. Er geht der Frage nach ob Karl ein Heiliger oder doch eher ein grausamer Kriegsherr war.<br \/>\nIn Verbindung mit dem umfangreichen Zusatzmaterial (Arbeitsbl\u00e4tter, interaktive Aufgaben, Testfrage) l\u00e4sst sich das Medium hervorragend im Unterricht verwenden.<br \/>\nDie interaktiven Aufgaben wurden mit H5P erstellt und k\u00f6nnen ohne weitere Software verwendet werden.<\/p>\n","protected":false},"excerpt":{"rendered":"<p>Ein Beiname Karls des Gro\u00dfen ist \u201ePater Europae\u201c, der \u201eVater Europas\u201c. J\u00e4hrlich wird in Aachen der Karlspreis an Politikerinnen und Politiker verliehen, die sich um die europ\u00e4ische Einigung verdient gemacht haben.<\/p>\n","protected":false},"featured_media":14190,"template":"","meta":{"_acf_changed":false},"product_brand":[],"product_cat":[70],"product_tag":[109,125],"class_list":{"0":"post-14192","1":"product","2":"type-product","3":"status-publish","4":"has-post-thumbnail","6":"product_cat-film","7":"product_tag-subject-geschichte","8":"product_tag-target-sek-i","9":"product_shipping_class-dvd-versand","11":"first","12":"instock","13":"taxable","14":"shipping-taxable","15":"purchasable","16":"product-type-variable"},"acf":{"subtitle":"Eroberer, Heiliger, Kaiser","article_id":"46500929 \/ 55500685","languages":"DE","thumb_up":false,"cover_image":28104,"linked_product":"","linked_products":null,"banner":{"show":true,"text":"","color":""},"length":"28:35 min","content_movie":"Im ausf\u00fchrlichen Datenteil der DVD 82 Seiten Unterrichts- und Begleitmaterial, davon:\r\n18 Seiten Arbeitsbl\u00e4tter und Erg\u00e4nzungen mit L\u00f6sungen\r\n20 Testaufgaben\r\n6 Interaktive Aufgaben","learning_goals":"","preview_gif":14189,"trailer":{"file":"","url":"https:\/\/www.lehrmediathek.de\/trailer\/Trailer_Karl_der_Grosse.mp4","image":14198},"mediathek_id":635,"amount":"","demo_url":"","h5p_demo_id":"","content_interactive":"","hide_numbers":false,"flyer":"","info_columns":null},"_links":{"self":[{"href":"https:\/\/www.medienlb.com\/en\/wp-json\/wp\/v2\/product\/14192","targetHints":{"allow":["GET"]}}],"collection":[{"href":"https:\/\/www.medienlb.com\/en\/wp-json\/wp\/v2\/product"}],"about":[{"href":"https:\/\/www.medienlb.com\/en\/wp-json\/wp\/v2\/types\/product"}],"wp:featuredmedia":[{"embeddable":true,"href":"https:\/\/www.medienlb.com\/en\/wp-json\/wp\/v2\/media\/14190"}],"wp:attachment":[{"href":"https:\/\/www.medienlb.com\/en\/wp-json\/wp\/v2\/media?parent=14192"}],"wp:term":[{"taxonomy":"product_brand","embeddable":true,"href":"https:\/\/www.medienlb.com\/en\/wp-json\/wp\/v2\/product_brand?post=14192"},{"taxonomy":"product_cat","embeddable":true,"href":"https:\/\/www.medienlb.com\/en\/wp-json\/wp\/v2\/product_cat?post=14192"},{"taxonomy":"product_tag","embeddable":true,"href":"https:\/\/www.medienlb.com\/en\/wp-json\/wp\/v2\/product_tag?post=14192"}],"curies":[{"name":"wp","href":"https:\/\/api.w.org\/{rel}","templated":true}]}}