{"id":14181,"date":"2023-12-20T18:05:17","date_gmt":"2023-12-20T18:05:17","guid":{"rendered":"https:\/\/medienlb.com\/produkt\/archaeologie\/"},"modified":"2025-02-07T14:00:00","modified_gmt":"2025-02-07T14:00:00","slug":"archaeologie","status":"publish","type":"product","link":"https:\/\/www.medienlb.com\/en\/produkt\/archaeologie\/","title":{"rendered":"Arch\u00e4ologie"},"content":{"rendered":"<p>Wo der Mensch lebt, hinterl\u00e4sst er materielle Spuren, die teilweise viele tausend Jahre im Boden erhalten bleiben.<br \/>\nDer Film stellt die Arbeit der Arch\u00e4ologie vor, die diese Spuren birgt, erh\u00e4lt und zum Sprechen bringt.<br \/>\nWie die Arch\u00e4ologinnen und Arch\u00e4ologen mit anderen Wissenschaften zusammenarbeiten, welche Methoden sie anwenden, was es mit der Experimentalarch\u00e4ologie auf sich hat, das wird auf anschauliche Weise erkl\u00e4rt.<br \/>\nF\u00fcr den Einsatz im Unterricht eignet sich das Medium hervorragend aufgrund des umfangreichen Zusatzmaterials (Arbeitsbl\u00e4tter, interaktive Aufgaben, Glossar).<br \/>\nDie interaktiven Aufgaben, das Glossar und die Testfragen wurden mit H5P erstellt und k\u00f6nnen ohne weitere Software verwendet werden.<\/p>\n","protected":false},"excerpt":{"rendered":"<p>Wo der Mensch lebt, hinterl\u00e4sst er materielle Spuren, die teilweise viele tausend Jahre im Boden erhalten bleiben.<\/p>\n","protected":false},"featured_media":14179,"template":"","meta":{"_acf_changed":false},"product_brand":[],"product_cat":[70],"product_tag":[109,125],"class_list":{"0":"post-14181","1":"product","2":"type-product","3":"status-publish","4":"has-post-thumbnail","6":"product_cat-film","7":"product_tag-subject-geschichte","8":"product_tag-target-sek-i","9":"product_shipping_class-dvd-versand","11":"first","12":"instock","13":"taxable","14":"shipping-taxable","15":"purchasable","16":"product-type-variable"},"acf":{"subtitle":"Ausgraben, Konservieren, Pr\u00e4sentieren","article_id":"46502035 \/ 55501639","languages":"DE","thumb_up":true,"cover_image":28106,"linked_product":"","linked_products":null,"banner":{"show":true,"text":"","color":""},"length":"14:51 min","content_movie":"Im ausf\u00fchrlichen Datenteil der DVD 73 Seiten Unterrichts- und Begleitmaterial, davon:\r\n18 Seiten Arbeitsbl\u00e4tter und Erg\u00e4nzungen mit L\u00f6sungen\r\n18 Testaufgaben\r\n12 Interaktive Aufgaben","learning_goals":"","preview_gif":14178,"trailer":{"file":"","url":"https:\/\/www.lehrmediathek.de\/trailer\/Trailer_Archaeologie.mp4","image":14187},"mediathek_id":651,"amount":"","demo_url":"","h5p_demo_id":"","content_interactive":"","hide_numbers":false,"flyer":"","info_columns":null},"_links":{"self":[{"href":"https:\/\/www.medienlb.com\/en\/wp-json\/wp\/v2\/product\/14181","targetHints":{"allow":["GET"]}}],"collection":[{"href":"https:\/\/www.medienlb.com\/en\/wp-json\/wp\/v2\/product"}],"about":[{"href":"https:\/\/www.medienlb.com\/en\/wp-json\/wp\/v2\/types\/product"}],"wp:featuredmedia":[{"embeddable":true,"href":"https:\/\/www.medienlb.com\/en\/wp-json\/wp\/v2\/media\/14179"}],"wp:attachment":[{"href":"https:\/\/www.medienlb.com\/en\/wp-json\/wp\/v2\/media?parent=14181"}],"wp:term":[{"taxonomy":"product_brand","embeddable":true,"href":"https:\/\/www.medienlb.com\/en\/wp-json\/wp\/v2\/product_brand?post=14181"},{"taxonomy":"product_cat","embeddable":true,"href":"https:\/\/www.medienlb.com\/en\/wp-json\/wp\/v2\/product_cat?post=14181"},{"taxonomy":"product_tag","embeddable":true,"href":"https:\/\/www.medienlb.com\/en\/wp-json\/wp\/v2\/product_tag?post=14181"}],"curies":[{"name":"wp","href":"https:\/\/api.w.org\/{rel}","templated":true}]}}