{"id":14170,"date":"2023-12-20T18:05:17","date_gmt":"2023-12-20T18:05:17","guid":{"rendered":"https:\/\/medienlb.com\/produkt\/otto-von-bismarck\/"},"modified":"2025-11-24T06:49:59","modified_gmt":"2025-11-24T06:49:59","slug":"otto-von-bismarck","status":"publish","type":"product","link":"https:\/\/www.medienlb.com\/en\/produkt\/otto-von-bismarck\/","title":{"rendered":"Otto von Bismarck"},"content":{"rendered":"<p>Otto von Bismarck war der pr\u00e4gende Staatsmann im Europa der zweiten H\u00e4lfte des 19. Jahrhunderts. Seine Pers\u00f6nlichkeit, sein innen- und au\u00dfenpolitisches Handeln und die Bewertung durch die Nachwelt sind indes sehr widerspr\u00fcchlich.<br \/>\nEr f\u00fchrte eine Sozialgesetzgebung ein, die bis heute in ihrem Kern in Deutschland gilt und bek\u00e4mpfte doch auf das Heftigste die Sozialdemokratie.<br \/>\nEr betonte, dass Deutschland \u201esaturiert\u201c sei und friedlich mit seinen Nachbarn zusammenleben wolle und hat doch die Einigung mit \u201eEisen und Blut\u201c unter Bedingungen, die den Nachbarn Frankreich auf das Tiefste dem\u00fctigten, herbeigef\u00fchrt.<br \/>\nWurden ab den 1870 Jahren landauf, landab Bismarckdenkm\u00e4ler errichtet, so wurde er von Kaiser Wilhelm II. kurz nach dessen Thronbesteigung entlassen und seine Politik revidiert.<br \/>\nDer Film n\u00e4hert sich diesen Widerspr\u00fcchen und stellt sie teils mit Spielszenen dar.<br \/>\nIn Verbindung mit dem umfangreichen Zusatzmaterial (klassische und interaktive Arbeitsbl\u00e4tter, Testfragen, Glossar) l\u00e4sst sich das Medium hervorragend im Unterricht verwenden.<\/p>\n","protected":false},"excerpt":{"rendered":"<p>Otto von Bismarck war der pr\u00e4gende Staatsmann im Europa der zweiten H\u00e4lfte des 19. Jahrhunderts. Seine Pers\u00f6nlichkeit, sein innen- und au\u00dfenpolitisches Handeln und die Bewertung durch die Nachwelt sind indes sehr widerspr\u00fcchlich.<\/p>\n","protected":false},"featured_media":14168,"template":"","meta":{"_acf_changed":false},"product_brand":[],"product_cat":[70],"product_tag":[204,109,125],"class_list":{"0":"post-14170","1":"product","2":"type-product","3":"status-publish","4":"has-post-thumbnail","6":"product_cat-film","7":"product_tag-abitur","8":"product_tag-subject-geschichte","9":"product_tag-target-sek-i","10":"product_shipping_class-dvd-versand","12":"first","13":"instock","14":"taxable","15":"shipping-taxable","16":"purchasable","17":"product-type-variable"},"acf":{"subtitle":"Leben und Wirken","article_id":"46502144 \/ 55501769","languages":"DE","thumb_up":false,"cover_image":28108,"linked_product":"","linked_products":null,"banner":{"show":true,"text":"","color":""},"length":"22:38 min","content_movie":"Im ausf\u00fchrlichen Datenteil der DVD 82 Seiten Unterrichts- und Begleitmaterial, davon:\r\n24 Seiten Arbeitsbl\u00e4tter und Erg\u00e4nzungen mit L\u00f6sungen\r\n20 Testaufgaben\r\n10 Interaktive Aufgaben\r\n\r\n&nbsp;\r\n\r\nF\u00fcr die Vorbereitung auf das Abitur geeignet.","learning_goals":"","preview_gif":14167,"trailer":{"file":"","url":"https:\/\/www.lehrmediathek.de\/trailer\/Bismarck_Trailer.mp4","image":14176},"mediathek_id":657,"amount":"","demo_url":"","h5p_demo_id":"","content_interactive":"","hide_numbers":false,"flyer":"","info_columns":null},"_links":{"self":[{"href":"https:\/\/www.medienlb.com\/en\/wp-json\/wp\/v2\/product\/14170","targetHints":{"allow":["GET"]}}],"collection":[{"href":"https:\/\/www.medienlb.com\/en\/wp-json\/wp\/v2\/product"}],"about":[{"href":"https:\/\/www.medienlb.com\/en\/wp-json\/wp\/v2\/types\/product"}],"wp:featuredmedia":[{"embeddable":true,"href":"https:\/\/www.medienlb.com\/en\/wp-json\/wp\/v2\/media\/14168"}],"wp:attachment":[{"href":"https:\/\/www.medienlb.com\/en\/wp-json\/wp\/v2\/media?parent=14170"}],"wp:term":[{"taxonomy":"product_brand","embeddable":true,"href":"https:\/\/www.medienlb.com\/en\/wp-json\/wp\/v2\/product_brand?post=14170"},{"taxonomy":"product_cat","embeddable":true,"href":"https:\/\/www.medienlb.com\/en\/wp-json\/wp\/v2\/product_cat?post=14170"},{"taxonomy":"product_tag","embeddable":true,"href":"https:\/\/www.medienlb.com\/en\/wp-json\/wp\/v2\/product_tag?post=14170"}],"curies":[{"name":"wp","href":"https:\/\/api.w.org\/{rel}","templated":true}]}}