{"id":14148,"date":"2023-12-20T18:05:17","date_gmt":"2023-12-20T18:05:17","guid":{"rendered":"https:\/\/medienlb.com\/produkt\/preussen-i\/"},"modified":"2025-02-07T14:00:10","modified_gmt":"2025-02-07T14:00:10","slug":"preussen-i","status":"publish","type":"product","link":"https:\/\/www.medienlb.com\/en\/produkt\/preussen-i\/","title":{"rendered":"Preu\u00dfen I"},"content":{"rendered":"<p>Was sp\u00e4ter Preu\u00dfen genannt wurde, war zun\u00e4chst ein geografischer Flickenteppich von kleinen F\u00fcrstent\u00fcmern und K\u00f6nigreichen. Diese L\u00e4ndereien miteinander zu verbinden, wurde das Ziel aller folgenden preu\u00dfischer Herrscher.<br \/>\nDer Film nimmt uns mit auf eine historische Reise \u00fcber den Aufstieg Preu\u00dfens vom kleinen, an Bodensch\u00e4tzen armen Territorium um Berlin zur dominierenden Macht auf dem europ\u00e4ischen Kontinent.<br \/>\nNeben der chronologischen Darstellung der milit\u00e4rischen Ereignisse gibt es Wissenswertes zu Staat und Gesellschaft, dem Dreiklassenwahlrecht, Universit\u00e4ten und Wissenschaft und die Entwicklung vom Agrar- zum Industriestaat.<br \/>\nIn Verbindung mit dem ausf\u00fchrlichen Zusatzmaterial (Arbeitsbl\u00e4tter, interaktive Aufgaben, Glossar, Testfragen) l\u00e4sst sich das Medium hervorragend im Unterricht verwenden.<br \/>\nDie interaktiven Aufgaben wurden mit H5P erstellt und k\u00f6nnen ohne weitere Software verwendet werden.<\/p>\n","protected":false},"excerpt":{"rendered":"<p>Was sp\u00e4ter Preu\u00dfen genannt wurde, war zun\u00e4chst ein geografischer Flickenteppich von kleinen F\u00fcrstent\u00fcmern und K\u00f6nigreichen. Diese L\u00e4ndereien miteinander zu verbinden, wurde das Ziel aller folgenden preu\u00dfischer Herrscher.<\/p>\n","protected":false},"featured_media":14146,"template":"","meta":{"_acf_changed":false},"product_brand":[],"product_cat":[70],"product_tag":[109,125],"class_list":{"0":"post-14148","1":"product","2":"type-product","3":"status-publish","4":"has-post-thumbnail","6":"product_cat-film","7":"product_tag-subject-geschichte","8":"product_tag-target-sek-i","9":"product_shipping_class-dvd-versand","11":"first","12":"instock","13":"taxable","14":"shipping-taxable","15":"purchasable","16":"product-type-variable"},"acf":{"subtitle":"Anf\u00e4nge, Zusammenbruch, Reformzeit","article_id":"46503512 \/ 55502986","languages":"DE","thumb_up":false,"cover_image":28110,"linked_product":"","linked_products":null,"banner":{"show":true,"text":"","color":""},"length":"24:03 min","content_movie":"Im ausf\u00fchrlichen Datenteil der DVD 82 Seiten Unterrichts- und Begleitmaterial, davon:\r\n24\u00a0Seiten Arbeitsbl\u00e4tter und Erg\u00e4nzungen mit L\u00f6sungen\r\n22\u00a0Testaufgaben\r\n10Interaktive Aufgaben","learning_goals":"","preview_gif":14145,"trailer":{"file":"","url":"https:\/\/www.lehrmediathek.de\/trailer\/Preu\u00dfen_I_Trailer.mp4","image":14154},"mediathek_id":689,"amount":"","demo_url":"","h5p_demo_id":"","content_interactive":"","hide_numbers":false,"flyer":"","info_columns":null},"_links":{"self":[{"href":"https:\/\/www.medienlb.com\/en\/wp-json\/wp\/v2\/product\/14148","targetHints":{"allow":["GET"]}}],"collection":[{"href":"https:\/\/www.medienlb.com\/en\/wp-json\/wp\/v2\/product"}],"about":[{"href":"https:\/\/www.medienlb.com\/en\/wp-json\/wp\/v2\/types\/product"}],"wp:featuredmedia":[{"embeddable":true,"href":"https:\/\/www.medienlb.com\/en\/wp-json\/wp\/v2\/media\/14146"}],"wp:attachment":[{"href":"https:\/\/www.medienlb.com\/en\/wp-json\/wp\/v2\/media?parent=14148"}],"wp:term":[{"taxonomy":"product_brand","embeddable":true,"href":"https:\/\/www.medienlb.com\/en\/wp-json\/wp\/v2\/product_brand?post=14148"},{"taxonomy":"product_cat","embeddable":true,"href":"https:\/\/www.medienlb.com\/en\/wp-json\/wp\/v2\/product_cat?post=14148"},{"taxonomy":"product_tag","embeddable":true,"href":"https:\/\/www.medienlb.com\/en\/wp-json\/wp\/v2\/product_tag?post=14148"}],"curies":[{"name":"wp","href":"https:\/\/api.w.org\/{rel}","templated":true}]}}