{"id":14137,"date":"2023-12-20T18:05:17","date_gmt":"2023-12-20T18:05:17","guid":{"rendered":"https:\/\/medienlb.com\/produkt\/preussen-ii\/"},"modified":"2025-02-07T14:00:15","modified_gmt":"2025-02-07T14:00:15","slug":"preussen-ii","status":"publish","type":"product","link":"https:\/\/www.medienlb.com\/en\/produkt\/preussen-ii\/","title":{"rendered":"Preu\u00dfen II"},"content":{"rendered":"<p>Dieser zweite Teil unserer Filmreihe \u00fcber Preu\u00dfen berichtet \u00fcber die Politik des letzten preu\u00dfischen K\u00f6nigs und sp\u00e4teren deutschen Kaisers Wilhelm I. Vom Aufstieg zum Deutschen Kaiserreich bis hin zu Preu\u00dfens Untergang. Die Aufl\u00f6sung Preu\u00dfens nach Ende des 2. Weltkrieges setzte einen Schlusspunkt unter eine Jahrhunderte alte wechselvolle Geschichte. Der Name Preu\u00dfen ist untrennbar verbunden mit Aufkl\u00e4rung und Toleranz, verk\u00f6rpert etwa in Friedrich dem Gro\u00dfen, verbunden aber auch mit Militarismus, Ma\u00dflosigkeit und Selbst\u00fcbersch\u00e4tzung Wilhelms II. Das Nachdenken \u00fcber Preu\u00dfen stand in den letzten Jahrzehnten im Schatten der hitzigen Debatten \u00fcber die deutsche Geschichte.<br \/>\nIn Verbindung mit dem ausf\u00fchrlichen Zusatzmaterial (Arbeitsbl\u00e4tter, interaktive Aufgaben, Glossar, Testfragen) l\u00e4sst sich das Medium hervorragend im Unterricht verwenden. Die interaktiven Aufgaben wurden mit H5P erstellt und k\u00f6nnen ohne weitere<br \/>\nSoftware verwendet werden.<\/p>\n","protected":false},"excerpt":{"rendered":"<p>Dieser zweite Teil unserer Filmreihe \u00fcber Preu\u00dfen berichtet \u00fcber die Politik des letzten preu\u00dfischen K\u00f6nigs und sp\u00e4teren deutschen Kaisers Wilhelm I. Vom Aufstieg zum Deutschen Kaiserreich bis hin zu Preu\u00dfens Untergang. Die Aufl\u00f6sung Preu\u00dfens nach Ende des 2. Weltkrieges setzte einen Schlusspunkt unter eine Jahrhunderte alte wechselvolle Geschichte. Der Name Preu\u00dfen ist untrennbar verbunden mit Aufkl\u00e4rung und Toleranz, verk\u00f6rpert etwa in Friedrich dem Gro\u00dfen, verbunden aber auch mit Militarismus, Ma\u00dflosigkeit und Selbst\u00fcbersch\u00e4tzung Wilhelms II. Das Nachdenken \u00fcber Preu\u00dfen stand in den letzten Jahrzehnten im Schatten der hitzigen Debatten \u00fcber die deutsche Geschichte.<\/p>\n","protected":false},"featured_media":14135,"template":"","meta":{"_acf_changed":false},"product_brand":[],"product_cat":[70],"product_tag":[109,125],"class_list":{"0":"post-14137","1":"product","2":"type-product","3":"status-publish","4":"has-post-thumbnail","6":"product_cat-film","7":"product_tag-subject-geschichte","8":"product_tag-target-sek-i","9":"product_shipping_class-dvd-versand","11":"first","12":"instock","13":"taxable","14":"shipping-taxable","15":"purchasable","16":"product-type-variable"},"acf":{"subtitle":"Deutsches Reich, Erster Weltkrieg, Mythos","article_id":"46504304 \/ 55503359","languages":"DE","thumb_up":true,"cover_image":28112,"linked_product":"","linked_products":null,"banner":{"show":true,"text":"","color":""},"length":"20:32 min","content_movie":"Im ausf\u00fchrlichen Datenteil der DVD 68\u00a0Seiten Unterrichts- und Begleitmaterial, davon:\r\n12 Seiten Arbeitsbl\u00e4tter und Erg\u00e4nzungen mit L\u00f6sungen\r\n13 Testaufgaben\r\n10 Interaktive Aufgaben","learning_goals":"","preview_gif":14134,"trailer":{"file":"","url":"https:\/\/www.lehrmediathek.de\/trailer\/Preu\u00dfen_II_Trailer.mp4","image":14143},"mediathek_id":690,"amount":"","demo_url":"","h5p_demo_id":"","content_interactive":"","hide_numbers":false,"flyer":"","info_columns":null},"_links":{"self":[{"href":"https:\/\/www.medienlb.com\/en\/wp-json\/wp\/v2\/product\/14137","targetHints":{"allow":["GET"]}}],"collection":[{"href":"https:\/\/www.medienlb.com\/en\/wp-json\/wp\/v2\/product"}],"about":[{"href":"https:\/\/www.medienlb.com\/en\/wp-json\/wp\/v2\/types\/product"}],"wp:featuredmedia":[{"embeddable":true,"href":"https:\/\/www.medienlb.com\/en\/wp-json\/wp\/v2\/media\/14135"}],"wp:attachment":[{"href":"https:\/\/www.medienlb.com\/en\/wp-json\/wp\/v2\/media?parent=14137"}],"wp:term":[{"taxonomy":"product_brand","embeddable":true,"href":"https:\/\/www.medienlb.com\/en\/wp-json\/wp\/v2\/product_brand?post=14137"},{"taxonomy":"product_cat","embeddable":true,"href":"https:\/\/www.medienlb.com\/en\/wp-json\/wp\/v2\/product_cat?post=14137"},{"taxonomy":"product_tag","embeddable":true,"href":"https:\/\/www.medienlb.com\/en\/wp-json\/wp\/v2\/product_tag?post=14137"}],"curies":[{"name":"wp","href":"https:\/\/api.w.org\/{rel}","templated":true}]}}