{"id":14106,"date":"2023-12-20T18:05:17","date_gmt":"2023-12-20T18:05:17","guid":{"rendered":"https:\/\/medienlb.com\/produkt\/quellen-der-geschichte\/"},"modified":"2025-02-07T14:00:31","modified_gmt":"2025-02-07T14:00:31","slug":"quellen-der-geschichte","status":"publish","type":"product","link":"https:\/\/www.medienlb.com\/en\/produkt\/quellen-der-geschichte\/","title":{"rendered":"Quellen der Geschichte"},"content":{"rendered":"<p>Der Schl\u00fcssel f\u00fcr das Verstehen von Geschichte sind Zeitzeugnisse. Sie zu lesen und zu deuten ist die Grundlage f\u00fcr ein historisches Bewusstsein. Der Film erl\u00e4utert in anschaulicher Weise die unterschiedlichen Arten von Geschichtsquellen. Die Zuschauer:innen werden sensibilisiert f\u00fcr den Blick auf eine vorhandene \u2013 oder nicht vorhandene \u2013 \u00dcberlieferungsabsicht und bekommen ein Verst\u00e4ndnis f\u00fcr die Multiperspektivit\u00e4t.<\/p>\n<p>&nbsp;<\/p>\n","protected":false},"excerpt":{"rendered":"<p>Der Schl\u00fcssel f\u00fcr das Verstehen von Geschichte sind Zeitzeugnisse. Sie zu lesen und zu deuten ist die Grundlage f\u00fcr ein historisches Bewusstsein. Der Film erl\u00e4utert in anschaulicher Weise die unterschiedlichen Arten von Geschichtsquellen. Die Zuschauer:innen werden sensibilisiert f\u00fcr den Blick auf eine vorhandene \u2013 oder nicht vorhandene \u2013 \u00dcberlieferungsabsicht und bekommen ein Verst\u00e4ndnis f\u00fcr die Multiperspektivit\u00e4t.<\/p>\n","protected":false},"featured_media":14104,"template":"","meta":{"_acf_changed":false},"product_brand":[],"product_cat":[70],"product_tag":[109,125],"class_list":{"0":"post-14106","1":"product","2":"type-product","3":"status-publish","4":"has-post-thumbnail","6":"product_cat-film","7":"product_tag-subject-geschichte","8":"product_tag-target-sek-i","9":"product_shipping_class-dvd-versand","11":"first","12":"instock","13":"taxable","14":"shipping-taxable","15":"purchasable","16":"product-type-variable"},"acf":{"subtitle":"Lesen und Deuten","article_id":"46504556 \/ 55503724","languages":"DE","thumb_up":true,"cover_image":28118,"linked_product":"","linked_products":null,"banner":{"show":true,"text":"","color":""},"length":"29:21 min","content_movie":"","learning_goals":"Die Sch\u00fcler:innen unterscheiden zwischen Quellen und Darstellungen.\r\nDie Sch\u00fcler:innen interpretieren unterschiedliche Quellen.\r\nDie Sch\u00fcler:innen betrachten historische Ereignisse aus verschiedenen Perspektiven.","preview_gif":14103,"trailer":{"file":"","url":"https:\/\/www.lehrmediathek.de\/trailer\/Trailer_Zeitzeugnisse.mp4","image":14112},"mediathek_id":736,"amount":"","demo_url":"","h5p_demo_id":"","content_interactive":"","hide_numbers":false,"flyer":"","info_columns":null},"_links":{"self":[{"href":"https:\/\/www.medienlb.com\/en\/wp-json\/wp\/v2\/product\/14106","targetHints":{"allow":["GET"]}}],"collection":[{"href":"https:\/\/www.medienlb.com\/en\/wp-json\/wp\/v2\/product"}],"about":[{"href":"https:\/\/www.medienlb.com\/en\/wp-json\/wp\/v2\/types\/product"}],"wp:featuredmedia":[{"embeddable":true,"href":"https:\/\/www.medienlb.com\/en\/wp-json\/wp\/v2\/media\/14104"}],"wp:attachment":[{"href":"https:\/\/www.medienlb.com\/en\/wp-json\/wp\/v2\/media?parent=14106"}],"wp:term":[{"taxonomy":"product_brand","embeddable":true,"href":"https:\/\/www.medienlb.com\/en\/wp-json\/wp\/v2\/product_brand?post=14106"},{"taxonomy":"product_cat","embeddable":true,"href":"https:\/\/www.medienlb.com\/en\/wp-json\/wp\/v2\/product_cat?post=14106"},{"taxonomy":"product_tag","embeddable":true,"href":"https:\/\/www.medienlb.com\/en\/wp-json\/wp\/v2\/product_tag?post=14106"}],"curies":[{"name":"wp","href":"https:\/\/api.w.org\/{rel}","templated":true}]}}