{"id":14073,"date":"2023-12-20T18:05:17","date_gmt":"2023-12-20T18:05:17","guid":{"rendered":"https:\/\/medienlb.com\/produkt\/eisenzeit\/"},"modified":"2025-02-07T14:00:46","modified_gmt":"2025-02-07T14:00:46","slug":"eisenzeit","status":"publish","type":"product","link":"https:\/\/www.medienlb.com\/en\/produkt\/eisenzeit\/","title":{"rendered":"Eisenzeit"},"content":{"rendered":"<p>Vor beinah 3.000 Jahren gelangte die Technik der Eisenherstellung nach Europa. Die Vorteile von Eisen gegen\u00fcber der Bronze waren eine gr\u00f6\u00dfere H\u00e4rte und in Eisenerz ein besser verf\u00fcgbarer Rohstoff. Es erfolgte eine allm\u00e4hliche Verdr\u00e4ngung der Bronze und ungef\u00e4hr ab 700 v.Chr. kann man \u00edn Europa die Epoche der Eisenzeit verorten.<br \/>\nDer Film stellt mit Darstellern und in anschaulichen Szenen die alte Technik der Eisenherstellung vor und beschreibt die historischen Rahmenbedingungen der Eisenzeit.<\/p>\n<p>In Verbindung mit dem umfangreichen Begleitmaterial (Arbeitsbl\u00e4tter, interaktive Aufgaben, Glossar, Testfragen) l\u00e4sst sich das Medium hervorragend im Unterricht verwenden.<\/p>\n<p>Interaktive Aufgaben, Testfragen und Glossar wurden mit H5P erstellt und k\u00f6nnen ohne weitere Software verwendet werden.<\/p>\n","protected":false},"excerpt":{"rendered":"<p>Vor beinah 3.000 Jahren gelangte die Technik der Eisenherstellung nach Europa. Die Vorteile von Eisen gegen\u00fcber der Bronze waren eine gr\u00f6\u00dfere H\u00e4rte und in Eisenerz ein besser verf\u00fcgbarer Rohstoff. Es erfolgte eine allm\u00e4hliche Verdr\u00e4ngung der Bronze und ungef\u00e4hr ab 700 v.Chr. kann man \u00edn Europa die Epoche der Eisenzeit verorten.<\/p>\n","protected":false},"featured_media":14071,"template":"","meta":{"_acf_changed":false},"product_brand":[],"product_cat":[70],"product_tag":[109,125],"class_list":{"0":"post-14073","1":"product","2":"type-product","3":"status-publish","4":"has-post-thumbnail","6":"product_cat-film","7":"product_tag-subject-geschichte","8":"product_tag-target-sek-i","9":"product_shipping_class-dvd-versand","11":"first","12":"instock","13":"taxable","14":"shipping-taxable","15":"purchasable","16":"product-type-variable"},"acf":{"subtitle":"Epoche, Gegenst\u00e4nde, Handwerk","article_id":"46505058 \/ 55504938","languages":"DE","thumb_up":true,"cover_image":28124,"linked_product":"","linked_products":null,"banner":{"show":true,"text":"","color":""},"length":"15:14 min","content_movie":"Im ausf\u00fchrlichen Datenteil der DVD 77 Seiten Unterrichts- und Begleitmaterial, davon:\r\n21 Seiten Arbeitsbl\u00e4tter und Erg\u00e4nzungen mit L\u00f6sungen\r\n20 Testaufgaben\r\n10 Interaktive Aufgaben","learning_goals":"1. Die Sch\u00fcler:innen ordnen die Epoche der Eisenzeit historisch ein\r\n2. Die Sch\u00fcler:innen k\u00f6nnen die antike Technik der Eisenerzeugung beschreiben","preview_gif":14070,"trailer":{"file":"","url":"https:\/\/www.lehrmediathek.de\/trailer\/Eisenzeit_Trailer.mp4","image":14079},"mediathek_id":790,"amount":"","demo_url":"","h5p_demo_id":"","content_interactive":"","hide_numbers":false,"flyer":"","info_columns":null},"_links":{"self":[{"href":"https:\/\/www.medienlb.com\/en\/wp-json\/wp\/v2\/product\/14073","targetHints":{"allow":["GET"]}}],"collection":[{"href":"https:\/\/www.medienlb.com\/en\/wp-json\/wp\/v2\/product"}],"about":[{"href":"https:\/\/www.medienlb.com\/en\/wp-json\/wp\/v2\/types\/product"}],"wp:featuredmedia":[{"embeddable":true,"href":"https:\/\/www.medienlb.com\/en\/wp-json\/wp\/v2\/media\/14071"}],"wp:attachment":[{"href":"https:\/\/www.medienlb.com\/en\/wp-json\/wp\/v2\/media?parent=14073"}],"wp:term":[{"taxonomy":"product_brand","embeddable":true,"href":"https:\/\/www.medienlb.com\/en\/wp-json\/wp\/v2\/product_brand?post=14073"},{"taxonomy":"product_cat","embeddable":true,"href":"https:\/\/www.medienlb.com\/en\/wp-json\/wp\/v2\/product_cat?post=14073"},{"taxonomy":"product_tag","embeddable":true,"href":"https:\/\/www.medienlb.com\/en\/wp-json\/wp\/v2\/product_tag?post=14073"}],"curies":[{"name":"wp","href":"https:\/\/api.w.org\/{rel}","templated":true}]}}