{"id":13822,"date":"2023-12-20T18:05:17","date_gmt":"2023-12-20T18:05:17","guid":{"rendered":"https:\/\/medienlb.com\/produkt\/3d-design-druck-in-der-schule\/"},"modified":"2025-02-07T14:02:08","modified_gmt":"2025-02-07T14:02:08","slug":"3d-design-druck-in-der-schule","status":"publish","type":"product","link":"https:\/\/www.medienlb.com\/en\/produkt\/3d-design-druck-in-der-schule\/","title":{"rendered":"3D-Design &amp; Druck in der Schule"},"content":{"rendered":"<p>Anhand zahlreicher praxisnaher Beispiele zeigt der Film, wie man mit dem 3D-Drucker den Unterricht bereichern kann.<br \/>\nDer Film f\u00fchrt die Zuschauer von der Inbetriebnahme des Ger\u00e4ts bis zur Konstruktion und Herstellung kleiner Objekte.<br \/>\nKonstruiert mit der Tinkercad-Software von Autodesk, werden mit dem 3D-Drucker Eierbecher, Einkaufswagenchips, Zahnr\u00e4der, Schachfiguren und Schl\u00fcsselanh\u00e4nger hergestellt.<br \/>\nZwei Experten f\u00fchren durch den Film und erl\u00e4utern anschaulich, wie man beliebige 3D-Objekte konstruiert, welche Einstellungen wichtig sind und was es beim 3D-Druck zu beachten gilt.<\/p>\n","protected":false},"excerpt":{"rendered":"<p>Anhand zahlreicher praxisnaher Beispiele zeigt der Film, wie man mit dem 3D-Drucker den Unterricht bereichern kann.<\/p>\n","protected":false},"featured_media":20982,"template":"","meta":{"_acf_changed":false},"product_brand":[],"product_cat":[70],"product_tag":[121,105,125,127],"class_list":{"0":"post-13822","1":"product","2":"type-product","3":"status-publish","4":"has-post-thumbnail","6":"product_cat-film","7":"product_tag-subject-lehrerfortbildung","8":"product_tag-subject-technik","9":"product_tag-target-sek-i","10":"product_tag-target-sek-ii","11":"product_shipping_class-dvd-versand","13":"first","14":"instock","15":"taxable","16":"shipping-taxable","17":"purchasable","18":"product-type-variable"},"acf":{"subtitle":"Anwendungen mit Autodesk & Makerbot","article_id":"4678857 \/ 5565629","languages":"DE","thumb_up":true,"cover_image":28156,"linked_product":20764,"linked_products":null,"banner":{"show":true,"text":"","color":""},"length":"55:48 min","content_movie":"Link zur passenden Hardware:\u00a0 <a href=\"https:\/\/www.medienlb.com\/en\/produkt\/3d-drucker-makerbot\/\" target=\"_blank\" rel=\"noopener\">3D Drucker MakerBo<\/a>t","learning_goals":"","preview_gif":13819,"trailer":{"file":"","url":"https:\/\/www.lehrmediathek.de\/trailer\/Trailer_3D-Design_neu.mp4","image":13828},"mediathek_id":529,"amount":"","demo_url":"","h5p_demo_id":"","content_interactive":"","hide_numbers":false,"flyer":"","info_columns":null},"_links":{"self":[{"href":"https:\/\/www.medienlb.com\/en\/wp-json\/wp\/v2\/product\/13822","targetHints":{"allow":["GET"]}}],"collection":[{"href":"https:\/\/www.medienlb.com\/en\/wp-json\/wp\/v2\/product"}],"about":[{"href":"https:\/\/www.medienlb.com\/en\/wp-json\/wp\/v2\/types\/product"}],"acf:post":[{"embeddable":true,"href":"https:\/\/www.medienlb.com\/en\/wp-json\/wp\/v2\/product\/20764"}],"wp:featuredmedia":[{"embeddable":true,"href":"https:\/\/www.medienlb.com\/en\/wp-json\/wp\/v2\/media\/20982"}],"wp:attachment":[{"href":"https:\/\/www.medienlb.com\/en\/wp-json\/wp\/v2\/media?parent=13822"}],"wp:term":[{"taxonomy":"product_brand","embeddable":true,"href":"https:\/\/www.medienlb.com\/en\/wp-json\/wp\/v2\/product_brand?post=13822"},{"taxonomy":"product_cat","embeddable":true,"href":"https:\/\/www.medienlb.com\/en\/wp-json\/wp\/v2\/product_cat?post=13822"},{"taxonomy":"product_tag","embeddable":true,"href":"https:\/\/www.medienlb.com\/en\/wp-json\/wp\/v2\/product_tag?post=13822"}],"curies":[{"name":"wp","href":"https:\/\/api.w.org\/{rel}","templated":true}]}}