{"id":13784,"date":"2023-12-20T18:05:17","date_gmt":"2023-12-20T18:05:17","guid":{"rendered":"https:\/\/medienlb.com\/produkt\/drohne\/"},"modified":"2025-02-07T14:02:23","modified_gmt":"2025-02-07T14:02:23","slug":"drohne","status":"publish","type":"product","link":"https:\/\/www.medienlb.com\/en\/produkt\/drohne\/","title":{"rendered":"Drohne"},"content":{"rendered":"<p>Es gibt sie in Kleinstversionen f\u00fcr den Privatgebrauch ebenso wie in gro\u00dfen, 500 kg schweren Versionen f\u00fcr die milit\u00e4rische Nutzung. Die Rede ist von Drohnen, unbemannten, ferngesteuerten Flugger\u00e4ten.<br \/>\nSie dienen in der Kartographie, der Landwirtschaft, kommen beim Film zum Einsatz, werden bereits zur Auslieferung von Lasten eingesetzt und milit\u00e4risch vor allem zur Aufkl\u00e4rung verwendet.<br \/>\nDer Film stellt die Funktionsweise der Drohnen vor und zeigt die vielf\u00e4ltigen zivilen und milit\u00e4rischen Verwendungsm\u00f6glichkeiten dieses Verkehrsmittels der Zukunft.<br \/>\nIn Verbindung mit dem umfangreichen Zusatzmaterial (Arbeitsbl\u00e4tter, interaktive Aufgaben, Testfragen, Glossar) l\u00e4sst sich das Medium hervorragend im Unterricht verwenden.<br \/>\nDie interaktiven Aufgaben wurden mit H5P erstellt und k\u00f6nnen ohne weitere Software eingesetzt werden.<\/p>\n","protected":false},"excerpt":{"rendered":"<p>Es gibt sie in Kleinstversionen f\u00fcr den Privatgebrauch ebenso wie in gro\u00dfen, 500 kg schweren Versionen f\u00fcr die milit\u00e4rische Nutzung. Die Rede ist von Drohnen, unbemannten, ferngesteuerten Flugger\u00e4ten.<\/p>\n","protected":false},"featured_media":13782,"template":"","meta":{"_acf_changed":false},"product_brand":[],"product_cat":[70],"product_tag":[105,125],"class_list":{"0":"post-13784","1":"product","2":"type-product","3":"status-publish","4":"has-post-thumbnail","6":"product_cat-film","7":"product_tag-subject-technik","8":"product_tag-target-sek-i","9":"product_shipping_class-dvd-versand","11":"first","12":"instock","13":"taxable","14":"shipping-taxable","15":"purchasable","16":"product-type-variable"},"acf":{"subtitle":"Verkehrsmittel der Zukunft","article_id":"46500900 \/ 55500657","languages":"DE","thumb_up":true,"cover_image":28162,"linked_product":[],"linked_products":null,"banner":{"show":true,"text":"","color":""},"length":"15:29 min","content_movie":"Im ausf\u00fchrlichen Datenteil der DVD 74 Seiten Unterrichts- und Begleitmaterial, davon:\r\n20 Seiten Arbeitsbl\u00e4tter und Erg\u00e4nzungen mit L\u00f6sungen\r\n18 Testaufgaben\r\n9 Interaktive Aufgaben","learning_goals":"","preview_gif":13781,"trailer":{"file":"","url":"https:\/\/www.lehrmediathek.de\/trailer\/Trailer_Drohne.mp4","image":13790},"mediathek_id":641,"amount":"","demo_url":"","h5p_demo_id":"","content_interactive":"","hide_numbers":false,"flyer":"","info_columns":null},"_links":{"self":[{"href":"https:\/\/www.medienlb.com\/en\/wp-json\/wp\/v2\/product\/13784","targetHints":{"allow":["GET"]}}],"collection":[{"href":"https:\/\/www.medienlb.com\/en\/wp-json\/wp\/v2\/product"}],"about":[{"href":"https:\/\/www.medienlb.com\/en\/wp-json\/wp\/v2\/types\/product"}],"wp:featuredmedia":[{"embeddable":true,"href":"https:\/\/www.medienlb.com\/en\/wp-json\/wp\/v2\/media\/13782"}],"wp:attachment":[{"href":"https:\/\/www.medienlb.com\/en\/wp-json\/wp\/v2\/media?parent=13784"}],"wp:term":[{"taxonomy":"product_brand","embeddable":true,"href":"https:\/\/www.medienlb.com\/en\/wp-json\/wp\/v2\/product_brand?post=13784"},{"taxonomy":"product_cat","embeddable":true,"href":"https:\/\/www.medienlb.com\/en\/wp-json\/wp\/v2\/product_cat?post=13784"},{"taxonomy":"product_tag","embeddable":true,"href":"https:\/\/www.medienlb.com\/en\/wp-json\/wp\/v2\/product_tag?post=13784"}],"curies":[{"name":"wp","href":"https:\/\/api.w.org\/{rel}","templated":true}]}}