{"id":13773,"date":"2023-12-20T18:05:17","date_gmt":"2023-12-20T18:05:17","guid":{"rendered":"https:\/\/medienlb.com\/produkt\/tonaufzeichnung\/"},"modified":"2025-02-07T14:02:27","modified_gmt":"2025-02-07T14:02:27","slug":"tonaufzeichnung","status":"publish","type":"product","link":"https:\/\/www.medienlb.com\/en\/produkt\/tonaufzeichnung\/","title":{"rendered":"Tonaufzeichnung"},"content":{"rendered":"<p>Jeder kennt sie: externe Speichermedien f\u00fcr Aufzeichnungsger\u00e4te aller Art sowie f\u00fcr PCs und Laptops. Sie sind aus unserer heutigen Zeit nicht mehr wegzudenken.<br \/>\nAb dem sp\u00e4ten 19. Jahrhundert gelang es Kl\u00e4nge einzufangen, um sie haltbar zu machen und bei Bedarf wiederzugeben. In diesem Film geht es um die Erfindungen und Leistungen der Menschen die dieses Wunder m\u00f6glich gemacht haben. Der Phonautograph ein Ger\u00e4t, das Schallwellen sichtbar machen sollte, \u00fcber das von Emil Berliner erfundene Grammophon bis zum MP3-Player werden vorgestellt und in ihrer Wirkungsweise erkl\u00e4rt.<br \/>\nIn Verbindung mit dem umfangreichen Zusatzmaterial (klassische und interaktive Arbeitsbl\u00e4tter, Glossar, Testfragen) l\u00e4sst sich das Medium hervorragend im Unterricht verwenden. Glossar, interaktive Aufgaben und Testfragen wurden mit H5P erstellt und k\u00f6nnen ohne weitere Software verwendet werden.<\/p>\n<p>&nbsp;<\/p>\n","protected":false},"excerpt":{"rendered":"<p>Jeder kennt sie: externe Speichermedien f\u00fcr Aufzeichnungsger\u00e4te aller Art sowie f\u00fcr PCs und Laptops. Sie sind aus unserer heutigen Zeit nicht mehr wegzudenken.<\/p>\n","protected":false},"featured_media":13771,"template":"","meta":{"_acf_changed":false},"product_brand":[],"product_cat":[70],"product_tag":[105,125],"class_list":{"0":"post-13773","1":"product","2":"type-product","3":"status-publish","4":"has-post-thumbnail","6":"product_cat-film","7":"product_tag-subject-technik","8":"product_tag-target-sek-i","9":"product_shipping_class-dvd-versand","11":"first","12":"instock","13":"taxable","14":"shipping-taxable","15":"purchasable","16":"product-type-variable"},"acf":{"subtitle":"Schellack, Magnetband, Laser","article_id":"46503507 \/ 55502981","languages":"DE","thumb_up":true,"cover_image":28164,"linked_product":"","linked_products":null,"banner":{"show":true,"text":"","color":""},"length":"26:36 min","content_movie":"Im ausf\u00fchrlichen Datenteil der DVD 73\u00a0Seiten Unterrichts- und Begleitmaterial, davon:\r\n18 Seiten Arbeitsbl\u00e4tter und Erg\u00e4nzungen mit L\u00f6sungen\r\n20 Testaufgaben\r\n9 Interaktive Aufgaben","learning_goals":"","preview_gif":13770,"trailer":{"file":"","url":"https:\/\/www.lehrmediathek.de\/trailer\/Tonaufzeichnungen_Trailer.mp4","image":13779},"mediathek_id":703,"amount":"","demo_url":"","h5p_demo_id":"","content_interactive":"","hide_numbers":false,"flyer":"","info_columns":null},"_links":{"self":[{"href":"https:\/\/www.medienlb.com\/en\/wp-json\/wp\/v2\/product\/13773","targetHints":{"allow":["GET"]}}],"collection":[{"href":"https:\/\/www.medienlb.com\/en\/wp-json\/wp\/v2\/product"}],"about":[{"href":"https:\/\/www.medienlb.com\/en\/wp-json\/wp\/v2\/types\/product"}],"wp:featuredmedia":[{"embeddable":true,"href":"https:\/\/www.medienlb.com\/en\/wp-json\/wp\/v2\/media\/13771"}],"wp:attachment":[{"href":"https:\/\/www.medienlb.com\/en\/wp-json\/wp\/v2\/media?parent=13773"}],"wp:term":[{"taxonomy":"product_brand","embeddable":true,"href":"https:\/\/www.medienlb.com\/en\/wp-json\/wp\/v2\/product_brand?post=13773"},{"taxonomy":"product_cat","embeddable":true,"href":"https:\/\/www.medienlb.com\/en\/wp-json\/wp\/v2\/product_cat?post=13773"},{"taxonomy":"product_tag","embeddable":true,"href":"https:\/\/www.medienlb.com\/en\/wp-json\/wp\/v2\/product_tag?post=13773"}],"curies":[{"name":"wp","href":"https:\/\/api.w.org\/{rel}","templated":true}]}}