{"id":13708,"date":"2023-12-20T18:05:17","date_gmt":"2023-12-20T18:05:17","guid":{"rendered":"https:\/\/medienlb.com\/produkt\/fahrrad\/"},"modified":"2025-02-07T14:02:52","modified_gmt":"2025-02-07T14:02:52","slug":"fahrrad","status":"publish","type":"product","link":"https:\/\/www.medienlb.com\/en\/produkt\/fahrrad\/","title":{"rendered":"Fahrrad"},"content":{"rendered":"<p>Das Fahrrad ist nicht nur das erste Individualverkehrsmittel gewesen, es ist bis heute auch das preiswerteste geblieben. Fahrradfahren ist zum Lieblingssport der Deutschen geworden. Fero Andersen macht auf dem Rennrad eine Rundtour um den Gardasee. Mit dabei ist ein Fahrradprofi und ein eher untrainierter Mensch \u2013 was passiert im K\u00f6rper der drei Radler? Ist Fahrradfahren wirklich so gesund wie angepriesen und wenn ja, warum? Joey Grit Winkler nimmt mithilfe eines Profis die verschiedenen Fahrradtypen unter die Lupe und erkl\u00e4rt ihre Vorz\u00fcge: Rennrad, Mountainbike, Trekkingrad, Cruiser und Co. \u2013 f\u00fcr welches Terrain eignen sie sich am besten? Die Redewendung \u201eDas ist wie das Fahrradfahren \u2013 das verlernt man nie!\u201c wird h\u00e4ufig verwendet. Wir gehen der Sache auf den Grund: Welche F\u00e4higkeiten brauchen wir, um Rad zu fahren, und warum verlernen wir es nie? Ein modernes Fahrrad besteht aus Tausenden von Einzelteilen \u2013 wir zeigen, wie aufwendig die Produktion der heutigen High-Tech-Fahrr\u00e4der ist und wie akribisch die Fahrr\u00e4der getestet werden. Was muss ein Fahrrad alles haben, um in Deutschland eine Stra\u00dfenzulassung zu erhalten? Au\u00dferdem in der Sendung: Wie viel h\u00e4lt ein Fahrradhelm aus? Wie schwer sind Fahrradschl\u00f6sser zu knacken? Dazu gibt es die besten Tipps von einem Fahrraddoktor, wie man ein Fahrrad schnell und einfach repariert.<\/p>\n","protected":false},"excerpt":{"rendered":"<p>Das Fahrrad ist nicht nur das erste Individualverkehrsmittel gewesen, es ist bis heute auch das preiswerteste geblieben. Fahrradfahren ist zum Lieblingssport der Deutschen geworden. Fero Andersen macht auf dem Rennrad eine Rundtour um den Gardasee. Mit dabei ist ein Fahrradprofi und ein eher untrainierter Mensch \u2013 was passiert im K\u00f6rper der drei Radler? Ist Fahrradfahren wirklich so gesund wie angepriesen und wenn ja, warum? Joey Grit Winkler nimmt mithilfe eines Profis die verschiedenen Fahrradtypen unter die Lupe und erkl\u00e4rt ihre Vorz\u00fcge: Rennrad, Mountainbike, Trekkingrad, Cruiser und Co. \u2013 f\u00fcr welches Terrain eignen sie sich am besten? Die Redewendung \u201eDas ist wie das Fahrradfahren \u2013 das verlernt man nie!\u201c wird h\u00e4ufig verwendet. Wir gehen der Sache auf den Grund: Welche F\u00e4higkeiten brauchen wir, um Rad zu fahren, und warum verlernen wir es nie? Ein modernes Fahrrad besteht aus Tausenden von Einzelteilen \u2013 wir zeigen, wie aufwendig die Produktion der heutigen High-Tech-Fahrr\u00e4der ist und wie akribisch die Fahrr\u00e4der getestet werden. Was muss ein Fahrrad alles haben, um in Deutschland eine Stra\u00dfenzulassung zu erhalten? Au\u00dferdem in der Sendung: Wie viel h\u00e4lt ein Fahrradhelm aus? Wie schwer sind Fahrradschl\u00f6sser zu knacken? Dazu gibt es die besten Tipps von einem Fahrraddoktor, wie man ein Fahrrad schnell und einfach repariert.<\/p>\n","protected":false},"featured_media":13706,"template":"","meta":{"_acf_changed":false},"product_brand":[],"product_cat":[70],"product_tag":[103,133,131,125],"class_list":{"0":"post-13708","1":"product","2":"type-product","3":"status-publish","4":"has-post-thumbnail","6":"product_cat-film","7":"product_tag-subject-sport","8":"product_tag-target-foe","9":"product_tag-target-gs","10":"product_tag-target-sek-i","11":"product_shipping_class-dvd-versand","13":"first","14":"instock","15":"taxable","16":"shipping-taxable","17":"purchasable","18":"product-type-variable"},"acf":{"subtitle":"Umweltfreundlich bewegen","article_id":"4668255 \/ 5559746","languages":"DE","thumb_up":false,"cover_image":28174,"linked_product":"","linked_products":null,"banner":{"show":true,"text":"","color":""},"length":"44:51 min","content_movie":"Im ausf\u00fchrlichen PC-ROM-Teil:\r\nauf den Film abgestimmtes Begleitmaterial:\r\n5 Seiten Arbeitsbl\u00e4tter!\r\n5 Arbeitsbl\u00e4tter f\u00fcr interaktive Whiteboards!\r\nArbeitsbl\u00e4tter und Interaktive Materialien (Auszug)","learning_goals":"","preview_gif":13705,"trailer":{"file":"","url":"https:\/\/www.lehrmediathek.de\/trailer\/SDS-Fahrrad.mp4","image":13714},"mediathek_id":"","amount":"","demo_url":"","h5p_demo_id":"","content_interactive":"","hide_numbers":false,"flyer":"","info_columns":null},"_links":{"self":[{"href":"https:\/\/www.medienlb.com\/en\/wp-json\/wp\/v2\/product\/13708","targetHints":{"allow":["GET"]}}],"collection":[{"href":"https:\/\/www.medienlb.com\/en\/wp-json\/wp\/v2\/product"}],"about":[{"href":"https:\/\/www.medienlb.com\/en\/wp-json\/wp\/v2\/types\/product"}],"wp:featuredmedia":[{"embeddable":true,"href":"https:\/\/www.medienlb.com\/en\/wp-json\/wp\/v2\/media\/13706"}],"wp:attachment":[{"href":"https:\/\/www.medienlb.com\/en\/wp-json\/wp\/v2\/media?parent=13708"}],"wp:term":[{"taxonomy":"product_brand","embeddable":true,"href":"https:\/\/www.medienlb.com\/en\/wp-json\/wp\/v2\/product_brand?post=13708"},{"taxonomy":"product_cat","embeddable":true,"href":"https:\/\/www.medienlb.com\/en\/wp-json\/wp\/v2\/product_cat?post=13708"},{"taxonomy":"product_tag","embeddable":true,"href":"https:\/\/www.medienlb.com\/en\/wp-json\/wp\/v2\/product_tag?post=13708"}],"curies":[{"name":"wp","href":"https:\/\/api.w.org\/{rel}","templated":true}]}}