{"id":13626,"date":"2023-12-20T18:05:17","date_gmt":"2023-12-20T18:05:17","guid":{"rendered":"https:\/\/medienlb.com\/produkt\/kendama\/"},"modified":"2026-03-11T07:03:14","modified_gmt":"2026-03-11T07:03:14","slug":"kendama","status":"publish","type":"product","link":"https:\/\/www.medienlb.com\/en\/produkt\/kendama\/","title":{"rendered":"Kendama"},"content":{"rendered":"<p>\u201eKendama\u201c hei\u00dft w\u00f6rtlich Schwert und Kugel und besteht aus einem Ball und einem Griff verbunden durch eine Schnur. Bei dem japanischen Geschicklichkeitsspiel gibt es eine unendliche gro\u00dfe Anzahl an Tricks und M\u00f6glichkeiten, um die Kugel des Spiels aufzufangen. Es kann \u00fcberall und von jedem gespielt werden.<br \/>\nDas Medium bietet Sportlehrkr\u00e4ften eine M\u00f6glichkeit, den Sportunterricht mit einer Trendsportart zu bereichern und so f\u00fcr die Bewegung unter den Sch\u00fclerinnen und Sch\u00fclern zu sorgen.<\/p>\n<p>&nbsp;<\/p>\n","protected":false},"excerpt":{"rendered":"<p>\u201eKendama\u201c hei\u00dft w\u00f6rtlich Schwert und Kugel und besteht aus einem Ball und einem Griff verbunden durch eine Schnur. Bei dem japanischen Geschicklichkeitsspiel gibt es eine unendliche gro\u00dfe Anzahl an Tricks und M\u00f6glichkeiten, um die Kugel des Spiels aufzufangen. Es kann \u00fcberall und von jedem gespielt werden.<\/p>\n","protected":false},"featured_media":13624,"template":"","meta":{"_acf_changed":false},"product_brand":[],"product_cat":[70],"product_tag":[103,125],"class_list":{"0":"post-13626","1":"product","2":"type-product","3":"status-publish","4":"has-post-thumbnail","6":"product_cat-film","7":"product_tag-subject-sport","8":"product_tag-target-sek-i","9":"product_shipping_class-dvd-versand","11":"first","12":"instock","13":"taxable","14":"shipping-taxable","15":"purchasable","16":"product-type-variable"},"acf":{"subtitle":"Das japanische Geschicklichkeitsspiel","article_id":"46504589 \/ 55504016","languages":"DE","thumb_up":true,"cover_image":28188,"linked_product":"","linked_products":null,"banner":{"show":true,"text":"","color":""},"length":"27.35 min","content_movie":"","learning_goals":"Die Sch\u00fcler:innen nennen spielspezifisch wichtige Taktiken f\u00fcr erfolgreiches Spielen\r\nDie Sch\u00fcler:innen entwickeln bei ihrem sportlichen Bewegungshandeln zu verschiedenen Sinnrichtungen eigene Positionen\r\nDie Sch\u00fcler:innen sch\u00e4tzen die eigene Leistung realistisch ein","preview_gif":13623,"trailer":{"file":"","url":"https:\/\/www.lehrmediathek.de\/trailer\/Trailer_Kendama.mp4","image":13632},"mediathek_id":735,"amount":"","demo_url":"","h5p_demo_id":"","content_interactive":"","hide_numbers":false,"flyer":"","info_columns":null},"_links":{"self":[{"href":"https:\/\/www.medienlb.com\/en\/wp-json\/wp\/v2\/product\/13626","targetHints":{"allow":["GET"]}}],"collection":[{"href":"https:\/\/www.medienlb.com\/en\/wp-json\/wp\/v2\/product"}],"about":[{"href":"https:\/\/www.medienlb.com\/en\/wp-json\/wp\/v2\/types\/product"}],"wp:featuredmedia":[{"embeddable":true,"href":"https:\/\/www.medienlb.com\/en\/wp-json\/wp\/v2\/media\/13624"}],"wp:attachment":[{"href":"https:\/\/www.medienlb.com\/en\/wp-json\/wp\/v2\/media?parent=13626"}],"wp:term":[{"taxonomy":"product_brand","embeddable":true,"href":"https:\/\/www.medienlb.com\/en\/wp-json\/wp\/v2\/product_brand?post=13626"},{"taxonomy":"product_cat","embeddable":true,"href":"https:\/\/www.medienlb.com\/en\/wp-json\/wp\/v2\/product_cat?post=13626"},{"taxonomy":"product_tag","embeddable":true,"href":"https:\/\/www.medienlb.com\/en\/wp-json\/wp\/v2\/product_tag?post=13626"}],"curies":[{"name":"wp","href":"https:\/\/api.w.org\/{rel}","templated":true}]}}