{"id":13577,"date":"2023-12-20T18:05:17","date_gmt":"2023-12-20T18:05:17","guid":{"rendered":"https:\/\/medienlb.com\/produkt\/licht-und-farbe\/"},"modified":"2025-02-07T14:03:47","modified_gmt":"2025-02-07T14:03:47","slug":"licht-und-farbe","status":"publish","type":"product","link":"https:\/\/www.medienlb.com\/en\/produkt\/licht-und-farbe\/","title":{"rendered":"Licht und Farbe"},"content":{"rendered":"<p>Ohne Licht w\u00fcrde auf unserer Erde kaum Leben existieren. Pflanzen brauchen diese elektromagentischen Wellen, um zu wachsen und durch den Vorgang der Photosynthese unter anderem Sauerstoff zu produzieren. Genauso sind Farben wesentlicher Bestandteil in der Natur und haben ihre eigene Bedeutung. Auff\u00e4llige F\u00e4rbungen bei Reptilien sollen Gefahr signalisieren, w\u00e4hrend ein m\u00f6glichst pr\u00e4chtiges Federkleid bei V\u00f6geln ihre Attraktivit\u00e4t steigern soll. Genau wie andere Arten reagieren auch Menschen auf Licht und Farben. \u201eSchau dich schlau!\u201c zeigt, wie die beiden Komponenten eingesetzt werden, um uns Wohlbehagen zu bescheren oder uns zum Beispiel zum Kaufen zu animieren.<br \/>\nJoey Grit Winkler besucht ein Lichtlabor, wo sie genau erf\u00e4hrt, was Licht \u00fcberhaupt ist, und man ihr erkl\u00e4rt, wieso beispielsweise die Sonne beim Untergehen rot wird. Au\u00dferdem findet Joey heraus, welchen Einfluss Licht auf unsere Stimmung hat und wie die mit blo\u00dfem Auge unsichtbaren Wellen f\u00fcr medizinische Zwecke eingesetzt werden. Aber genauso wie Licht heilen kann, so kann es auch krank machen. In \u201eSchau dich schlau!\u201c erl\u00e4utert Joey Grit Winkler alles Wissenswerte \u00fcber Licht!<\/p>\n","protected":false},"excerpt":{"rendered":"<p>Ohne Licht w\u00fcrde auf unserer Erde kaum Leben existieren. Pflanzen brauchen diese elektromagentischen Wellen, um zu wachsen und durch den Vorgang der Photosynthese unter anderem Sauerstoff zu produzieren. Genauso sind Farben wesentlicher Bestandteil in der Natur und haben ihre eigene Bedeutung. Auff\u00e4llige F\u00e4rbungen bei Reptilien sollen Gefahr signalisieren, w\u00e4hrend ein m\u00f6glichst pr\u00e4chtiges Federkleid bei V\u00f6geln ihre Attraktivit\u00e4t steigern soll. Genau wie andere Arten reagieren auch Menschen auf Licht und Farben. \u201eSchau dich schlau!\u201c zeigt, wie die beiden Komponenten eingesetzt werden, um uns Wohlbehagen zu bescheren oder uns zum Beispiel zum Kaufen zu animieren.<\/p>\n","protected":false},"featured_media":13575,"template":"","meta":{"_acf_changed":false},"product_brand":[],"product_cat":[70],"product_tag":[101,125],"class_list":{"0":"post-13577","1":"product","2":"type-product","3":"status-publish","4":"has-post-thumbnail","6":"product_cat-film","7":"product_tag-subject-physik","8":"product_tag-target-sek-i","9":"product_shipping_class-dvd-versand","11":"first","12":"instock","13":"taxable","14":"shipping-taxable","15":"purchasable","16":"product-type-variable"},"acf":{"subtitle":"Lebenselexiere der Erde","article_id":"4667153 \/ 5558679","languages":"DE","thumb_up":false,"cover_image":28196,"linked_product":"","linked_products":null,"banner":{"show":true,"text":"","color":""},"length":"43:53 min","content_movie":"Im ausf\u00fchrlichen PC-ROM-Teil:\r\nauf den Film abgestimmtes Begleitmaterial:\r\n7 Seiten Arbeitsbl\u00e4tter!\r\n4 Arbeitsbl\u00e4tter f\u00fcr interaktive Whiteboards! Arbeitsbl\u00e4tter und Interaktive Materialien (Auszug)","learning_goals":"","preview_gif":13574,"trailer":{"file":"","url":"https:\/\/www.lehrmediathek.de\/trailer\/Licht-und-Farbe-Trailer.mp4","image":13583},"mediathek_id":"","amount":"","demo_url":"","h5p_demo_id":"","content_interactive":"","hide_numbers":false,"flyer":"","info_columns":null},"_links":{"self":[{"href":"https:\/\/www.medienlb.com\/en\/wp-json\/wp\/v2\/product\/13577","targetHints":{"allow":["GET"]}}],"collection":[{"href":"https:\/\/www.medienlb.com\/en\/wp-json\/wp\/v2\/product"}],"about":[{"href":"https:\/\/www.medienlb.com\/en\/wp-json\/wp\/v2\/types\/product"}],"wp:featuredmedia":[{"embeddable":true,"href":"https:\/\/www.medienlb.com\/en\/wp-json\/wp\/v2\/media\/13575"}],"wp:attachment":[{"href":"https:\/\/www.medienlb.com\/en\/wp-json\/wp\/v2\/media?parent=13577"}],"wp:term":[{"taxonomy":"product_brand","embeddable":true,"href":"https:\/\/www.medienlb.com\/en\/wp-json\/wp\/v2\/product_brand?post=13577"},{"taxonomy":"product_cat","embeddable":true,"href":"https:\/\/www.medienlb.com\/en\/wp-json\/wp\/v2\/product_cat?post=13577"},{"taxonomy":"product_tag","embeddable":true,"href":"https:\/\/www.medienlb.com\/en\/wp-json\/wp\/v2\/product_tag?post=13577"}],"curies":[{"name":"wp","href":"https:\/\/api.w.org\/{rel}","templated":true}]}}