{"id":13390,"date":"2023-12-20T18:05:17","date_gmt":"2023-12-20T18:05:17","guid":{"rendered":"https:\/\/medienlb.com\/produkt\/elektrizitaet\/"},"modified":"2025-02-07T14:04:47","modified_gmt":"2025-02-07T14:04:47","slug":"elektrizitaet","status":"publish","type":"product","link":"https:\/\/www.medienlb.com\/en\/produkt\/elektrizitaet\/","title":{"rendered":"Elektrizit\u00e4t"},"content":{"rendered":"<p>Die Elektrifizierung bedeutete f\u00fcr die Menschheit einen fundamentalen Fortschritt.<br \/>\nDer Film stellt zun\u00e4chst die Entdeckung der Elektrizit\u00e4t und die Vielzahl an Erfindungen, die sich daraus ableiten, vor.<br \/>\nIn einem zweiten Teil werden konkrete Anwendungen anhand einfacher Schaltpl\u00e4ne dargestellt und die Sch\u00fcler:innen zum Nachbauen angeregt.<br \/>\nInteraktive Aufgaben, Testfragen und Glossar wurden mit H5P erstellt und k\u00f6nnen ohne weitere Software verwendet werden.<\/p>\n","protected":false},"excerpt":{"rendered":"<p>Die Elektrifizierung bedeutete f\u00fcr die Menschheit einen fundamentalen Fortschritt.<\/p>\n","protected":false},"featured_media":13388,"template":"","meta":{"_acf_changed":false},"product_brand":[],"product_cat":[70],"product_tag":[101,125],"class_list":{"0":"post-13390","1":"product","2":"type-product","3":"status-publish","4":"has-post-thumbnail","6":"product_cat-film","7":"product_tag-subject-physik","8":"product_tag-target-sek-i","9":"product_shipping_class-dvd-versand","11":"first","12":"instock","13":"taxable","14":"shipping-taxable","15":"purchasable","16":"product-type-variable"},"acf":{"subtitle":"Geschichte, Schaltpl\u00e4ne, Sicherheit","article_id":"46504528 \/ 55503696","languages":"DE","thumb_up":true,"cover_image":28220,"linked_product":"","linked_products":null,"banner":{"show":true,"text":"","color":""},"length":"17:34 min","content_movie":"","learning_goals":"Die Sch\u00fcler:innen kennen die Geschichte der Elektrizit\u00e4t\r\nDie Sch\u00fcler:innen k\u00f6nnen einen Stromkreislauf in einen einfachen Schaltplan \u00fcbertragen\r\nDie Sch\u00fcler:innen beachten Sicherheitshinweise beim Umgang mit Elektrizit\u00e4t","preview_gif":13387,"trailer":{"file":"","url":"https:\/\/www.lehrmediathek.de\/trailer\/Trailer_Elektrizit\u00e4t.mp4","image":13396},"mediathek_id":723,"amount":"","demo_url":"","h5p_demo_id":"","content_interactive":"","hide_numbers":false,"flyer":"","info_columns":null},"_links":{"self":[{"href":"https:\/\/www.medienlb.com\/en\/wp-json\/wp\/v2\/product\/13390","targetHints":{"allow":["GET"]}}],"collection":[{"href":"https:\/\/www.medienlb.com\/en\/wp-json\/wp\/v2\/product"}],"about":[{"href":"https:\/\/www.medienlb.com\/en\/wp-json\/wp\/v2\/types\/product"}],"wp:featuredmedia":[{"embeddable":true,"href":"https:\/\/www.medienlb.com\/en\/wp-json\/wp\/v2\/media\/13388"}],"wp:attachment":[{"href":"https:\/\/www.medienlb.com\/en\/wp-json\/wp\/v2\/media?parent=13390"}],"wp:term":[{"taxonomy":"product_brand","embeddable":true,"href":"https:\/\/www.medienlb.com\/en\/wp-json\/wp\/v2\/product_brand?post=13390"},{"taxonomy":"product_cat","embeddable":true,"href":"https:\/\/www.medienlb.com\/en\/wp-json\/wp\/v2\/product_cat?post=13390"},{"taxonomy":"product_tag","embeddable":true,"href":"https:\/\/www.medienlb.com\/en\/wp-json\/wp\/v2\/product_tag?post=13390"}],"curies":[{"name":"wp","href":"https:\/\/api.w.org\/{rel}","templated":true}]}}