{"id":13363,"date":"2023-12-20T18:05:17","date_gmt":"2023-12-20T18:05:17","guid":{"rendered":"https:\/\/medienlb.com\/produkt\/thermodynamik\/"},"modified":"2025-02-07T14:04:56","modified_gmt":"2025-02-07T14:04:56","slug":"thermodynamik","status":"publish","type":"product","link":"https:\/\/www.medienlb.com\/en\/produkt\/thermodynamik\/","title":{"rendered":"Thermodynamik"},"content":{"rendered":"<p>Die klassische Physik setzt in ihrer Disziplin Thermodynamik W\u00e4rme, Druck und Volumen in Relation. Schon lange nutzen Menschen diesen Zusammenhang, um etwa mit Dampf Turbinen anzutreiben und damit Energie zu gewinnen.<br \/>\nDer Film stellt praktische Anwendungen etwa in Form einer Dampfmaschine vor. Von der Praxis ausgehend, verdeutlicht der Film die theoretischen Hintergr\u00fcnde und verdeutlicht in anschaulichen Grafiken die Haupts\u00e4tze der Thermodynamik.<\/p>\n<p>&nbsp;<\/p>\n<p>&nbsp;<\/p>\n","protected":false},"excerpt":{"rendered":"<p>Die klassische Physik setzt in ihrer Disziplin Thermodynamik W\u00e4rme, Druck und Volumen in Relation. Schon lange nutzen Menschen diesen Zusammenhang, um etwa mit Dampf Turbinen anzutreiben und damit Energie zu gewinnen.<\/p>\n","protected":false},"featured_media":13361,"template":"","meta":{"_acf_changed":false},"product_brand":[],"product_cat":[70],"product_tag":[101,125],"class_list":{"0":"post-13363","1":"product","2":"type-product","3":"status-publish","4":"has-post-thumbnail","6":"product_cat-film","7":"product_tag-subject-physik","8":"product_tag-target-sek-i","9":"product_shipping_class-dvd-versand","11":"first","12":"instock","13":"taxable","14":"shipping-taxable","15":"purchasable","16":"product-type-variable"},"acf":{"subtitle":"Die vier Haupts\u00e4tze der W\u00e4rmelehre","article_id":"46504547 \/ 55503715","languages":"DE, EN","thumb_up":false,"cover_image":28224,"linked_product":"","linked_products":null,"banner":{"show":true,"text":"","color":""},"length":"23 :52 min","content_movie":"Im ausf\u00fchrlichen Datenteil der DVD 84 Seiten Unterrichts- und Begleitmaterial, davon:\r\n20 Seiten Arbeitsbl\u00e4tter und Erg\u00e4nzungen mit L\u00f6sungen\r\n20 Testaufgaben\r\n10 Interaktive Aufgaben","learning_goals":"Die Sch\u00fcler:innen kennen die Haupts\u00e4tze der Thermodynamik.\r\nDie Sch\u00fcler:innen leiten den Zusammenhang von Volumen, Druck und Temperatur aus praktischen Beispielen her.\r\nDie Sch\u00fcler:innen diskutieren M\u00f6glichkeiten, dampfgetriebene Maschinen einzusetzen.","preview_gif":13360,"trailer":{"file":"","url":"https:\/\/www.lehrmediathek.de\/trailer\/Trailer_Thermodynamik.mp4","image":13369},"mediathek_id":744,"amount":"","demo_url":"","h5p_demo_id":"","content_interactive":"","hide_numbers":false,"flyer":"","info_columns":null},"_links":{"self":[{"href":"https:\/\/www.medienlb.com\/en\/wp-json\/wp\/v2\/product\/13363","targetHints":{"allow":["GET"]}}],"collection":[{"href":"https:\/\/www.medienlb.com\/en\/wp-json\/wp\/v2\/product"}],"about":[{"href":"https:\/\/www.medienlb.com\/en\/wp-json\/wp\/v2\/types\/product"}],"wp:featuredmedia":[{"embeddable":true,"href":"https:\/\/www.medienlb.com\/en\/wp-json\/wp\/v2\/media\/13361"}],"wp:attachment":[{"href":"https:\/\/www.medienlb.com\/en\/wp-json\/wp\/v2\/media?parent=13363"}],"wp:term":[{"taxonomy":"product_brand","embeddable":true,"href":"https:\/\/www.medienlb.com\/en\/wp-json\/wp\/v2\/product_brand?post=13363"},{"taxonomy":"product_cat","embeddable":true,"href":"https:\/\/www.medienlb.com\/en\/wp-json\/wp\/v2\/product_cat?post=13363"},{"taxonomy":"product_tag","embeddable":true,"href":"https:\/\/www.medienlb.com\/en\/wp-json\/wp\/v2\/product_tag?post=13363"}],"curies":[{"name":"wp","href":"https:\/\/api.w.org\/{rel}","templated":true}]}}