{"id":13320,"date":"2023-12-20T18:05:17","date_gmt":"2023-12-20T18:05:17","guid":{"rendered":"https:\/\/medienlb.com\/produkt\/stochastik-1\/"},"modified":"2025-02-07T14:05:13","modified_gmt":"2025-02-07T14:05:13","slug":"stochastik-1","status":"publish","type":"product","link":"https:\/\/www.medienlb.com\/en\/produkt\/stochastik-1\/","title":{"rendered":"Stochastik 1"},"content":{"rendered":"<p>Die Stochastik, zu Deutsch: die Kunst des Vermutens \u2013 auch Wahrscheinlichkeitsrechnung genannt \u2013 ist f\u00fcr die meisten Sch\u00fcler und Sch\u00fclerinnen ein ungemein schwieriges Kapitel der Mathematik, da die so oft in der Praxis angewendete Intuition hierbei nicht selten versagt.<br \/>\nAnhand verst\u00e4ndlicher Erkl\u00e4rungen und ausf\u00fchrlicher Beispiele erkl\u00e4rt der Unterrichtsfilm Zufallsexperimente wie das Urnenmodell, die Laplace-Regel, das Bernoulli-Experiment und vieles mehr.<br \/>\nEin Zufallsexperiment bezeichnet einen Versuch, der unter genau festgelegten Versuchsbedingungen durchgef\u00fchrt wird und einen zuf\u00e4lligen Ausgang hat. Als Versuch versteht man hier einen Vorgang, bei dem mehrere Ergebnisse eintreten k\u00f6nnen, und bei dem ein nicht vorhersehbares Ergebnis eintritt, zum Beispiel das Werfen einer M\u00fcnze oder eines W\u00fcrfels.<\/p>\n<p>Das zus\u00e4tzlich auf der DVD befindliche Unterrichtsmaterial bringt viele praktische Beispiele und \u00dcbungen zur Vertiefung.<\/p>\n","protected":false},"excerpt":{"rendered":"<p>Die Stochastik, zu Deutsch: die Kunst des Vermutens \u2013 auch Wahrscheinlichkeitsrechnung genannt \u2013 ist f\u00fcr die meisten Sch\u00fcler und Sch\u00fclerinnen ein ungemein schwieriges Kapitel der Mathematik, da die so oft in der Praxis angewendete Intuition hierbei nicht selten versagt.<\/p>\n","protected":false},"featured_media":13318,"template":"","meta":{"_acf_changed":false},"product_brand":[],"product_cat":[70],"product_tag":[99,125,127],"class_list":{"0":"post-13320","1":"product","2":"type-product","3":"status-publish","4":"has-post-thumbnail","6":"product_cat-film","7":"product_tag-subject-mathematik","8":"product_tag-target-sek-i","9":"product_tag-target-sek-ii","10":"product_shipping_class-dvd-versand","12":"first","13":"instock","14":"taxable","15":"shipping-taxable","16":"purchasable","17":"product-type-variable"},"acf":{"subtitle":"Mehrstufige Zufallsexperimente","article_id":"4675519 \/ 5563667","languages":"DE","thumb_up":true,"cover_image":28230,"linked_product":"","linked_products":null,"banner":{"show":true,"text":"","color":""},"length":"19:18 min","content_movie":"Im ausf\u00fchrlichen Datenteil der DVD 118 Seiten Unterrichts- und Begleitmaterial, davon:\r\n31 Seiten Arbeitsbl\u00e4tter mit L\u00f6sungen!\r\n20 Testaufgaben\r\n20 Seiten erg\u00e4nzendes Unterrichtsmaterial mit L\u00f6sungen!\r\n6 Arbeitsbl\u00e4tter f\u00fcr interaktive Whiteboards!\r\n5 Master Tool Folien","learning_goals":"","preview_gif":13317,"trailer":{"file":"","url":"https:\/\/www.lehrmediathek.de\/trailer\/Trailer_Stochastik_I.mp4","image":13326},"mediathek_id":409,"amount":"","demo_url":"","h5p_demo_id":"","content_interactive":"","hide_numbers":false,"flyer":"","info_columns":null},"_links":{"self":[{"href":"https:\/\/www.medienlb.com\/en\/wp-json\/wp\/v2\/product\/13320","targetHints":{"allow":["GET"]}}],"collection":[{"href":"https:\/\/www.medienlb.com\/en\/wp-json\/wp\/v2\/product"}],"about":[{"href":"https:\/\/www.medienlb.com\/en\/wp-json\/wp\/v2\/types\/product"}],"wp:featuredmedia":[{"embeddable":true,"href":"https:\/\/www.medienlb.com\/en\/wp-json\/wp\/v2\/media\/13318"}],"wp:attachment":[{"href":"https:\/\/www.medienlb.com\/en\/wp-json\/wp\/v2\/media?parent=13320"}],"wp:term":[{"taxonomy":"product_brand","embeddable":true,"href":"https:\/\/www.medienlb.com\/en\/wp-json\/wp\/v2\/product_brand?post=13320"},{"taxonomy":"product_cat","embeddable":true,"href":"https:\/\/www.medienlb.com\/en\/wp-json\/wp\/v2\/product_cat?post=13320"},{"taxonomy":"product_tag","embeddable":true,"href":"https:\/\/www.medienlb.com\/en\/wp-json\/wp\/v2\/product_tag?post=13320"}],"curies":[{"name":"wp","href":"https:\/\/api.w.org\/{rel}","templated":true}]}}