{"id":13309,"date":"2023-12-20T18:05:17","date_gmt":"2023-12-20T18:05:17","guid":{"rendered":"https:\/\/medienlb.com\/produkt\/stochastik-2\/"},"modified":"2025-02-07T14:05:17","modified_gmt":"2025-02-07T14:05:17","slug":"stochastik-2","status":"publish","type":"product","link":"https:\/\/www.medienlb.com\/en\/produkt\/stochastik-2\/","title":{"rendered":"Stochastik 2"},"content":{"rendered":"<p>Bedingte Wahrscheinlichkeiten begegnen uns jedes Mal, wenn wir eine neue Information erhalten, die ein Ereignis unseres Interesses beeinflusst, beispielsweise einen B\u00f6rsenkurs. Der Unterrichtsfilm l\u00f6st die typischen Denkblockaden und vermeintlichen Widerspr\u00fcche auf. Er vermittelt die Struktur der zugrunde liegenden Probleme anschaulich mit vielen Beispielen.<br \/>\nBedingte Wahrscheinlichkeit ist die Wahrscheinlichkeit des Eintretens eines Ereignisses unter der Bedingung, dass das Eintreten eines anderen Ereignisses bereits bekannt ist.<br \/>\nDer Unterrichtsfilm greift u. a. das bekannte Ziegenproblem auf. Hierbei l\u00e4sst sich sehr gut zeigen, dass der menschliche Verstand, die menschliche Intuition sehr leicht zu falschen Entscheidungen f\u00fchrt.<\/p>\n<p>Das zus\u00e4tzlich auf der DVD befindliche Unterrichtsmaterial bringt viele praktische Beispiele und \u00dcbungen zur Vertiefung.<\/p>\n","protected":false},"excerpt":{"rendered":"<p>Bedingte Wahrscheinlichkeiten begegnen uns jedes Mal, wenn wir eine neue Information erhalten, die ein Ereignis unseres Interesses beeinflusst, beispielsweise einen B\u00f6rsenkurs. Der Unterrichtsfilm l\u00f6st die typischen Denkblockaden und vermeintlichen Widerspr\u00fcche auf. Er vermittelt die Struktur der zugrunde liegenden Probleme anschaulich mit vielen Beispielen.<\/p>\n","protected":false},"featured_media":13307,"template":"","meta":{"_acf_changed":false},"product_brand":[],"product_cat":[70],"product_tag":[99,125,127],"class_list":{"0":"post-13309","1":"product","2":"type-product","3":"status-publish","4":"has-post-thumbnail","6":"product_cat-film","7":"product_tag-subject-mathematik","8":"product_tag-target-sek-i","9":"product_tag-target-sek-ii","10":"product_shipping_class-dvd-versand","12":"first","13":"instock","14":"taxable","15":"shipping-taxable","16":"purchasable","17":"product-type-variable"},"acf":{"subtitle":"Bedingte Wahrscheinlichkeiten","article_id":"4675573 \/ 5563717","languages":"DE","thumb_up":true,"cover_image":28232,"linked_product":"","linked_products":null,"banner":{"show":true,"text":"","color":""},"length":"17:42 min","content_movie":"Im ausf\u00fchrlichen Datenteil der DVD 113 Seiten Unterrichts- und Begleitmaterial, davon:\r\n29 Seiten Arbeitsbl\u00e4tter mit L\u00f6sungen!\r\n20 Testaufgaben\r\n20 Seiten erg\u00e4nzendes Unterrichtsmaterial mit L\u00f6sungen!\r\n4 Arbeitsbl\u00e4tter f\u00fcr interaktive Whiteboards!\r\n5 Master Tool Folien","learning_goals":"","preview_gif":13306,"trailer":{"file":"","url":"https:\/\/www.lehrmediathek.de\/trailer\/Trailer_Stochastik_II.mp4","image":13315},"mediathek_id":408,"amount":"","demo_url":"","h5p_demo_id":"","content_interactive":"","hide_numbers":false,"flyer":"","info_columns":null},"_links":{"self":[{"href":"https:\/\/www.medienlb.com\/en\/wp-json\/wp\/v2\/product\/13309","targetHints":{"allow":["GET"]}}],"collection":[{"href":"https:\/\/www.medienlb.com\/en\/wp-json\/wp\/v2\/product"}],"about":[{"href":"https:\/\/www.medienlb.com\/en\/wp-json\/wp\/v2\/types\/product"}],"wp:featuredmedia":[{"embeddable":true,"href":"https:\/\/www.medienlb.com\/en\/wp-json\/wp\/v2\/media\/13307"}],"wp:attachment":[{"href":"https:\/\/www.medienlb.com\/en\/wp-json\/wp\/v2\/media?parent=13309"}],"wp:term":[{"taxonomy":"product_brand","embeddable":true,"href":"https:\/\/www.medienlb.com\/en\/wp-json\/wp\/v2\/product_brand?post=13309"},{"taxonomy":"product_cat","embeddable":true,"href":"https:\/\/www.medienlb.com\/en\/wp-json\/wp\/v2\/product_cat?post=13309"},{"taxonomy":"product_tag","embeddable":true,"href":"https:\/\/www.medienlb.com\/en\/wp-json\/wp\/v2\/product_tag?post=13309"}],"curies":[{"name":"wp","href":"https:\/\/api.w.org\/{rel}","templated":true}]}}