{"id":13298,"date":"2023-12-20T18:05:17","date_gmt":"2023-12-20T18:05:17","guid":{"rendered":"https:\/\/medienlb.com\/produkt\/bruchrechnen-i\/"},"modified":"2025-02-07T14:05:22","modified_gmt":"2025-02-07T14:05:22","slug":"bruchrechnen-i","status":"publish","type":"product","link":"https:\/\/www.medienlb.com\/en\/produkt\/bruchrechnen-i\/","title":{"rendered":"Bruchrechnen I"},"content":{"rendered":"<p>Die DVD besch\u00e4ftigt sich mit:<\/p>\n<p>1. Addieren gleichnamiger Br\u00fcche<\/p>\n<p>1.1 Z\u00e4hler und Nenner<br \/>\nWie rechnet man mit \u00bbgebrochenen\u00ab Zahlen, mit \u00bbBr\u00fcchen\u00ab also?<br \/>\nAm einfachsten ist die Addition sogenannter gleichnamiger Br\u00fcche.<br \/>\nDas sind Br\u00fcche, die denselben Nenner haben<br \/>\n1.2 Erste Schritte am Beispiel<br \/>\n1.3 Addieren am Beispiel<br \/>\n1.4 Was bedeutet \u00bbgleichnamiger\u00ab Bruch?<br \/>\n1.5 Was sind \u00bbungleichnamige\u00ab Br\u00fcche?<br \/>\n2. Addieren ungleichnamiger Br\u00fcche<br \/>\n2.1 Z\u00e4hler und Nenner<br \/>\n2.2. Erweitern auf den gemeinsamen Nenner<br \/>\n3. Subtrahieren gleichnamiger und ungleichnamiger Br\u00fcche<br \/>\n3.1 Vergleich mit der Addition<br \/>\nDas Subtrahieren von Br\u00fcchen funktioniert wie das Addieren, nur dass wir jetzt die Zahlen nicht zusammenz\u00e4hlen, sondern abziehen.<br \/>\n3.2 Subtraktion beliebiger Br\u00fcche<\/p>\n<p>Gemeinsam mit den umfangreichen Arbeitsbl\u00e4tter ist die DVD sehr gut zum<br \/>\nEinsatz im Unterricht geeignet.<\/p>\n<p>&nbsp;<\/p>\n","protected":false},"excerpt":{"rendered":"<p>Die DVD besch\u00e4ftigt sich mit:<\/p>\n","protected":false},"featured_media":13296,"template":"","meta":{"_acf_changed":false},"product_brand":[],"product_cat":[70],"product_tag":[99,125],"class_list":{"0":"post-13298","1":"product","2":"type-product","3":"status-publish","4":"has-post-thumbnail","6":"product_cat-film","7":"product_tag-subject-mathematik","8":"product_tag-target-sek-i","9":"product_shipping_class-dvd-versand","11":"first","12":"instock","13":"taxable","14":"shipping-taxable","15":"purchasable","16":"product-type-variable"},"acf":{"subtitle":"Addition und Subtraktion","article_id":"4677099 \/ 5564391","languages":"DE","thumb_up":false,"cover_image":28234,"linked_product":"","linked_products":null,"banner":{"show":true,"text":"","color":""},"length":"18:30 min","content_movie":"Im ausf\u00fchrlichen Datenteil der DVD 87 Seiten Unterrichts- und Begleitmaterial, davon:\r\n29 Seiten Arbeitsbl\u00e4tter und Erg\u00e4nzungen mit L\u00f6sungen!\r\n8 Arbeitsbl\u00e4tter f\u00fcr interaktive Whiteboards!","learning_goals":"","preview_gif":13295,"trailer":{"file":"","url":"https:\/\/www.lehrmediathek.de\/trailer\/Trailer_Bruchrechnen.mp4","image":13304},"mediathek_id":475,"amount":"","demo_url":"","h5p_demo_id":"","content_interactive":"","hide_numbers":false,"flyer":"","info_columns":null},"_links":{"self":[{"href":"https:\/\/www.medienlb.com\/en\/wp-json\/wp\/v2\/product\/13298","targetHints":{"allow":["GET"]}}],"collection":[{"href":"https:\/\/www.medienlb.com\/en\/wp-json\/wp\/v2\/product"}],"about":[{"href":"https:\/\/www.medienlb.com\/en\/wp-json\/wp\/v2\/types\/product"}],"wp:featuredmedia":[{"embeddable":true,"href":"https:\/\/www.medienlb.com\/en\/wp-json\/wp\/v2\/media\/13296"}],"wp:attachment":[{"href":"https:\/\/www.medienlb.com\/en\/wp-json\/wp\/v2\/media?parent=13298"}],"wp:term":[{"taxonomy":"product_brand","embeddable":true,"href":"https:\/\/www.medienlb.com\/en\/wp-json\/wp\/v2\/product_brand?post=13298"},{"taxonomy":"product_cat","embeddable":true,"href":"https:\/\/www.medienlb.com\/en\/wp-json\/wp\/v2\/product_cat?post=13298"},{"taxonomy":"product_tag","embeddable":true,"href":"https:\/\/www.medienlb.com\/en\/wp-json\/wp\/v2\/product_tag?post=13298"}],"curies":[{"name":"wp","href":"https:\/\/api.w.org\/{rel}","templated":true}]}}