{"id":13287,"date":"2023-12-20T18:05:17","date_gmt":"2023-12-20T18:05:17","guid":{"rendered":"https:\/\/medienlb.com\/produkt\/bruchrechnen-ii\/"},"modified":"2025-02-07T14:05:27","modified_gmt":"2025-02-07T14:05:27","slug":"bruchrechnen-ii","status":"publish","type":"product","link":"https:\/\/www.medienlb.com\/en\/produkt\/bruchrechnen-ii\/","title":{"rendered":"Bruchrechnen II"},"content":{"rendered":"<p>Die DVD besch\u00e4ftigt sich mit:<br \/>\n1. Multiplizieren gleichnamiger und ungleichnamiger Br\u00fcche.<br \/>\n1.1 Einfacher, als du denkst<br \/>\nGleichnamige Br\u00fcche lassen sich ohne Problem einfach addieren oder<br \/>\nsubtrahieren, w\u00e4hrend ungleichnamige Br\u00fcche zun\u00e4chst auf den<br \/>\ngleichen Nenner erweitert oder gek\u00fcrzt werden m\u00fcssen.<br \/>\nBeim Multiplizieren von Br\u00fcchen darfst du das getrost vergessen.<br \/>\n1.2 Multiplizieren von Br\u00fcchen<br \/>\n1.3 Multiplizieren von Br\u00fcchen mit K\u00fcrzen<br \/>\n1.4 Multiplizieren von Br\u00fcchen mit nat\u00fcrlichen\/ganzen Zahlen<br \/>\n2. Dividieren gleichnamiger und ungleichnamiger Br\u00fcche.<br \/>\n2.1 Der Kehrwert \/ Br\u00fcche dividieren<br \/>\n2.2 Doppelbr\u00fcche<br \/>\n2.3 Bruch dividieren durch eine nat\u00fcrliche Zahl<\/p>\n<p>Gemeinsam mit den umfangreichen Arbeitsbl\u00e4tter ist die DVD sehr gut zum<br \/>\nEinsatz im Unterricht geeignet.<\/p>\n<p>&nbsp;<\/p>\n","protected":false},"excerpt":{"rendered":"<p>Die DVD besch\u00e4ftigt sich mit:<\/p>\n","protected":false},"featured_media":13285,"template":"","meta":{"_acf_changed":false},"product_brand":[],"product_cat":[70],"product_tag":[99,125],"class_list":{"0":"post-13287","1":"product","2":"type-product","3":"status-publish","4":"has-post-thumbnail","6":"product_cat-film","7":"product_tag-subject-mathematik","8":"product_tag-target-sek-i","9":"product_shipping_class-dvd-versand","11":"first","12":"instock","13":"taxable","14":"shipping-taxable","15":"purchasable","16":"product-type-variable"},"acf":{"subtitle":"Multiplikation und Division","article_id":"4677834 \/ 5564794","languages":"DE","thumb_up":false,"cover_image":28236,"linked_product":"","linked_products":null,"banner":{"show":true,"text":"","color":""},"length":"18:30 min","content_movie":"Im ausf\u00fchrlichen Datenteil der DVD 87 Seiten Unterrichts- und Begleitmaterial, davon:\r\n29 Seiten Arbeitsbl\u00e4tter und Erg\u00e4nzungen mit L\u00f6sungen!\r\n8 Arbeitsbl\u00e4tter f\u00fcr interaktive Whiteboards!","learning_goals":"","preview_gif":13284,"trailer":{"file":"","url":"https:\/\/www.lehrmediathek.de\/trailer\/Trailer_BruchrechnenII.mp4","image":13293},"mediathek_id":476,"amount":"","demo_url":"","h5p_demo_id":"","content_interactive":"","hide_numbers":false,"flyer":"","info_columns":null},"_links":{"self":[{"href":"https:\/\/www.medienlb.com\/en\/wp-json\/wp\/v2\/product\/13287","targetHints":{"allow":["GET"]}}],"collection":[{"href":"https:\/\/www.medienlb.com\/en\/wp-json\/wp\/v2\/product"}],"about":[{"href":"https:\/\/www.medienlb.com\/en\/wp-json\/wp\/v2\/types\/product"}],"wp:featuredmedia":[{"embeddable":true,"href":"https:\/\/www.medienlb.com\/en\/wp-json\/wp\/v2\/media\/13285"}],"wp:attachment":[{"href":"https:\/\/www.medienlb.com\/en\/wp-json\/wp\/v2\/media?parent=13287"}],"wp:term":[{"taxonomy":"product_brand","embeddable":true,"href":"https:\/\/www.medienlb.com\/en\/wp-json\/wp\/v2\/product_brand?post=13287"},{"taxonomy":"product_cat","embeddable":true,"href":"https:\/\/www.medienlb.com\/en\/wp-json\/wp\/v2\/product_cat?post=13287"},{"taxonomy":"product_tag","embeddable":true,"href":"https:\/\/www.medienlb.com\/en\/wp-json\/wp\/v2\/product_tag?post=13287"}],"curies":[{"name":"wp","href":"https:\/\/api.w.org\/{rel}","templated":true}]}}