{"id":13265,"date":"2023-12-20T18:05:17","date_gmt":"2023-12-20T18:05:17","guid":{"rendered":"https:\/\/medienlb.com\/produkt\/zuordnungen-i\/"},"modified":"2025-02-07T14:05:37","modified_gmt":"2025-02-07T14:05:37","slug":"zuordnungen-i","status":"publish","type":"product","link":"https:\/\/www.medienlb.com\/en\/produkt\/zuordnungen-i\/","title":{"rendered":"Zuordnungen I"},"content":{"rendered":"<p>Die DVD besch\u00e4ftigt sich mit:<\/p>\n<p>1. Zuordnungen &#8211; Dreisatz<br \/>\n1.1 Einf\u00fchrungen<br \/>\n1.2 Darstellungsbeispiele von Zuordnungen<br \/>\n1.3 Die Grafi k<br \/>\n1.4 Zuordnungen im Koordinatensystem<br \/>\n2. Proportionale Zuordnungen<br \/>\n2.1 Ein Spiel<br \/>\n2.2 Je mehr &#8230;, desto mehr!<br \/>\n2.3 Quotientengleichheit<br \/>\n2.4 Proportionale Zuordnungen &#8211; der Dreisatz<br \/>\n2.5 Dreisatz in einer grafi schen Darstellung<\/p>\n<p>U.a. zeigen wir, dass in einem Koordinatensystem Zuordnungen mit Graphen<br \/>\ndargestellt werden. Dadurch lassen sich Werte oder Eigenschaften der Zuordnung<br \/>\neinfach ablesen.<\/p>\n<p>Gemeinsam mit den umfangreichen Arbeitsbl\u00e4tter ist die DVD sehr gut zum<br \/>\nEinsatz im Unterricht geeignet.<\/p>\n","protected":false},"excerpt":{"rendered":"<p>Die DVD besch\u00e4ftigt sich mit:<\/p>\n","protected":false},"featured_media":13263,"template":"","meta":{"_acf_changed":false},"product_brand":[],"product_cat":[70],"product_tag":[99,125],"class_list":{"0":"post-13265","1":"product","2":"type-product","3":"status-publish","4":"has-post-thumbnail","6":"product_cat-film","7":"product_tag-subject-mathematik","8":"product_tag-target-sek-i","9":"product_shipping_class-dvd-versand","11":"first","12":"instock","13":"taxable","14":"shipping-taxable","15":"purchasable","16":"product-type-variable"},"acf":{"subtitle":"Proportionalit\u00e4t","article_id":"4677098 \/ 5564390","languages":"DE","thumb_up":false,"cover_image":28240,"linked_product":"","linked_products":null,"banner":{"show":true,"text":"","color":""},"length":"26:36 min","content_movie":"Im ausf\u00fchrlichen Datenteil der DVD 102 Seiten Unterrichts- und Begleitmaterial, davon:\r\n44 Seiten Arbeitsbl\u00e4tter und Erg\u00e4nzungen mit L\u00f6sungen!\r\n6 Arbeitsbl\u00e4tter f\u00fcr interaktive Whiteboards!","learning_goals":"","preview_gif":13262,"trailer":{"file":"","url":"https:\/\/www.lehrmediathek.de\/trailer\/Trailer_Zuordnungen.mp4","image":13271},"mediathek_id":478,"amount":"","demo_url":"","h5p_demo_id":"","content_interactive":"","hide_numbers":false,"flyer":"","info_columns":null},"_links":{"self":[{"href":"https:\/\/www.medienlb.com\/en\/wp-json\/wp\/v2\/product\/13265","targetHints":{"allow":["GET"]}}],"collection":[{"href":"https:\/\/www.medienlb.com\/en\/wp-json\/wp\/v2\/product"}],"about":[{"href":"https:\/\/www.medienlb.com\/en\/wp-json\/wp\/v2\/types\/product"}],"wp:featuredmedia":[{"embeddable":true,"href":"https:\/\/www.medienlb.com\/en\/wp-json\/wp\/v2\/media\/13263"}],"wp:attachment":[{"href":"https:\/\/www.medienlb.com\/en\/wp-json\/wp\/v2\/media?parent=13265"}],"wp:term":[{"taxonomy":"product_brand","embeddable":true,"href":"https:\/\/www.medienlb.com\/en\/wp-json\/wp\/v2\/product_brand?post=13265"},{"taxonomy":"product_cat","embeddable":true,"href":"https:\/\/www.medienlb.com\/en\/wp-json\/wp\/v2\/product_cat?post=13265"},{"taxonomy":"product_tag","embeddable":true,"href":"https:\/\/www.medienlb.com\/en\/wp-json\/wp\/v2\/product_tag?post=13265"}],"curies":[{"name":"wp","href":"https:\/\/api.w.org\/{rel}","templated":true}]}}