{"id":13199,"date":"2023-12-20T18:05:17","date_gmt":"2023-12-20T18:05:17","guid":{"rendered":"https:\/\/medienlb.com\/produkt\/kathetensatz-des-euklid-2\/"},"modified":"2025-02-07T14:06:00","modified_gmt":"2025-02-07T14:06:00","slug":"kathetensatz-des-euklid-2","status":"publish","type":"product","link":"https:\/\/www.medienlb.com\/en\/produkt\/kathetensatz-des-euklid-2\/","title":{"rendered":"Kathetensatz des Euklid"},"content":{"rendered":"<p>Das Quadrat einer Kathete ist genauso gro\u00df wie das Produkt der Hypotenuse mit dem zugeh\u00f6rigen Hypotenusenabschnitt.<br \/>\nDiesen Lehrsatz formulierte und bewies Euklid von Alexandria.<br \/>\nMit diesem Wissen l\u00e4sst sich etwa die erforderliche L\u00e4nge eines Dachbalkens berechnen oder auch die L\u00e4nge von Befestigungsseilen an einem Sendemast.<br \/>\nDer Film leitet zun\u00e4chst den Kathetensatz her und stellt die Beweisf\u00fchrung anschaulich dar.<br \/>\nIn einem zweiten Teil wird sodann das erworbene Wissen in unterhaltsam animierten Aufgaben angewandt und vertieft.<br \/>\nIn Verbindung mit dem Zusatzmaterial (klassische und interaktive Arbeitsbl\u00e4tter, Glossar, kommentierte Linkliste) l\u00e4sst sich die DVD hervorragend im Unterricht einsetzen.<\/p>\n","protected":false},"excerpt":{"rendered":"<p>Das Quadrat einer Kathete ist genauso gro\u00df wie das Produkt der Hypotenuse mit dem zugeh\u00f6rigen Hypotenusenabschnitt.<\/p>\n","protected":false},"featured_media":13197,"template":"","meta":{"_acf_changed":false},"product_brand":[],"product_cat":[70],"product_tag":[99,125],"class_list":{"0":"post-13199","1":"product","2":"type-product","3":"status-publish","4":"has-post-thumbnail","6":"product_cat-film","7":"product_tag-subject-mathematik","8":"product_tag-target-sek-i","9":"product_shipping_class-dvd-versand","11":"first","12":"instock","13":"taxable","14":"shipping-taxable","15":"purchasable","16":"product-type-variable"},"acf":{"subtitle":"Fl\u00e4chens\u00e4tze III","article_id":"4678489 \/ 5565312","languages":"DE","thumb_up":false,"cover_image":28250,"linked_product":"","linked_products":null,"banner":{"show":true,"text":"","color":""},"length":"16:48 min","content_movie":"Im ausf\u00fchrlichen Datenteil der DVD 76 Seiten Unterrichts- und Begleitmaterial, davon:\r\n52 Seiten Arbeitsbl\u00e4tter und Erg\u00e4nzungen mit L\u00f6sungen!\r\n16 Testaufgaben\r\n10 Arbeitsbl\u00e4tter f\u00fcr interaktive Whiteboards!\r\n5 Master Tool Folien","learning_goals":"","preview_gif":13196,"trailer":{"file":"","url":"https:\/\/www.lehrmediathek.de\/trailer\/Trailer_Pythagoras_III.mp4","image":13205},"mediathek_id":518,"amount":"","demo_url":"","h5p_demo_id":"","content_interactive":"","hide_numbers":false,"flyer":"","info_columns":null},"_links":{"self":[{"href":"https:\/\/www.medienlb.com\/en\/wp-json\/wp\/v2\/product\/13199","targetHints":{"allow":["GET"]}}],"collection":[{"href":"https:\/\/www.medienlb.com\/en\/wp-json\/wp\/v2\/product"}],"about":[{"href":"https:\/\/www.medienlb.com\/en\/wp-json\/wp\/v2\/types\/product"}],"wp:featuredmedia":[{"embeddable":true,"href":"https:\/\/www.medienlb.com\/en\/wp-json\/wp\/v2\/media\/13197"}],"wp:attachment":[{"href":"https:\/\/www.medienlb.com\/en\/wp-json\/wp\/v2\/media?parent=13199"}],"wp:term":[{"taxonomy":"product_brand","embeddable":true,"href":"https:\/\/www.medienlb.com\/en\/wp-json\/wp\/v2\/product_brand?post=13199"},{"taxonomy":"product_cat","embeddable":true,"href":"https:\/\/www.medienlb.com\/en\/wp-json\/wp\/v2\/product_cat?post=13199"},{"taxonomy":"product_tag","embeddable":true,"href":"https:\/\/www.medienlb.com\/en\/wp-json\/wp\/v2\/product_tag?post=13199"}],"curies":[{"name":"wp","href":"https:\/\/api.w.org\/{rel}","templated":true}]}}