{"id":13177,"date":"2023-12-20T18:05:17","date_gmt":"2023-12-20T18:05:17","guid":{"rendered":"https:\/\/medienlb.com\/produkt\/sinus\/"},"modified":"2025-02-07T14:06:05","modified_gmt":"2025-02-07T14:06:05","slug":"sinus","status":"publish","type":"product","link":"https:\/\/www.medienlb.com\/en\/produkt\/sinus\/","title":{"rendered":"Sinus"},"content":{"rendered":"<p>Der persische Mathematiker und Astronom\u00a0 Abu l-Wafa entdeckte und beschrieb im 10. Jahrhundert in der Trigonometrie den Zusammenhang zwischen einer Seite und dem ihr gegen\u00fcberliegenden Winkel.<br \/>\nDie Sinusfunktion, eine elementare Funktion der Mathematik, beschreibt das Verh\u00e4ltnis der Gegenkathete zur Hypotenuse in Abh\u00e4ngigkeit vom Winkel.<br \/>\nDie DVD leitet in einem ersten Teil die Sinusfunktion her und f\u00fchrt die Beweise.<br \/>\nIn einem zweiten Teil wird das Wissen in zahlreichen unterhaltam und \u00fcbersichtlich animierten Aufgaben angewandt und vertieft.<br \/>\nIn Verbindung mit dem umfangreichen Zusatzmaterial (klassische und interaktive Arbeitsbl\u00e4tter, Glossar, Testfragen) ist die vorliegende DVD hervorragend f\u00fcr den Einsatz im Unterricht geeignet.<\/p>\n","protected":false},"excerpt":{"rendered":"<p>Der persische Mathematiker und Astronom\u00a0 Abu l-Wafa entdeckte und beschrieb im 10. Jahrhundert in der Trigonometrie den Zusammenhang zwischen einer Seite und dem ihr gegen\u00fcberliegenden Winkel.<\/p>\n","protected":false},"featured_media":13175,"template":"","meta":{"_acf_changed":false},"product_brand":[],"product_cat":[70],"product_tag":[99,125],"class_list":{"0":"post-13177","1":"product","2":"type-product","3":"status-publish","4":"has-post-thumbnail","6":"product_cat-film","7":"product_tag-subject-mathematik","8":"product_tag-target-sek-i","9":"product_shipping_class-dvd-versand","11":"first","12":"instock","13":"taxable","14":"shipping-taxable","15":"purchasable","16":"product-type-variable"},"acf":{"subtitle":"Fl\u00e4chens\u00e4tze IV","article_id":"4678583 \/ 5565365","languages":"DE","thumb_up":true,"cover_image":28252,"linked_product":"","linked_products":null,"banner":{"show":true,"text":"","color":""},"length":"21:38 min","content_movie":"Im ausf\u00fchrlichen Datenteil der DVD\u00a083\u00a0Seiten Unterrichts- und Begleitmaterial, davon:\r\n62\u00a0Seiten Arbeitsbl\u00e4tter und Erg\u00e4nzungen mit L\u00f6sungen!\r\n18\u00a0Testaufgaben\r\n10\u00a0Arbeitsbl\u00e4tter f\u00fcr interaktive Whiteboards!\r\n5 Master Tool Folien","learning_goals":"","preview_gif":13174,"trailer":{"file":"","url":"https:\/\/www.lehrmediathek.de\/trailer\/Trailer_Sinus.mp4","image":13183},"mediathek_id":533,"amount":"","demo_url":"","h5p_demo_id":"","content_interactive":"","hide_numbers":false,"flyer":"","info_columns":null},"_links":{"self":[{"href":"https:\/\/www.medienlb.com\/en\/wp-json\/wp\/v2\/product\/13177","targetHints":{"allow":["GET"]}}],"collection":[{"href":"https:\/\/www.medienlb.com\/en\/wp-json\/wp\/v2\/product"}],"about":[{"href":"https:\/\/www.medienlb.com\/en\/wp-json\/wp\/v2\/types\/product"}],"wp:featuredmedia":[{"embeddable":true,"href":"https:\/\/www.medienlb.com\/en\/wp-json\/wp\/v2\/media\/13175"}],"wp:attachment":[{"href":"https:\/\/www.medienlb.com\/en\/wp-json\/wp\/v2\/media?parent=13177"}],"wp:term":[{"taxonomy":"product_brand","embeddable":true,"href":"https:\/\/www.medienlb.com\/en\/wp-json\/wp\/v2\/product_brand?post=13177"},{"taxonomy":"product_cat","embeddable":true,"href":"https:\/\/www.medienlb.com\/en\/wp-json\/wp\/v2\/product_cat?post=13177"},{"taxonomy":"product_tag","embeddable":true,"href":"https:\/\/www.medienlb.com\/en\/wp-json\/wp\/v2\/product_tag?post=13177"}],"curies":[{"name":"wp","href":"https:\/\/api.w.org\/{rel}","templated":true}]}}