{"id":13166,"date":"2023-12-20T18:05:17","date_gmt":"2023-12-20T18:05:17","guid":{"rendered":"https:\/\/medienlb.com\/produkt\/kosinus\/"},"modified":"2025-02-07T14:06:09","modified_gmt":"2025-02-07T14:06:09","slug":"kosinus","status":"publish","type":"product","link":"https:\/\/www.medienlb.com\/en\/produkt\/kosinus\/","title":{"rendered":"Kosinus"},"content":{"rendered":"<p>Der Kosinus ist das Verh\u00e4ltnis der L\u00e4nge der Ankathete zur Hypotenuse.<br \/>\nEr ist gleichzeitig die Erweiterung des Satzes des Pythagoras um den Korrekturterm \u00a0&#8211; 2 * b* c* cos \u03b1, also a2=b2+c2- 2 * b* c* cos \u03b1.<br \/>\nDamit k\u00f6nnen Kr\u00e4fteverh\u00e4ltnisse ebenso wie Entfernungen zweier sich auseinander bewegender Gegenst\u00e4nde errechnet und dargestellt werden.<br \/>\nDer Film schlie\u00dft die Reihe der Mathematikfilme zu den Fl\u00e4chens\u00e4tzen ab und folgt dabei dem bew\u00e4hrten Aufbau seiner vier Vorg\u00e4nger: In einem ersten Teil wird der Kosinussatz in zahlreichen unterhaltsamen Grafiken und Animationen hergeleitet, der zweite Teil vertieft und erweitert das Wissen in animierten Aufgaben, die in ihrer Komplexit\u00e4t ansteigend angeordnet sind.<\/p>\n<p>In Verbindung mit dem umfangreichen Zusatzmaterial (klassische und interaktive Arbeitsbl\u00e4tter, Testfragen, Glossar) l\u00e4sst sich die vorliegende DVD hervorragend im Unterricht einsetzen.<\/p>\n","protected":false},"excerpt":{"rendered":"<p>Der Kosinus ist das Verh\u00e4ltnis der L\u00e4nge der Ankathete zur Hypotenuse.<\/p>\n","protected":false},"featured_media":13164,"template":"","meta":{"_acf_changed":false},"product_brand":[],"product_cat":[70],"product_tag":[99,125],"class_list":{"0":"post-13166","1":"product","2":"type-product","3":"status-publish","4":"has-post-thumbnail","6":"product_cat-film","7":"product_tag-subject-mathematik","8":"product_tag-target-sek-i","9":"product_shipping_class-dvd-versand","11":"first","12":"instock","13":"taxable","14":"shipping-taxable","15":"purchasable","16":"product-type-variable"},"acf":{"subtitle":"Fl\u00e4chens\u00e4tze V","article_id":"4678584 \/ 5565366","languages":"DE","thumb_up":true,"cover_image":28254,"linked_product":"","linked_products":null,"banner":{"show":true,"text":"","color":""},"length":"27:20 min","content_movie":"Im ausf\u00fchrlichen Datenteil der DVD\u00a086\u00a0Seiten Unterrichts- und Begleitmaterial, davon:\r\n62\u00a0Seiten Arbeitsbl\u00e4tter und Erg\u00e4nzungen mit L\u00f6sungen\r\n16\u00a0Testaufgaben\r\n10\u00a0Arbeitsbl\u00e4tter f\u00fcr interaktive Whiteboards\r\n5 Master Tool Folien","learning_goals":"","preview_gif":13163,"trailer":{"file":"","url":"https:\/\/www.lehrmediathek.de\/trailer\/Trailer_Kosinus.mp4","image":13172},"mediathek_id":536,"amount":"","demo_url":"","h5p_demo_id":"","content_interactive":"","hide_numbers":false,"flyer":"","info_columns":null},"_links":{"self":[{"href":"https:\/\/www.medienlb.com\/en\/wp-json\/wp\/v2\/product\/13166","targetHints":{"allow":["GET"]}}],"collection":[{"href":"https:\/\/www.medienlb.com\/en\/wp-json\/wp\/v2\/product"}],"about":[{"href":"https:\/\/www.medienlb.com\/en\/wp-json\/wp\/v2\/types\/product"}],"wp:featuredmedia":[{"embeddable":true,"href":"https:\/\/www.medienlb.com\/en\/wp-json\/wp\/v2\/media\/13164"}],"wp:attachment":[{"href":"https:\/\/www.medienlb.com\/en\/wp-json\/wp\/v2\/media?parent=13166"}],"wp:term":[{"taxonomy":"product_brand","embeddable":true,"href":"https:\/\/www.medienlb.com\/en\/wp-json\/wp\/v2\/product_brand?post=13166"},{"taxonomy":"product_cat","embeddable":true,"href":"https:\/\/www.medienlb.com\/en\/wp-json\/wp\/v2\/product_cat?post=13166"},{"taxonomy":"product_tag","embeddable":true,"href":"https:\/\/www.medienlb.com\/en\/wp-json\/wp\/v2\/product_tag?post=13166"}],"curies":[{"name":"wp","href":"https:\/\/api.w.org\/{rel}","templated":true}]}}