{"id":12113,"date":"2023-12-20T18:05:17","date_gmt":"2023-12-20T18:05:17","guid":{"rendered":"https:\/\/medienlb.com\/produkt\/tiere-im-winter\/"},"modified":"2025-02-07T14:12:00","modified_gmt":"2025-02-07T14:12:00","slug":"tiere-im-winter","status":"publish","type":"product","link":"https:\/\/www.medienlb.com\/en\/produkt\/tiere-im-winter\/","title":{"rendered":"Tiere im Winter"},"content":{"rendered":"<p>F\u00fcr die Tiere ist der Winter eine harte Zeit. Auf den gefrorenen B\u00f6den finden sie wenig Gr\u00fcnfutter, die K\u00e4lte kostet sie viel Energie.<br \/>\nDer Film zeigt, wie unterschiedlich Regenwurm, Maulwurf und Amsel mit den Herausforderungen des Winters umgehen.<br \/>\nWas die Winterstarre vom Winterschlaf unterscheidet, wie wechselwarme Tiere den Winter verbringen, was gleichwarme Tiere tun, das erf\u00e4hrt der Zuschauer.<br \/>\nDas unterschiedliche Verhalten von Zug- und Standv\u00f6geln wird mit eindrucksvollen Aufnahmen gezeigt.<br \/>\nEin besonderer Schwerpunkt dieses Films sind die vielf\u00e4ltigen Entdeckungen, die man im Winter machen kann, vom Vogelgel\u00e4uf \u00fcber die F\u00e4hrten und Spuren der gr\u00f6\u00dferen, winteraktiven Tiere.<\/p>\n<p>In Verbindung mit dem umfangreichen Zusatzmaterial (klassische und interaktive Arbeitsbl\u00e4tter, Unterrichtsentwurf, Glossar, Testfragen) ist die vorliegende DVD hervorragend f\u00fcr den Einsatz im Unterricht geeignet.<\/p>\n","protected":false},"excerpt":{"rendered":"<p>F\u00fcr die Tiere ist der Winter eine harte Zeit. Auf den gefrorenen B\u00f6den finden sie wenig Gr\u00fcnfutter, die K\u00e4lte kostet sie viel Energie.<\/p>\n","protected":false},"featured_media":12111,"template":"","meta":{"_acf_changed":false},"product_brand":[],"product_cat":[70],"product_tag":[97,129],"class_list":{"0":"post-12113","1":"product","2":"type-product","3":"status-publish","4":"has-post-thumbnail","6":"product_cat-film","7":"product_tag-subject-grundschule","8":"product_tag-target-gru","9":"product_shipping_class-dvd-versand","11":"first","12":"instock","13":"taxable","14":"shipping-taxable","15":"purchasable","16":"product-type-variable"},"acf":{"subtitle":"Zugv\u00f6gel, Winterschl\u00e4fer und Winteraktive","article_id":"4679024 \/ 5565785","languages":"DE, EN","thumb_up":true,"cover_image":28390,"linked_product":"","linked_products":null,"banner":{"show":true,"text":"","color":""},"length":"19:40 min","content_movie":"Im ausf\u00fchrlichen Datenteil der DVD 91 Seiten Unterrichts- und Begleitmaterial, davon:\r\n55 Seiten Arbeitsbl\u00e4tter und Erg\u00e4nzungen mit L\u00f6sungen!\r\n20 Testaufgaben\r\n7 Arbeitsbl\u00e4tter f\u00fcr interaktive Whiteboards!\r\n5 Master Tool Folien","learning_goals":"","preview_gif":12110,"trailer":{"file":"","url":"https:\/\/www.lehrmediathek.de\/trailer\/Trailer_Tiere_im_Winter.mp4","image":12119},"mediathek_id":531,"amount":"","demo_url":"","h5p_demo_id":"","content_interactive":"","hide_numbers":false,"flyer":"","info_columns":null},"_links":{"self":[{"href":"https:\/\/www.medienlb.com\/en\/wp-json\/wp\/v2\/product\/12113","targetHints":{"allow":["GET"]}}],"collection":[{"href":"https:\/\/www.medienlb.com\/en\/wp-json\/wp\/v2\/product"}],"about":[{"href":"https:\/\/www.medienlb.com\/en\/wp-json\/wp\/v2\/types\/product"}],"wp:featuredmedia":[{"embeddable":true,"href":"https:\/\/www.medienlb.com\/en\/wp-json\/wp\/v2\/media\/12111"}],"wp:attachment":[{"href":"https:\/\/www.medienlb.com\/en\/wp-json\/wp\/v2\/media?parent=12113"}],"wp:term":[{"taxonomy":"product_brand","embeddable":true,"href":"https:\/\/www.medienlb.com\/en\/wp-json\/wp\/v2\/product_brand?post=12113"},{"taxonomy":"product_cat","embeddable":true,"href":"https:\/\/www.medienlb.com\/en\/wp-json\/wp\/v2\/product_cat?post=12113"},{"taxonomy":"product_tag","embeddable":true,"href":"https:\/\/www.medienlb.com\/en\/wp-json\/wp\/v2\/product_tag?post=12113"}],"curies":[{"name":"wp","href":"https:\/\/api.w.org\/{rel}","templated":true}]}}