{"id":11977,"date":"2023-12-20T18:05:17","date_gmt":"2023-12-20T18:05:17","guid":{"rendered":"https:\/\/medienlb.com\/produkt\/bauernhof\/"},"modified":"2025-02-07T14:12:50","modified_gmt":"2025-02-07T14:12:50","slug":"bauernhof","status":"publish","type":"product","link":"https:\/\/www.medienlb.com\/en\/produkt\/bauernhof\/","title":{"rendered":"Bauernhof"},"content":{"rendered":"<p>Die Landwirtschaft ist die Quelle unserer Nahrung. Fleisch, Gem\u00fcse und Milch werden in landwirtschaftlichen Betrieben produziert.<br \/>\nDer Film stellt einen Bergbauernhof und die Besonderheiten landwirtschaftlicher Arbeit in den Alpen vor.<br \/>\nVom Almauftrieb im Sommer bis zum Almabtrieb im Herbst werden die Arbeiten in der Viehhaltung, die Pflege der Weiden, das M\u00e4hen, das Einbringen des Heus, das Melken und die Instandhaltung vorgestellt.<br \/>\nWie der Jahreslauf mit Traditionen verbunden ist, ist Thema eines abschlie\u00dfenden Kapitels.<br \/>\nIn Verbindung mit dem umfangreichen Zusatzmaterial (Arbeitsbl\u00e4tter, interaktive Aufgaben, Testfragen, Glossar) l\u00e4sst sich die vorliegende DVD hervorragend im Unterricht einsetzen.<br \/>\nDie interaktiven Aufgaben (H5P) sind ohne zus\u00e4tzliche Software verwendbar.<\/p>\n","protected":false},"excerpt":{"rendered":"<p>Die Landwirtschaft ist die Quelle unserer Nahrung. Fleisch, Gem\u00fcse und Milch werden in landwirtschaftlichen Betrieben produziert.<\/p>\n","protected":false},"featured_media":11975,"template":"","meta":{"_acf_changed":false},"product_brand":[],"product_cat":[70],"product_tag":[97,129],"class_list":{"0":"post-11977","1":"product","2":"type-product","3":"status-publish","4":"has-post-thumbnail","6":"product_cat-film","7":"product_tag-subject-grundschule","8":"product_tag-target-gru","9":"product_shipping_class-dvd-versand","11":"first","12":"instock","13":"taxable","14":"shipping-taxable","15":"purchasable","16":"product-type-variable"},"acf":{"subtitle":"Almwirtschaft in den Bergen","article_id":"4679026 \/ 5565787","languages":"DE","thumb_up":true,"cover_image":28408,"linked_product":[9138,32619],"linked_products":null,"banner":{"show":true,"text":"","color":""},"length":"27:52 min","content_movie":"Im ausf\u00fchrlichen Datenteil der DVD 97 Seiten Unterrichts- und Begleitmaterial, davon:\r\n70 Seiten Arbeitsbl\u00e4tter und Erg\u00e4nzungen mit L\u00f6sungen\r\n20 Testaufgaben\r\n+ Interaktive Aufgaben","learning_goals":"","preview_gif":11974,"trailer":{"file":"","url":"https:\/\/www.lehrmediathek.de\/trailer\/Trailer_Bauernhof.mp4","image":11983},"mediathek_id":580,"amount":"","demo_url":"","h5p_demo_id":"","content_interactive":"","hide_numbers":false,"flyer":"","info_columns":null},"_links":{"self":[{"href":"https:\/\/www.medienlb.com\/en\/wp-json\/wp\/v2\/product\/11977","targetHints":{"allow":["GET"]}}],"collection":[{"href":"https:\/\/www.medienlb.com\/en\/wp-json\/wp\/v2\/product"}],"about":[{"href":"https:\/\/www.medienlb.com\/en\/wp-json\/wp\/v2\/types\/product"}],"acf:post":[{"embeddable":true,"href":"https:\/\/www.medienlb.com\/en\/wp-json\/wp\/v2\/product\/32619"},{"embeddable":true,"href":"https:\/\/www.medienlb.com\/en\/wp-json\/wp\/v2\/product\/9138"}],"wp:featuredmedia":[{"embeddable":true,"href":"https:\/\/www.medienlb.com\/en\/wp-json\/wp\/v2\/media\/11975"}],"wp:attachment":[{"href":"https:\/\/www.medienlb.com\/en\/wp-json\/wp\/v2\/media?parent=11977"}],"wp:term":[{"taxonomy":"product_brand","embeddable":true,"href":"https:\/\/www.medienlb.com\/en\/wp-json\/wp\/v2\/product_brand?post=11977"},{"taxonomy":"product_cat","embeddable":true,"href":"https:\/\/www.medienlb.com\/en\/wp-json\/wp\/v2\/product_cat?post=11977"},{"taxonomy":"product_tag","embeddable":true,"href":"https:\/\/www.medienlb.com\/en\/wp-json\/wp\/v2\/product_tag?post=11977"}],"curies":[{"name":"wp","href":"https:\/\/api.w.org\/{rel}","templated":true}]}}