{"id":11761,"date":"2023-12-20T18:05:17","date_gmt":"2023-12-20T18:05:17","guid":{"rendered":"https:\/\/medienlb.com\/produkt\/deutschlands-landschaften\/"},"modified":"2025-02-07T14:14:12","modified_gmt":"2025-02-07T14:14:12","slug":"deutschlands-landschaften","status":"publish","type":"product","link":"https:\/\/www.medienlb.com\/en\/produkt\/deutschlands-landschaften\/","title":{"rendered":"Deutschlands Landschaften"},"content":{"rendered":"<p>Deutschland ist ein Land der Landschaften. Der Film nimmt uns mit auf eine Reise von den K\u00fcsten im Norden \u00fcber die L\u00fcneburger Heide, die L\u00f6\u00dfb\u00f6rde und die Mittelgebirge in der Mitte Deutschlands bis zu den Alpen im S\u00fcden.<br \/>\nWie diese Landschaften entstanden sind, welche Pflanzen dort wachsen, welche charakteristischen Formen sie ausgepr\u00e4gt haben, das zeigt der Film in ruhigen Bildern.<br \/>\nIn Verbindung mit dem umfangreichen Zusatzmaterial (Arbeitsbl\u00e4tter, Testfragen, interaktive Aufgaben, Glossar) l\u00e4sst sich das Medium hervorragend im Unterricht verwenden.<br \/>\nTestfragen, Glossar und interaktive Aufgaben wurden mit H5P erstellt und k\u00f6nnen ohne weitere Software verwendet werden.<\/p>\n","protected":false},"excerpt":{"rendered":"<p>Deutschland ist ein Land der Landschaften. Der Film nimmt uns mit auf eine Reise von den K\u00fcsten im Norden \u00fcber die L\u00fcneburger Heide, die L\u00f6\u00dfb\u00f6rde und die Mittelgebirge in der Mitte Deutschlands bis zu den Alpen im S\u00fcden.<\/p>\n","protected":false},"featured_media":11759,"template":"","meta":{"_acf_changed":false},"product_brand":[],"product_cat":[70],"product_tag":[97,131,125],"class_list":{"0":"post-11761","1":"product","2":"type-product","3":"status-publish","4":"has-post-thumbnail","6":"product_cat-film","7":"product_tag-subject-grundschule","8":"product_tag-target-gs","9":"product_tag-target-sek-i","10":"product_shipping_class-dvd-versand","12":"first","13":"instock","14":"taxable","15":"shipping-taxable","16":"purchasable","17":"product-type-variable"},"acf":{"subtitle":"Von der K\u00fcste bis zu den Alpen","article_id":"46502155 \/ 55501780","languages":"DE","thumb_up":true,"cover_image":28440,"linked_product":"","linked_products":null,"banner":{"show":true,"text":"","color":""},"length":"27:37 min","content_movie":"Im ausf\u00fchrlichen Datenteil der DVD 108 Seiten Unterrichts- und Begleitmaterial, davon:\r\n48 Seiten Arbeitsbl\u00e4tter und Erg\u00e4nzungen mit L\u00f6sungen\r\n20 Testaufgaben\r\n10 Interaktive Aufgaben","learning_goals":"","preview_gif":11758,"trailer":{"file":"","url":"https:\/\/www.lehrmediathek.de\/trailer\/Deutschlands_Landschaften_Trailer.mp4","image":11767},"mediathek_id":654,"amount":"","demo_url":"","h5p_demo_id":"","content_interactive":"","hide_numbers":false,"flyer":"","info_columns":null},"_links":{"self":[{"href":"https:\/\/www.medienlb.com\/en\/wp-json\/wp\/v2\/product\/11761","targetHints":{"allow":["GET"]}}],"collection":[{"href":"https:\/\/www.medienlb.com\/en\/wp-json\/wp\/v2\/product"}],"about":[{"href":"https:\/\/www.medienlb.com\/en\/wp-json\/wp\/v2\/types\/product"}],"wp:featuredmedia":[{"embeddable":true,"href":"https:\/\/www.medienlb.com\/en\/wp-json\/wp\/v2\/media\/11759"}],"wp:attachment":[{"href":"https:\/\/www.medienlb.com\/en\/wp-json\/wp\/v2\/media?parent=11761"}],"wp:term":[{"taxonomy":"product_brand","embeddable":true,"href":"https:\/\/www.medienlb.com\/en\/wp-json\/wp\/v2\/product_brand?post=11761"},{"taxonomy":"product_cat","embeddable":true,"href":"https:\/\/www.medienlb.com\/en\/wp-json\/wp\/v2\/product_cat?post=11761"},{"taxonomy":"product_tag","embeddable":true,"href":"https:\/\/www.medienlb.com\/en\/wp-json\/wp\/v2\/product_tag?post=11761"}],"curies":[{"name":"wp","href":"https:\/\/api.w.org\/{rel}","templated":true}]}}