{"id":11734,"date":"2023-12-20T18:05:17","date_gmt":"2023-12-20T18:05:17","guid":{"rendered":"https:\/\/medienlb.com\/produkt\/heimische-pflanzen\/"},"modified":"2025-02-07T14:14:22","modified_gmt":"2025-02-07T14:14:22","slug":"heimische-pflanzen","status":"publish","type":"product","link":"https:\/\/www.medienlb.com\/en\/produkt\/heimische-pflanzen\/","title":{"rendered":"Heimische Pflanzen"},"content":{"rendered":"<p>Den Aufbau einer Pflanze von der Wurzel bis zur Bl\u00fcte, das zeigt dieser Film. Wie sich Pflanzen vermehren, welche Rolle Insekten, andere Tiere oder der Wind spielen, das wird ausf\u00fchrlich erl\u00e4utert.<br \/>\nWie vielf\u00e4ltig die Pflanzenwelt in Deutschland ist, das wird in ruhigen Aufnahmen von der K\u00fcste bis zu den Alpen dargestellt.<br \/>\nIn Verbindung mit dem umfangreichen Zusatzmaterial (klassische Arbeitsbl\u00e4tter, interaktive Aufgaben, Glossar, Testfragen) l\u00e4sst sich das Medium hervorragend im Unterricht verwenden.<br \/>\nDie interaktiven Aufgaben wurden mit H5P erstellt und lassen sich ohne weitere Software verwenden.<\/p>\n<p>&nbsp;<\/p>\n","protected":false},"excerpt":{"rendered":"<p>Den Aufbau einer Pflanze von der Wurzel bis zur Bl\u00fcte, das zeigt dieser Film. Wie sich Pflanzen vermehren, welche Rolle Insekten, andere Tiere oder der Wind spielen, das wird ausf\u00fchrlich erl\u00e4utert.<\/p>\n","protected":false},"featured_media":11732,"template":"","meta":{"_acf_changed":false},"product_brand":[],"product_cat":[70],"product_tag":[97,129],"class_list":{"0":"post-11734","1":"product","2":"type-product","3":"status-publish","4":"has-post-thumbnail","6":"product_cat-film","7":"product_tag-subject-grundschule","8":"product_tag-target-gru","9":"product_shipping_class-dvd-versand","11":"first","12":"instock","13":"taxable","14":"shipping-taxable","15":"purchasable","16":"product-type-variable"},"acf":{"subtitle":"Arten und Vorkommen","article_id":"46502154 \/ 55501779","languages":"DE","thumb_up":true,"cover_image":28444,"linked_product":{"1":26680},"linked_products":null,"banner":{"show":true,"text":"","color":""},"length":"26:05 min","content_movie":"58 Seiten Arbeitsbl\u00e4tter und Erg\u00e4nzungen mit L\u00f6sungen\r\n20 Testaufgaben\r\n10 Interaktive Aufgaben","learning_goals":"","preview_gif":11731,"trailer":{"file":"","url":"https:\/\/www.lehrmediathek.de\/trailer\/Heimische_Pflanzen_Trailer.mp4","image":11740},"mediathek_id":656,"amount":"","demo_url":"","h5p_demo_id":"","content_interactive":"","hide_numbers":false,"flyer":"","info_columns":null},"_links":{"self":[{"href":"https:\/\/www.medienlb.com\/en\/wp-json\/wp\/v2\/product\/11734","targetHints":{"allow":["GET"]}}],"collection":[{"href":"https:\/\/www.medienlb.com\/en\/wp-json\/wp\/v2\/product"}],"about":[{"href":"https:\/\/www.medienlb.com\/en\/wp-json\/wp\/v2\/types\/product"}],"acf:post":[{"embeddable":true,"href":"https:\/\/www.medienlb.com\/en\/wp-json\/wp\/v2\/product\/26680"}],"wp:featuredmedia":[{"embeddable":true,"href":"https:\/\/www.medienlb.com\/en\/wp-json\/wp\/v2\/media\/11732"}],"wp:attachment":[{"href":"https:\/\/www.medienlb.com\/en\/wp-json\/wp\/v2\/media?parent=11734"}],"wp:term":[{"taxonomy":"product_brand","embeddable":true,"href":"https:\/\/www.medienlb.com\/en\/wp-json\/wp\/v2\/product_brand?post=11734"},{"taxonomy":"product_cat","embeddable":true,"href":"https:\/\/www.medienlb.com\/en\/wp-json\/wp\/v2\/product_cat?post=11734"},{"taxonomy":"product_tag","embeddable":true,"href":"https:\/\/www.medienlb.com\/en\/wp-json\/wp\/v2\/product_tag?post=11734"}],"curies":[{"name":"wp","href":"https:\/\/api.w.org\/{rel}","templated":true}]}}