{"id":11723,"date":"2023-12-20T18:05:17","date_gmt":"2023-12-20T18:05:17","guid":{"rendered":"https:\/\/medienlb.com\/produkt\/der-froschkoenig\/"},"modified":"2025-02-07T14:14:28","modified_gmt":"2025-02-07T14:14:28","slug":"der-froschkoenig","status":"publish","type":"product","link":"https:\/\/www.medienlb.com\/en\/produkt\/der-froschkoenig\/","title":{"rendered":"Der Froschk\u00f6nig"},"content":{"rendered":"<p>Das M\u00e4rchen vom Froschk\u00f6nig ist eines der bekanntesten deutschen M\u00e4rchen.<br \/>\nDer Film zeigt in liebevoller Darstellung vor pr\u00e4chtiger Kulisse das M\u00e4rchen von der Prinzessin, die ihr Lieblingsspielzeug in einem Brunnen verlor und von einem Frosch aus ihrer Not gerettet wurde.<br \/>\nSzenische Darstellung und Tricktechnik machen das M\u00e4rchen lebendig und bringen es so den Sch\u00fclerinnen und Sch\u00fclern nahe.<br \/>\nIn Verbindung mit dem umfangreichen Zusatzmaterial l\u00e4sst sich das Medium hervorragend im Unterricht verwenden.<br \/>\nDie interaktiven Aufgaben, die Testfragen und das Glossar wurden mit H5P erstellt und k\u00f6nnen ohne weitere Software verwendet werden.<\/p>\n","protected":false},"excerpt":{"rendered":"<p>Das M\u00e4rchen vom Froschk\u00f6nig ist eines der bekanntesten deutschen M\u00e4rchen.<\/p>\n","protected":false},"featured_media":11721,"template":"","meta":{"_acf_changed":false},"product_brand":[],"product_cat":[70],"product_tag":[97,131],"class_list":{"0":"post-11723","1":"product","2":"type-product","3":"status-publish","4":"has-post-thumbnail","6":"product_cat-film","7":"product_tag-subject-grundschule","8":"product_tag-target-gs","9":"product_shipping_class-dvd-versand","11":"first","12":"instock","13":"taxable","14":"shipping-taxable","15":"purchasable","16":"product-type-variable"},"acf":{"subtitle":"Der Eiserne Heinrich","article_id":"46502151 \/ 55501776","languages":"DE","thumb_up":false,"cover_image":28446,"linked_product":"","linked_products":null,"banner":{"show":true,"text":"","color":""},"length":"14:41 min","content_movie":"Im ausf\u00fchrlichen Datenteil der DVD 89 Seiten Unterrichts- und Begleitmaterial, davon:\r\n36 Seiten Arbeitsbl\u00e4tter und Erg\u00e4nzungen mit L\u00f6sungen\r\n15 Testaufgaben\r\n9 Interaktive Aufgaben","learning_goals":"","preview_gif":11720,"trailer":{"file":"","url":"https:\/\/www.lehrmediathek.de\/trailer\/Der_Froschkoenig_Trailer.mp4","image":11729},"mediathek_id":659,"amount":"","demo_url":"","h5p_demo_id":"","content_interactive":"","hide_numbers":false,"flyer":"","info_columns":null},"_links":{"self":[{"href":"https:\/\/www.medienlb.com\/en\/wp-json\/wp\/v2\/product\/11723","targetHints":{"allow":["GET"]}}],"collection":[{"href":"https:\/\/www.medienlb.com\/en\/wp-json\/wp\/v2\/product"}],"about":[{"href":"https:\/\/www.medienlb.com\/en\/wp-json\/wp\/v2\/types\/product"}],"wp:featuredmedia":[{"embeddable":true,"href":"https:\/\/www.medienlb.com\/en\/wp-json\/wp\/v2\/media\/11721"}],"wp:attachment":[{"href":"https:\/\/www.medienlb.com\/en\/wp-json\/wp\/v2\/media?parent=11723"}],"wp:term":[{"taxonomy":"product_brand","embeddable":true,"href":"https:\/\/www.medienlb.com\/en\/wp-json\/wp\/v2\/product_brand?post=11723"},{"taxonomy":"product_cat","embeddable":true,"href":"https:\/\/www.medienlb.com\/en\/wp-json\/wp\/v2\/product_cat?post=11723"},{"taxonomy":"product_tag","embeddable":true,"href":"https:\/\/www.medienlb.com\/en\/wp-json\/wp\/v2\/product_tag?post=11723"}],"curies":[{"name":"wp","href":"https:\/\/api.w.org\/{rel}","templated":true}]}}