{"id":11712,"date":"2023-12-20T18:05:17","date_gmt":"2023-12-20T18:05:17","guid":{"rendered":"https:\/\/medienlb.com\/produkt\/heimische-baeume\/"},"modified":"2025-02-07T14:14:32","modified_gmt":"2025-02-07T14:14:32","slug":"heimische-baeume","status":"publish","type":"product","link":"https:\/\/www.medienlb.com\/en\/produkt\/heimische-baeume\/","title":{"rendered":"Heimische B\u00e4ume"},"content":{"rendered":"<p>Birke, Eiche, Fichte, Tanne sind die h\u00e4ufigsten B\u00e4ume bei uns. Der Film zeigt den Aufbau der B\u00e4ume von der Krone \u00fcber den Stamm bis zu den Wurzeln.<br \/>\nWorin sich Laub- von Nadelb\u00e4umen unterscheiden und warum die Laubb\u00e4ume im Winter das Laub abwerfen, wird nachvollziehbar erkl\u00e4rt.<br \/>\nWie B\u00e4ume ihre Nahrung gewinnen, wie sie sich vermehren, was es mit tiefen und flachen Wurzeln auf sich hat, diese Fragen werden im Film beantwortet.<br \/>\nIn Verbindung mit dem umfangreichen Zusatzmaterial (Arbeitsbl\u00e4tter, interaktive Aufgaben, Glossar, Testfragen) l\u00e4sst sich das vorliegende Medium hervorragend im Unterricht verwenden.<br \/>\nDie interaktiven Aufgaben wurden mit H5P erstellt und k\u00f6nnen ohne weitere Software verwendet werden.<\/p>\n","protected":false},"excerpt":{"rendered":"<p>Birke, Eiche, Fichte, Tanne sind die h\u00e4ufigsten B\u00e4ume bei uns. Der Film zeigt den Aufbau der B\u00e4ume von der Krone \u00fcber den Stamm bis zu den Wurzeln.<\/p>\n","protected":false},"featured_media":11710,"template":"","meta":{"_acf_changed":false},"product_brand":[],"product_cat":[70],"product_tag":[97,129],"class_list":{"0":"post-11712","1":"product","2":"type-product","3":"status-publish","4":"has-post-thumbnail","6":"product_cat-film","7":"product_tag-subject-grundschule","8":"product_tag-target-gru","9":"product_shipping_class-dvd-versand","11":"first","12":"instock","13":"taxable","14":"shipping-taxable","15":"purchasable","16":"product-type-variable"},"acf":{"subtitle":"Birke, Eiche, Fichte, Tanne usw.","article_id":"46502153 \/ 55501778","languages":"DE","thumb_up":true,"cover_image":28448,"linked_product":[33664],"linked_products":null,"banner":{"show":true,"text":"","color":""},"length":"31:11 min","content_movie":"Im ausf\u00fchrlichen Datenteil der DVD 98 Seiten Unterrichts- und Begleitmaterial, davon:\r\n37\u00a0 Seiten Arbeitsbl\u00e4tter und Erg\u00e4nzungen mit L\u00f6sungen\r\n20 Testaufgaben\r\n12 Interaktive Aufgaben","learning_goals":"","preview_gif":11709,"trailer":{"file":"","url":"https:\/\/www.lehrmediathek.de\/trailer\/Heimische_Baeume_Trailer.mp4","image":11718},"mediathek_id":661,"amount":"","demo_url":"","h5p_demo_id":"","content_interactive":"","hide_numbers":false,"flyer":"","info_columns":null},"_links":{"self":[{"href":"https:\/\/www.medienlb.com\/en\/wp-json\/wp\/v2\/product\/11712","targetHints":{"allow":["GET"]}}],"collection":[{"href":"https:\/\/www.medienlb.com\/en\/wp-json\/wp\/v2\/product"}],"about":[{"href":"https:\/\/www.medienlb.com\/en\/wp-json\/wp\/v2\/types\/product"}],"acf:post":[{"embeddable":true,"href":"https:\/\/www.medienlb.com\/en\/wp-json\/wp\/v2\/product\/33664"}],"wp:featuredmedia":[{"embeddable":true,"href":"https:\/\/www.medienlb.com\/en\/wp-json\/wp\/v2\/media\/11710"}],"wp:attachment":[{"href":"https:\/\/www.medienlb.com\/en\/wp-json\/wp\/v2\/media?parent=11712"}],"wp:term":[{"taxonomy":"product_brand","embeddable":true,"href":"https:\/\/www.medienlb.com\/en\/wp-json\/wp\/v2\/product_brand?post=11712"},{"taxonomy":"product_cat","embeddable":true,"href":"https:\/\/www.medienlb.com\/en\/wp-json\/wp\/v2\/product_cat?post=11712"},{"taxonomy":"product_tag","embeddable":true,"href":"https:\/\/www.medienlb.com\/en\/wp-json\/wp\/v2\/product_tag?post=11712"}],"curies":[{"name":"wp","href":"https:\/\/api.w.org\/{rel}","templated":true}]}}