{"id":11668,"date":"2023-12-20T18:05:17","date_gmt":"2023-12-20T18:05:17","guid":{"rendered":"https:\/\/medienlb.com\/produkt\/greifvoegel\/"},"modified":"2025-02-07T14:14:52","modified_gmt":"2025-02-07T14:14:52","slug":"greifvoegel","status":"publish","type":"product","link":"https:\/\/www.medienlb.com\/en\/produkt\/greifvoegel\/","title":{"rendered":"Greifv\u00f6gel"},"content":{"rendered":"<p>Greifv\u00f6gel sind \u00fcberwiegend fleischfressende V\u00f6gel, die ihre Beutetiere aus der Luft jagen und per Biss oder per Griff mit den Krallen t\u00f6ten.<br \/>\nDer Film stellt in beeindruckenden Aufnahmen unter anderem aus der Greifvogelzuchtstation Hagenbachklamm die meisterhaften J\u00e4ger der L\u00fcfte vor.<br \/>\nAusf\u00fchrlich werden die Habichtartigen, der Fischadler, der Sekret\u00e4r, die Neuweltgeier und die Falken in Verhalten und Aussehen vorgestellt.<br \/>\nDas au\u00dfergew\u00f6hnlich umfangreiche Begleitmaterial (273 Seiten Arbeitsbl\u00e4tter, Testfragen, Glossar, interaktive Aufgaben) erlaubt, mit diesem Medium ganze Unterrichtseinheiten im Grundschulunterricht f\u00e4cher\u00fcbergreifend und mit differenzierendem Unterricht zu gestalten.<br \/>\nInteraktive Aufgaben und Testfragen wurden mit H5P erstellt und k\u00f6nnen ohne weitere Software verwendet werden.<\/p>\n","protected":false},"excerpt":{"rendered":"<p>Greifv\u00f6gel sind \u00fcberwiegend fleischfressende V\u00f6gel, die ihre Beutetiere aus der Luft jagen und per Biss oder per Griff mit den Krallen t\u00f6ten.<\/p>\n","protected":false},"featured_media":11666,"template":"","meta":{"_acf_changed":false},"product_brand":[],"product_cat":[70],"product_tag":[97,129],"class_list":{"0":"post-11668","1":"product","2":"type-product","3":"status-publish","4":"has-post-thumbnail","6":"product_cat-film","7":"product_tag-subject-grundschule","8":"product_tag-target-gru","9":"product_shipping_class-dvd-versand","11":"first","12":"instock","13":"taxable","14":"shipping-taxable","15":"purchasable","16":"product-type-variable"},"acf":{"subtitle":"Vorkommen, Arten, Lebensraum","article_id":"46503506 \/ 55502980","languages":"DE","thumb_up":false,"cover_image":28456,"linked_product":"","linked_products":null,"banner":{"show":true,"text":"","color":""},"length":"21:30 min","content_movie":"Im ausf\u00fchrlichen Datenteil der DVD 343\u00a0Seiten Unterrichts- und Begleitmaterial, davon:\r\n273 Seiten Arbeitsbl\u00e4tter und Erg\u00e4nzungen mit L\u00f6sungen\r\n20 Testaufgaben\r\n10 Interaktive Aufgaben","learning_goals":"","preview_gif":11665,"trailer":{"file":"","url":"https:\/\/www.lehrmediathek.de\/trailer\/Greifvoegel_Trailer.mp4","image":11674},"mediathek_id":700,"amount":"","demo_url":"","h5p_demo_id":"","content_interactive":"","hide_numbers":false,"flyer":"","info_columns":null},"_links":{"self":[{"href":"https:\/\/www.medienlb.com\/en\/wp-json\/wp\/v2\/product\/11668","targetHints":{"allow":["GET"]}}],"collection":[{"href":"https:\/\/www.medienlb.com\/en\/wp-json\/wp\/v2\/product"}],"about":[{"href":"https:\/\/www.medienlb.com\/en\/wp-json\/wp\/v2\/types\/product"}],"wp:featuredmedia":[{"embeddable":true,"href":"https:\/\/www.medienlb.com\/en\/wp-json\/wp\/v2\/media\/11666"}],"wp:attachment":[{"href":"https:\/\/www.medienlb.com\/en\/wp-json\/wp\/v2\/media?parent=11668"}],"wp:term":[{"taxonomy":"product_brand","embeddable":true,"href":"https:\/\/www.medienlb.com\/en\/wp-json\/wp\/v2\/product_brand?post=11668"},{"taxonomy":"product_cat","embeddable":true,"href":"https:\/\/www.medienlb.com\/en\/wp-json\/wp\/v2\/product_cat?post=11668"},{"taxonomy":"product_tag","embeddable":true,"href":"https:\/\/www.medienlb.com\/en\/wp-json\/wp\/v2\/product_tag?post=11668"}],"curies":[{"name":"wp","href":"https:\/\/api.w.org\/{rel}","templated":true}]}}