{"id":11657,"date":"2023-12-20T18:05:17","date_gmt":"2023-12-20T18:05:17","guid":{"rendered":"https:\/\/medienlb.com\/produkt\/dornroeschen\/"},"modified":"2025-02-07T14:14:57","modified_gmt":"2025-02-07T14:14:57","slug":"dornroeschen","status":"publish","type":"product","link":"https:\/\/www.medienlb.com\/en\/produkt\/dornroeschen\/","title":{"rendered":"Dornr\u00f6schen"},"content":{"rendered":"<p>Die Geschichte von Dornr\u00f6schen ist eines der bekanntesten M\u00e4rchen. Es geh\u00f6rt zu den \u201eKinder- und Hausm\u00e4rchen\u201c der Br\u00fcder Grimm. Der Film zeigt in liebevoller Darstellung vor pr\u00e4chtiger Kulisse das M\u00e4rchen vom K\u00f6nigspaar, welches endlich ein Kind bekommt. Durch einen Fluch wird das M\u00e4dchen 100 Jahre Schlafen, nachdem sie sich im f\u00fcnfzehnten Lebensjahr an einer Spindel sticht. Durch den Kuss eines Prinzen wacht sie nach dieser Zeit wieder auf und die beiden feiern Hochzeit.<br \/>\nSzenische Darstellungen machen das M\u00e4rchen lebendig und bringen es so den Sch\u00fclerinnen und Sch\u00fclern nahe.<br \/>\nIn Verbindung mit dem umfangreichen Zusatzmaterial l\u00e4sst sich das Medium hervorragend im Unterricht verwenden.<br \/>\nDie interaktiven Aufgaben, die Testfragen und das Glossar wurden mit H5P erstellt und k\u00f6nnen ohne weitere Software verwendet werden.<\/p>\n<p>&nbsp;<\/p>\n","protected":false},"excerpt":{"rendered":"<p>Die Geschichte von Dornr\u00f6schen ist eines der bekanntesten M\u00e4rchen. Es geh\u00f6rt zu den \u201eKinder- und Hausm\u00e4rchen\u201c der Br\u00fcder Grimm. Der Film zeigt in liebevoller Darstellung vor pr\u00e4chtiger Kulisse das M\u00e4rchen vom K\u00f6nigspaar, welches endlich ein Kind bekommt. Durch einen Fluch wird das M\u00e4dchen 100 Jahre Schlafen, nachdem sie sich im f\u00fcnfzehnten Lebensjahr an einer Spindel sticht. Durch den Kuss eines Prinzen wacht sie nach dieser Zeit wieder auf und die beiden feiern Hochzeit.<\/p>\n","protected":false},"featured_media":11655,"template":"","meta":{"_acf_changed":false},"product_brand":[],"product_cat":[70],"product_tag":[97,131],"class_list":{"0":"post-11657","1":"product","2":"type-product","3":"status-publish","4":"has-post-thumbnail","6":"product_cat-film","7":"product_tag-subject-grundschule","8":"product_tag-target-gs","9":"product_shipping_class-dvd-versand","11":"first","12":"instock","13":"taxable","14":"shipping-taxable","15":"purchasable","16":"product-type-variable"},"acf":{"subtitle":"Ein M\u00e4rchen der Gebr\u00fcder Grimm","article_id":"46503505 \/ 55502979","languages":"DE","thumb_up":false,"cover_image":28458,"linked_product":"","linked_products":null,"banner":{"show":true,"text":"","color":""},"length":"13:01 min","content_movie":"Im ausf\u00fchrlichen Datenteil der DVD 73 Seiten Unterrichts- und Begleitmaterial, davon:\r\n20 Seiten Arbeitsbl\u00e4tter und Erg\u00e4nzungen mit L\u00f6sungen\r\n14 Testaufgaben\r\n10 Interaktive Aufgaben","learning_goals":"","preview_gif":11654,"trailer":{"file":"","url":"https:\/\/www.lehrmediathek.de\/trailer\/Trailer_Dornroeschen.mp4","image":11663},"mediathek_id":705,"amount":"","demo_url":"","h5p_demo_id":"","content_interactive":"","hide_numbers":false,"flyer":"","info_columns":null},"_links":{"self":[{"href":"https:\/\/www.medienlb.com\/en\/wp-json\/wp\/v2\/product\/11657","targetHints":{"allow":["GET"]}}],"collection":[{"href":"https:\/\/www.medienlb.com\/en\/wp-json\/wp\/v2\/product"}],"about":[{"href":"https:\/\/www.medienlb.com\/en\/wp-json\/wp\/v2\/types\/product"}],"wp:featuredmedia":[{"embeddable":true,"href":"https:\/\/www.medienlb.com\/en\/wp-json\/wp\/v2\/media\/11655"}],"wp:attachment":[{"href":"https:\/\/www.medienlb.com\/en\/wp-json\/wp\/v2\/media?parent=11657"}],"wp:term":[{"taxonomy":"product_brand","embeddable":true,"href":"https:\/\/www.medienlb.com\/en\/wp-json\/wp\/v2\/product_brand?post=11657"},{"taxonomy":"product_cat","embeddable":true,"href":"https:\/\/www.medienlb.com\/en\/wp-json\/wp\/v2\/product_cat?post=11657"},{"taxonomy":"product_tag","embeddable":true,"href":"https:\/\/www.medienlb.com\/en\/wp-json\/wp\/v2\/product_tag?post=11657"}],"curies":[{"name":"wp","href":"https:\/\/api.w.org\/{rel}","templated":true}]}}