{"id":11646,"date":"2023-12-20T18:05:17","date_gmt":"2023-12-20T18:05:17","guid":{"rendered":"https:\/\/medienlb.com\/produkt\/aquarium\/"},"modified":"2025-02-07T14:15:02","modified_gmt":"2025-02-07T14:15:02","slug":"aquarium","status":"publish","type":"product","link":"https:\/\/www.medienlb.com\/en\/produkt\/aquarium\/","title":{"rendered":"Aquarium"},"content":{"rendered":"<p>Ein Aquarium ist das Modell einer Unterwasserlandschaft \u2013 es gibt sie mit Meer- und mit S\u00fc\u00dfwasser gef\u00fcllt.<br \/>\nDer Film stellt f\u00fcr Grundsch\u00fcler:innen den Aufbau, die Einrichtung und den ersten Besatz eines Aquariums vor und gibt wertvolle Hinweise, \u00fcber die Wahl des richtigen Standortes und der richtigen Unterlage.<br \/>\nWas bei der Pflege des Aquariums zu beachten ist, welche Fische sich gut f\u00fcr ein Aquarium eignen, das stellt der Film in weiteren Kapiteln vor.<br \/>\nIn Verbindung mit dem umfangreichen Zusatzmaterial (Arbeitsbl\u00e4tter, interaktive Aufgaben, Testfragen, Glossar) l\u00e4sst sich das Medium ehrvorragend im Unterricht verwenden.<\/p>\n<p>&nbsp;<\/p>\n","protected":false},"excerpt":{"rendered":"<p>Ein Aquarium ist das Modell einer Unterwasserlandschaft \u2013 es gibt sie mit Meer- und mit S\u00fc\u00dfwasser gef\u00fcllt.<\/p>\n","protected":false},"featured_media":11644,"template":"","meta":{"_acf_changed":false},"product_brand":[],"product_cat":[70],"product_tag":[97,129],"class_list":{"0":"post-11646","1":"product","2":"type-product","3":"status-publish","4":"has-post-thumbnail","6":"product_cat-film","7":"product_tag-subject-grundschule","8":"product_tag-target-gru","9":"product_shipping_class-dvd-versand","11":"first","12":"instock","13":"taxable","14":"shipping-taxable","15":"purchasable","16":"product-type-variable"},"acf":{"subtitle":"Artgerechte Haltung, Pflege, Zubeh\u00f6r","article_id":"46503475 \/ 55502967","languages":"DE","thumb_up":true,"cover_image":28460,"linked_product":"","linked_products":null,"banner":{"show":true,"text":"","color":""},"length":"17:56 min","content_movie":"Im ausf\u00fchrlichen Datenteil der DVD 71 Seiten Unterrichts- und Begleitmaterial, davon:\r\n14 Seiten Arbeitsbl\u00e4tter und Erg\u00e4nzungen mit L\u00f6sungen\r\n20 Testaufgaben\r\n10 Interaktive Aufgaben","learning_goals":"","preview_gif":11643,"trailer":{"file":"","url":"https:\/\/www.lehrmediathek.de\/trailer\/Aquarium_Trailer.mp4","image":11652},"mediathek_id":710,"amount":"","demo_url":"","h5p_demo_id":"","content_interactive":"","hide_numbers":false,"flyer":"","info_columns":null},"_links":{"self":[{"href":"https:\/\/www.medienlb.com\/en\/wp-json\/wp\/v2\/product\/11646","targetHints":{"allow":["GET"]}}],"collection":[{"href":"https:\/\/www.medienlb.com\/en\/wp-json\/wp\/v2\/product"}],"about":[{"href":"https:\/\/www.medienlb.com\/en\/wp-json\/wp\/v2\/types\/product"}],"wp:featuredmedia":[{"embeddable":true,"href":"https:\/\/www.medienlb.com\/en\/wp-json\/wp\/v2\/media\/11644"}],"wp:attachment":[{"href":"https:\/\/www.medienlb.com\/en\/wp-json\/wp\/v2\/media?parent=11646"}],"wp:term":[{"taxonomy":"product_brand","embeddable":true,"href":"https:\/\/www.medienlb.com\/en\/wp-json\/wp\/v2\/product_brand?post=11646"},{"taxonomy":"product_cat","embeddable":true,"href":"https:\/\/www.medienlb.com\/en\/wp-json\/wp\/v2\/product_cat?post=11646"},{"taxonomy":"product_tag","embeddable":true,"href":"https:\/\/www.medienlb.com\/en\/wp-json\/wp\/v2\/product_tag?post=11646"}],"curies":[{"name":"wp","href":"https:\/\/api.w.org\/{rel}","templated":true}]}}